{"id":101408,"date":"2026-04-04T12:04:30","date_gmt":"2026-04-04T12:04:30","guid":{"rendered":"https:\/\/brandss.com.py\/index\/?post_type=product&#038;p=101408"},"modified":"2026-04-04T12:04:54","modified_gmt":"2026-04-04T12:04:54","slug":"shampoo-capilar-kerasys-oriental-premium-500ml-refil","status":"publish","type":"product","link":"https:\/\/brandss.com.py\/index\/producto\/shampoo-capilar-kerasys-oriental-premium-500ml-refil\/","title":{"rendered":"SHAMPOO CAPILAR KERASYS ORIENTAL PREMIUM 500ML REFIL"},"content":{"rendered":"<p><img loading=\"lazy\" decoding=\"async\" class=\"\" src=\"https:\/\/acdn-us.mitiendanube.com\/stores\/006\/567\/235\/themes\/common\/logo-2027072255-1755034523-ec9fa1f2ce585f2d0ef3c935b64032841755034523.png?0\" alt=\"Tienda Online de KERASYS\" width=\"136\" height=\"46\" \/><\/p>\n<h1>ORIENTAL PREMIUM<\/h1>\n<p>La l\u00ednea Kerasys Oriental Premium es adecuada para todo tipo de cabello. Formulada con ingredientes especiales como extractos de prote\u00edna de trigo hidrolizada, que ayudan a fortalecer y facilitar el peinado, revitalizando el tejido capilar da\u00f1ado; aceite de camelia, que ayuda con una hidrataci\u00f3n profunda, restaurando la vitalidad del cabello; queratina, que aporta brillo y luminosidad al cabello; y esencia oriental, que hidrata profundamente el cabello. Es una l\u00ednea que combate la porosidad y ayuda a restaurar el brillo, la suavidad y la fuerza del cabello.<\/p>\n<h3>Modo de uso<\/h3>\n<p>Aplique el champ\u00fa sobre el cabello mojado.<\/p>\n<p>Masajee suavemente con las yemas de los dedos hasta crear espuma. Luego enjuague.<\/p>\n<p>Repita el proceso.<\/p>\n<h3>Resultado<\/h3>\n<p>&#8211; El aceite de camelia ayuda con una hidrataci\u00f3n profunda, restaurando la vitalidad del cabello.<\/p>\n<p>&#8211; Componentes como la queratina aportan brillo y luminosidad al cabello, y la esencia oriental hidrata profundamente.<\/p>\n<p>Apto para todo tipo de cabello.<\/p>\n","protected":false},"excerpt":{"rendered":"<p>ORIENTAL PREMIUM La l\u00ednea Kerasys Oriental Premium es adecuada para todo tipo de cabello. Formulada con ingredientes especiales como extractos<\/p>\n","protected":false},"featured_media":101409,"comment_status":"open","ping_status":"closed","template":"","meta":{"nf_dc_page":""},"product_brand":[204],"product_cat":[85],"product_tag":[3367],"class_list":{"0":"post-101408","1":"product","2":"type-product","3":"status-publish","4":"has-post-thumbnail","6":"product_brand-kerasys","7":"product_cat-cosmeticos","8":"product_tag-3367","10":"first","11":"instock","12":"shipping-taxable","13":"purchasable","14":"product-type-simple"},"_links":{"self":[{"href":"https:\/\/brandss.com.py\/index\/wp-json\/wp\/v2\/product\/101408","targetHints":{"allow":["GET"]}}],"collection":[{"href":"https:\/\/brandss.com.py\/index\/wp-json\/wp\/v2\/product"}],"about":[{"href":"https:\/\/brandss.com.py\/index\/wp-json\/wp\/v2\/types\/product"}],"replies":[{"embeddable":true,"href":"https:\/\/brandss.com.py\/index\/wp-json\/wp\/v2\/comments?post=101408"}],"version-history":[{"count":1,"href":"https:\/\/brandss.com.py\/index\/wp-json\/wp\/v2\/product\/101408\/revisions"}],"predecessor-version":[{"id":101413,"href":"https:\/\/brandss.com.py\/index\/wp-json\/wp\/v2\/product\/101408\/revisions\/101413"}],"wp:featuredmedia":[{"embeddable":true,"href":"https:\/\/brandss.com.py\/index\/wp-json\/wp\/v2\/media\/101409"}],"wp:attachment":[{"href":"https:\/\/brandss.com.py\/index\/wp-json\/wp\/v2\/media?parent=101408"}],"wp:term":[{"taxonomy":"product_brand","embeddable":true,"href":"https:\/\/brandss.com.py\/index\/wp-json\/wp\/v2\/product_brand?post=101408"},{"taxonomy":"product_cat","embeddable":true,"href":"https:\/\/brandss.com.py\/index\/wp-json\/wp\/v2\/product_cat?post=101408"},{"taxonomy":"product_tag","embeddable":true,"href":"https:\/\/brandss.com.py\/index\/wp-json\/wp\/v2\/product_tag?post=101408"}],"curies":[{"name":"wp","href":"https:\/\/api.w.org\/{rel}","templated":true}]}}