{"id":101446,"date":"2026-04-06T12:59:35","date_gmt":"2026-04-06T12:59:35","guid":{"rendered":"https:\/\/brandss.com.py\/index\/?post_type=product&#038;p=101446"},"modified":"2026-04-06T13:00:18","modified_gmt":"2026-04-06T13:00:18","slug":"shampoo-capilar-kerasys-propolis-energy-1000ml","status":"publish","type":"product","link":"https:\/\/brandss.com.py\/index\/producto\/shampoo-capilar-kerasys-propolis-energy-1000ml\/","title":{"rendered":"SHAMPOO CAPILAR KERASYS PROPOLIS ENERGY 1000ML"},"content":{"rendered":"<p><img loading=\"lazy\" decoding=\"async\" class=\"\" src=\"https:\/\/acdn-us.mitiendanube.com\/stores\/006\/567\/235\/themes\/common\/logo-2027072255-1755034523-ec9fa1f2ce585f2d0ef3c935b64032841755034523.png?0\" alt=\"Tienda Online de KERASYS\" width=\"86\" height=\"29\" \/><\/p>\n<h1>PROPOLIS ENERGY<\/h1>\n<p><em><strong>\u00a1REVITALIZA TU CABELLO! <\/strong><\/em><\/p>\n<p>El champ\u00fa Kerasys Propolis Energy+ es la opci\u00f3n perfecta para el cuidado de todo tipo de cabello. Su f\u00f3rmula de alto rendimiento ayuda a combatir las bacterias y los hongos que pueden da\u00f1ar la salud del cuero cabelludo, proporcionando una limpieza completa sin da\u00f1ar el cabello. Con el poder del prop\u00f3leo, una sustancia natural que las abejas utilizan para mantener la calidad de la miel frente a agentes externos, este champ\u00fa elimina las impurezas, promueve la hidrataci\u00f3n y el brillo, adem\u00e1s de combatir la porosidad del cabello. Enriquecido con extracto de prop\u00f3leo, miel, \u00e1rnica montana, ra\u00edz de genciana y artemisia absinthium, este champ\u00fa ofrece una nutrici\u00f3n intensiva, dejando el cabello m\u00e1s suave, sano y radiante.<\/p>\n<h3>Ingredientes claves<\/h3>\n<ul>\n<li><span dir=\"auto\"><strong>Extracto de prop\u00f3leo:<\/strong> Rico en vitaminas y\u00a0<\/span><span dir=\"auto\">minerales<\/span><span dir=\"auto\">.<\/span><\/li>\n<li><span dir=\"auto\"><strong>Extracto de miel:<\/strong> Rico en vitaminas y antioxidantes.<\/span><\/li>\n<li><span dir=\"auto\"><strong>Extracto de \u00e1rnica montana:<\/strong> El extracto de la flor de \u00e1rnica montana tiene un efecto acondicionador.<\/span><\/li>\n<li><strong>Extracto de ra\u00edz de lutea:<\/strong> El extracto de la ra\u00edz de genciana es un <span dir=\"auto\">antioxidante<\/span><span dir=\"auto\"> y asegura un cuero cabelludo m\u00e1s sano.<\/span><\/li>\n<li><strong>Extracto de artemisia absinthium:<\/strong> Un ingrediente medicinal que ayuda a mantener la salud del cuero cabelludo.<\/li>\n<\/ul>\n<h2><span dir=\"auto\">Beneficios\u00a0<\/span><\/h2>\n<ul>\n<li><span dir=\"auto\">Limpieza profunda sin da\u00f1ar el cabello.<\/span><\/li>\n<li><span dir=\"auto\">Hidrataci\u00f3n y brillo intenso.<\/span><\/li>\n<li><span dir=\"auto\">Reduce el encrespamiento y la porosidad.<\/span><\/li>\n<li><span dir=\"auto\">Protecci\u00f3n contra la contaminaci\u00f3n y los agentes externos.<\/span><\/li>\n<li><span dir=\"auto\">Fortalecimiento de la fibra capilar<\/span><\/li>\n<\/ul>\n<h2><span dir=\"auto\">Modo de uso<\/span><\/h2>\n<p><span dir=\"auto\">Aplicar sobre el cabello mojado, masajeando suavemente el cuero cabelludo hasta que se forme espuma. Extender por todo el cabello, desde la ra\u00edz hasta las puntas, y enjuagar bien. Repetir si se desea.<\/span><\/p>\n<p>\u00a1Consiente tu cabello con Kerasys y siente la diferencia con cada lavado!<\/p>\n","protected":false},"excerpt":{"rendered":"<p>PROPOLIS ENERGY \u00a1REVITALIZA TU CABELLO! El champ\u00fa Kerasys Propolis Energy+ es la opci\u00f3n perfecta para el cuidado de todo tipo<\/p>\n","protected":false},"featured_media":101447,"comment_status":"open","ping_status":"closed","template":"","meta":{"nf_dc_page":""},"product_brand":[204],"product_cat":[85],"product_tag":[3374],"class_list":{"0":"post-101446","1":"product","2":"type-product","3":"status-publish","4":"has-post-thumbnail","6":"product_brand-kerasys","7":"product_cat-cosmeticos","8":"product_tag-3374","10":"first","11":"instock","12":"shipping-taxable","13":"purchasable","14":"product-type-simple"},"_links":{"self":[{"href":"https:\/\/brandss.com.py\/index\/wp-json\/wp\/v2\/product\/101446","targetHints":{"allow":["GET"]}}],"collection":[{"href":"https:\/\/brandss.com.py\/index\/wp-json\/wp\/v2\/product"}],"about":[{"href":"https:\/\/brandss.com.py\/index\/wp-json\/wp\/v2\/types\/product"}],"replies":[{"embeddable":true,"href":"https:\/\/brandss.com.py\/index\/wp-json\/wp\/v2\/comments?post=101446"}],"version-history":[{"count":1,"href":"https:\/\/brandss.com.py\/index\/wp-json\/wp\/v2\/product\/101446\/revisions"}],"predecessor-version":[{"id":101449,"href":"https:\/\/brandss.com.py\/index\/wp-json\/wp\/v2\/product\/101446\/revisions\/101449"}],"wp:featuredmedia":[{"embeddable":true,"href":"https:\/\/brandss.com.py\/index\/wp-json\/wp\/v2\/media\/101447"}],"wp:attachment":[{"href":"https:\/\/brandss.com.py\/index\/wp-json\/wp\/v2\/media?parent=101446"}],"wp:term":[{"taxonomy":"product_brand","embeddable":true,"href":"https:\/\/brandss.com.py\/index\/wp-json\/wp\/v2\/product_brand?post=101446"},{"taxonomy":"product_cat","embeddable":true,"href":"https:\/\/brandss.com.py\/index\/wp-json\/wp\/v2\/product_cat?post=101446"},{"taxonomy":"product_tag","embeddable":true,"href":"https:\/\/brandss.com.py\/index\/wp-json\/wp\/v2\/product_tag?post=101446"}],"curies":[{"name":"wp","href":"https:\/\/api.w.org\/{rel}","templated":true}]}}