{"id":101459,"date":"2026-04-06T13:46:04","date_gmt":"2026-04-06T13:46:04","guid":{"rendered":"https:\/\/brandss.com.py\/index\/?post_type=product&#038;p=101459"},"modified":"2026-04-06T13:46:29","modified_gmt":"2026-04-06T13:46:29","slug":"tratamiento-capilar-kerasys-advanced-keramide-frizz-care-ampoule-1000ml","status":"publish","type":"product","link":"https:\/\/brandss.com.py\/index\/producto\/tratamiento-capilar-kerasys-advanced-keramide-frizz-care-ampoule-1000ml\/","title":{"rendered":"TRATAMIENTO CAPILAR KERASYS ADVANCED KERAMIDE FRIZZ CARE AMPOULE 1000ML"},"content":{"rendered":"<p><img loading=\"lazy\" decoding=\"async\" class=\"\" src=\"https:\/\/acdn-us.mitiendanube.com\/stores\/006\/567\/235\/themes\/common\/logo-2027072255-1755034523-ec9fa1f2ce585f2d0ef3c935b64032841755034523.png?0\" alt=\"Tienda Online de KERASYS\" width=\"121\" height=\"41\" \/><\/p>\n<h1>ADVANCED KERAMIDE FRIZZ CARE AMPOULE<\/h1>\n<p>Tratamiento aclarante enfocado en el control del encrespamiento y el cabello da\u00f1ado. La ampolla Keramide (queratina + ceramida) act\u00faa con un complejo de 5 prote\u00ednas y 5 aceites para dejar el cabello m\u00e1s suave, sedoso y brillante.<\/p>\n<h3>Ingredientes claves<\/h3>\n<ul>\n<li><span class=\"grad\"><span dir=\"auto\">Ampolla Keramide\u2122<\/span><\/span><span dir=\"auto\">\u00a0(queratina + ceramida).<\/span><\/li>\n<li><span dir=\"auto\">Mezcla de\u00a0<\/span><span class=\"grad\"><span dir=\"auto\">5 prote\u00ednas<\/span><\/span><span dir=\"auto\">\u00a0(soja, trigo, arroz, cebada, semilla de algod\u00f3n).<\/span><\/li>\n<li><span class=\"grad\"><span dir=\"auto\">5 aceites nutritivos<\/span><\/span><span dir=\"auto\">\u00a0(arg\u00e1n, moringa, jojoba, baobab, coco).<\/span><\/li>\n<li><span dir=\"auto\">Textura cremosa que acondiciona sin apelmazar.<\/span><\/li>\n<\/ul>\n<h3>Modo de empleo<\/h3>\n<p>1) Despu\u00e9s del champ\u00fa, retire el exceso de agua.<\/p>\n<p>2) Aplique el tratamiento de medios a puntas, concentr\u00e1ndose en las zonas da\u00f1adas.<\/p>\n<p>3) Deje actuar de 2 a 3 minutos y enjuague bien.<\/p>\n<h3>Notas Olfativas<\/h3>\n<p>\u2022 <strong>Notas de salida:<\/strong> neroli, flor de papaya, melocot\u00f3n.<\/p>\n<p>\u2022 <strong>Notas de coraz\u00f3n:<\/strong> lirio de agua, amarilis, narciso.<\/p>\n<p>\u2022 <strong>Notas de fondo:<\/strong> madera de cachemira, s\u00e1ndalo, almizcle.<\/p>\n","protected":false},"excerpt":{"rendered":"<p>ADVANCED KERAMIDE FRIZZ CARE AMPOULE Tratamiento aclarante enfocado en el control del encrespamiento y el cabello da\u00f1ado. La ampolla Keramide<\/p>\n","protected":false},"featured_media":101460,"comment_status":"open","ping_status":"closed","template":"","meta":{"nf_dc_page":""},"product_brand":[204],"product_cat":[85],"product_tag":[3376],"class_list":{"0":"post-101459","1":"product","2":"type-product","3":"status-publish","4":"has-post-thumbnail","6":"product_brand-kerasys","7":"product_cat-cosmeticos","8":"product_tag-3376","10":"first","11":"instock","12":"shipping-taxable","13":"purchasable","14":"product-type-simple"},"_links":{"self":[{"href":"https:\/\/brandss.com.py\/index\/wp-json\/wp\/v2\/product\/101459","targetHints":{"allow":["GET"]}}],"collection":[{"href":"https:\/\/brandss.com.py\/index\/wp-json\/wp\/v2\/product"}],"about":[{"href":"https:\/\/brandss.com.py\/index\/wp-json\/wp\/v2\/types\/product"}],"replies":[{"embeddable":true,"href":"https:\/\/brandss.com.py\/index\/wp-json\/wp\/v2\/comments?post=101459"}],"version-history":[{"count":1,"href":"https:\/\/brandss.com.py\/index\/wp-json\/wp\/v2\/product\/101459\/revisions"}],"predecessor-version":[{"id":101462,"href":"https:\/\/brandss.com.py\/index\/wp-json\/wp\/v2\/product\/101459\/revisions\/101462"}],"wp:featuredmedia":[{"embeddable":true,"href":"https:\/\/brandss.com.py\/index\/wp-json\/wp\/v2\/media\/101460"}],"wp:attachment":[{"href":"https:\/\/brandss.com.py\/index\/wp-json\/wp\/v2\/media?parent=101459"}],"wp:term":[{"taxonomy":"product_brand","embeddable":true,"href":"https:\/\/brandss.com.py\/index\/wp-json\/wp\/v2\/product_brand?post=101459"},{"taxonomy":"product_cat","embeddable":true,"href":"https:\/\/brandss.com.py\/index\/wp-json\/wp\/v2\/product_cat?post=101459"},{"taxonomy":"product_tag","embeddable":true,"href":"https:\/\/brandss.com.py\/index\/wp-json\/wp\/v2\/product_tag?post=101459"}],"curies":[{"name":"wp","href":"https:\/\/api.w.org\/{rel}","templated":true}]}}