{"id":101463,"date":"2026-04-06T16:50:52","date_gmt":"2026-04-06T16:50:52","guid":{"rendered":"https:\/\/brandss.com.py\/index\/?post_type=product&#038;p=101463"},"modified":"2026-04-06T16:51:19","modified_gmt":"2026-04-06T16:51:19","slug":"tratamiento-capilar-kerasys-advanced-keramide-thickening-care-ampoule-1000ml","status":"publish","type":"product","link":"https:\/\/brandss.com.py\/index\/producto\/tratamiento-capilar-kerasys-advanced-keramide-thickening-care-ampoule-1000ml\/","title":{"rendered":"TRATAMIENTO CAPILAR KERASYS ADVANCED KERAMIDE THICKENING CARE AMPOULE 1000ML"},"content":{"rendered":"<p><img loading=\"lazy\" decoding=\"async\" class=\"\" src=\"https:\/\/acdn-us.mitiendanube.com\/stores\/006\/567\/235\/themes\/common\/logo-2027072255-1755034523-ec9fa1f2ce585f2d0ef3c935b64032841755034523.png?0\" alt=\"Tienda Online de KERASYS\" width=\"112\" height=\"38\" \/><\/p>\n<h1>ADVANCED KERAMIDE THICKENING CARE AMPOULE<\/h1>\n<p>Transforma tu cabello con la mascarilla capilar K\u00e9rasys Keramide Ampoule de 1 litro. Este innovador producto es ideal para cabello fino, ya que proporciona una hidrataci\u00f3n intensa y fortalece las hebras. Su f\u00f3rmula con queratina y ceramida en ampolla ayuda a dar volumen al cabello, dej\u00e1ndolo visiblemente m\u00e1s sano y con m\u00e1s cuerpo. Apta para todo tipo de cabello, su aplicaci\u00f3n es sencilla y se puede realizar sobre cabello h\u00famedo o seco, sin necesidad de aclarado, lo que simplifica tu rutina de cuidado capilar. La mascarilla tiene una suave fragancia que perfuma el cabello. Aunque no est\u00e1 dermatol\u00f3gicamente testada, es una excelente opci\u00f3n para quienes buscan revitalizar el aspecto de su cabello con un producto de generoso volumen de 1 litro.<\/p>\n<h3>Beneficios<\/h3>\n<ul class=\"ui-vpp-highlighted-specs__features-list\">\n<li class=\"ui-vpp-highlighted-specs__features-list-item ui-pdp-color--BLACK ui-pdp-size--XSMALL ui-pdp-family--REGULAR\"><span dir=\"auto\">Hidrataci\u00f3n intensa y fortalecimiento de las hebras capilares con una f\u00f3rmula a base de ceramidas.<\/span><\/li>\n<li class=\"ui-vpp-highlighted-specs__features-list-item ui-pdp-color--BLACK ui-pdp-size--XSMALL ui-pdp-family--REGULAR\"><span dir=\"auto\">Recomendado para cabello da\u00f1ado y encrespado.<\/span><\/li>\n<li class=\"ui-vpp-highlighted-specs__features-list-item ui-pdp-color--BLACK ui-pdp-size--XSMALL ui-pdp-family--REGULAR\"><span dir=\"auto\">F\u00e1cil de aplicar sobre el cabello h\u00famedo o seco.<\/span><\/li>\n<li class=\"ui-vpp-highlighted-specs__features-list-item ui-pdp-color--BLACK ui-pdp-size--XSMALL ui-pdp-family--REGULAR\"><span dir=\"auto\">No requiere enjuague, lo que facilita tu rutina de cuidado.<\/span><\/li>\n<li class=\"ui-vpp-highlighted-specs__features-list-item ui-pdp-color--BLACK ui-pdp-size--XSMALL ui-pdp-family--REGULAR\"><span dir=\"auto\">Una fragancia suave que deja el cabello con un aroma agradable.<\/span><\/li>\n<\/ul>\n<h3>Modo de uso<\/h3>\n<ul>\n<li>Al usar este tratamiento, experimentar\u00e1s un cambio radical: un cabello revitalizado que se siente como si hubiera renacido.<\/li>\n<li>Simplemente apl\u00edquelo despu\u00e9s del shampoo, masajee y enjuague bien para revelar un cabello abundante y voluminoso, lleno de vida y luminosidad.<\/li>\n<\/ul>\n<p>\u00a1Realza la belleza de tu cabello con K\u00e9rasys y experimenta la diferencia en tu d\u00eda a d\u00eda!<\/p>\n","protected":false},"excerpt":{"rendered":"<p>ADVANCED KERAMIDE THICKENING CARE AMPOULE Transforma tu cabello con la mascarilla capilar K\u00e9rasys Keramide Ampoule de 1 litro. Este innovador<\/p>\n","protected":false},"featured_media":101464,"comment_status":"open","ping_status":"closed","template":"","meta":{"nf_dc_page":""},"product_brand":[204],"product_cat":[85],"product_tag":[3377],"class_list":{"0":"post-101463","1":"product","2":"type-product","3":"status-publish","4":"has-post-thumbnail","6":"product_brand-kerasys","7":"product_cat-cosmeticos","8":"product_tag-3377","10":"first","11":"instock","12":"shipping-taxable","13":"purchasable","14":"product-type-simple"},"_links":{"self":[{"href":"https:\/\/brandss.com.py\/index\/wp-json\/wp\/v2\/product\/101463","targetHints":{"allow":["GET"]}}],"collection":[{"href":"https:\/\/brandss.com.py\/index\/wp-json\/wp\/v2\/product"}],"about":[{"href":"https:\/\/brandss.com.py\/index\/wp-json\/wp\/v2\/types\/product"}],"replies":[{"embeddable":true,"href":"https:\/\/brandss.com.py\/index\/wp-json\/wp\/v2\/comments?post=101463"}],"version-history":[{"count":1,"href":"https:\/\/brandss.com.py\/index\/wp-json\/wp\/v2\/product\/101463\/revisions"}],"predecessor-version":[{"id":101466,"href":"https:\/\/brandss.com.py\/index\/wp-json\/wp\/v2\/product\/101463\/revisions\/101466"}],"wp:featuredmedia":[{"embeddable":true,"href":"https:\/\/brandss.com.py\/index\/wp-json\/wp\/v2\/media\/101464"}],"wp:attachment":[{"href":"https:\/\/brandss.com.py\/index\/wp-json\/wp\/v2\/media?parent=101463"}],"wp:term":[{"taxonomy":"product_brand","embeddable":true,"href":"https:\/\/brandss.com.py\/index\/wp-json\/wp\/v2\/product_brand?post=101463"},{"taxonomy":"product_cat","embeddable":true,"href":"https:\/\/brandss.com.py\/index\/wp-json\/wp\/v2\/product_cat?post=101463"},{"taxonomy":"product_tag","embeddable":true,"href":"https:\/\/brandss.com.py\/index\/wp-json\/wp\/v2\/product_tag?post=101463"}],"curies":[{"name":"wp","href":"https:\/\/api.w.org\/{rel}","templated":true}]}}