{"id":101467,"date":"2026-04-06T17:10:14","date_gmt":"2026-04-06T17:10:14","guid":{"rendered":"https:\/\/brandss.com.py\/index\/?post_type=product&#038;p=101467"},"modified":"2026-04-06T17:10:31","modified_gmt":"2026-04-06T17:10:31","slug":"balsamo-labial-carmex-daily-care-fresh-cherry-spf-15-4-25gr","status":"publish","type":"product","link":"https:\/\/brandss.com.py\/index\/producto\/balsamo-labial-carmex-daily-care-fresh-cherry-spf-15-4-25gr\/","title":{"rendered":"B\u00c1LSAMO LABIAL CARMEX DAILY CARE FRESH CHERRY SPF 15 4.25GR"},"content":{"rendered":"<p><img loading=\"lazy\" decoding=\"async\" class=\"\" src=\"https:\/\/sp-ao.shortpixel.ai\/client\/to_webp,q_glossy,ret_img,w_290,h_155\/https:\/\/www.mycarmex.com\/wp-content\/uploads\/2022\/08\/logo.png\" alt=\"Carmex Lip Balm, Moisturizer, and Lip Care Products\" width=\"77\" height=\"41\" \/><\/p>\n<h1>DAILY CARE FRESH CHERRY<\/h1>\n<p><strong><em>Calma. Se cura. Protegen. <\/em><\/strong><\/p>\n<p>Carmex bloquea la humedad de su propio cuerpo para ayudar a proteger contra grietas y grietas. El b\u00e1lsamo labial hidratante Carmex se absorbe f\u00e1cilmente en la delicada piel de tus labios, donde proporciona una barrera temporal contra los efectos de secado del viento, el calor y el fr\u00edo. SPF 15.<\/p>\n<p>El B\u00e1lsamo Labial Hidratante Carmex Daily Care Stick SPF 15 ofrece hidrataci\u00f3n intensa y protecci\u00f3n diaria. Su f\u00f3rmula especial suaviza, calma y protege los labios, manteni\u00e9ndolos saludables y confortables.<\/p>\n<p>Ahora en formato barra, es f\u00e1cil de aplicar en cualquier momento del d\u00eda. Con SPF 15, proporciona una barrera contra los rayos solares, ayudando a prevenir el da\u00f1o causado por la exposici\u00f3n al sol.<\/p>\n<p>Adem\u00e1s, es resistente al agua por hasta 80 minutos, lo que lo hace ideal para actividades al aire libre.<\/p>\n<p>Su textura ligera es perfecta para el uso diario, brindando hidrataci\u00f3n duradera y un toque de frescura en cada aplicaci\u00f3n.<\/p>\n<h3>Caracter\u00edsticas<\/h3>\n<ul class=\"ui-vpp-highlighted-specs__features-list\">\n<li class=\"ui-vpp-highlighted-specs__features-list-item ui-pdp-color--BLACK ui-pdp-size--XSMALL ui-pdp-family--REGULAR\">Protecci\u00f3n solar SPF 15.<\/li>\n<li class=\"ui-vpp-highlighted-specs__features-list-item ui-pdp-color--BLACK ui-pdp-size--XSMALL ui-pdp-family--REGULAR\">Sabor cereza delicioso.<\/li>\n<li class=\"ui-vpp-highlighted-specs__features-list-item ui-pdp-color--BLACK ui-pdp-size--XSMALL ui-pdp-family--REGULAR\">Hidrataci\u00f3n duradera.<\/li>\n<li class=\"ui-vpp-highlighted-specs__features-list-item ui-pdp-color--BLACK ui-pdp-size--XSMALL ui-pdp-family--REGULAR\">F\u00f3rmula suave y efectiva.<\/li>\n<li class=\"ui-vpp-highlighted-specs__features-list-item ui-pdp-color--BLACK ui-pdp-size--XSMALL ui-pdp-family--REGULAR\">Ideal para labios secos y agrietados.<\/li>\n<\/ul>\n","protected":false},"excerpt":{"rendered":"<p>DAILY CARE FRESH CHERRY Calma. Se cura. Protegen. Carmex bloquea la humedad de su propio cuerpo para ayudar a proteger<\/p>\n","protected":false},"featured_media":101468,"comment_status":"open","ping_status":"closed","template":"","meta":{"nf_dc_page":""},"product_brand":[1324],"product_cat":[85],"product_tag":[3378],"class_list":{"0":"post-101467","1":"product","2":"type-product","3":"status-publish","4":"has-post-thumbnail","6":"product_brand-carmex","7":"product_cat-cosmeticos","8":"product_tag-3378","10":"first","11":"instock","12":"shipping-taxable","13":"purchasable","14":"product-type-simple"},"_links":{"self":[{"href":"https:\/\/brandss.com.py\/index\/wp-json\/wp\/v2\/product\/101467","targetHints":{"allow":["GET"]}}],"collection":[{"href":"https:\/\/brandss.com.py\/index\/wp-json\/wp\/v2\/product"}],"about":[{"href":"https:\/\/brandss.com.py\/index\/wp-json\/wp\/v2\/types\/product"}],"replies":[{"embeddable":true,"href":"https:\/\/brandss.com.py\/index\/wp-json\/wp\/v2\/comments?post=101467"}],"version-history":[{"count":1,"href":"https:\/\/brandss.com.py\/index\/wp-json\/wp\/v2\/product\/101467\/revisions"}],"predecessor-version":[{"id":101471,"href":"https:\/\/brandss.com.py\/index\/wp-json\/wp\/v2\/product\/101467\/revisions\/101471"}],"wp:featuredmedia":[{"embeddable":true,"href":"https:\/\/brandss.com.py\/index\/wp-json\/wp\/v2\/media\/101468"}],"wp:attachment":[{"href":"https:\/\/brandss.com.py\/index\/wp-json\/wp\/v2\/media?parent=101467"}],"wp:term":[{"taxonomy":"product_brand","embeddable":true,"href":"https:\/\/brandss.com.py\/index\/wp-json\/wp\/v2\/product_brand?post=101467"},{"taxonomy":"product_cat","embeddable":true,"href":"https:\/\/brandss.com.py\/index\/wp-json\/wp\/v2\/product_cat?post=101467"},{"taxonomy":"product_tag","embeddable":true,"href":"https:\/\/brandss.com.py\/index\/wp-json\/wp\/v2\/product_tag?post=101467"}],"curies":[{"name":"wp","href":"https:\/\/api.w.org\/{rel}","templated":true}]}}