{"id":101472,"date":"2026-04-06T19:08:23","date_gmt":"2026-04-06T19:08:23","guid":{"rendered":"https:\/\/brandss.com.py\/index\/?post_type=product&#038;p=101472"},"modified":"2026-04-06T19:09:38","modified_gmt":"2026-04-06T19:09:38","slug":"balsamo-labial-carmex-daily-care-fresh-strawberry-spf-15-4-25gr","status":"publish","type":"product","link":"https:\/\/brandss.com.py\/index\/producto\/balsamo-labial-carmex-daily-care-fresh-strawberry-spf-15-4-25gr\/","title":{"rendered":"B\u00c1LSAMO LABIAL CARMEX DAILY CARE FRESH STRAWBERRY SPF 15 4.25GR"},"content":{"rendered":"<p><img loading=\"lazy\" decoding=\"async\" class=\"\" src=\"https:\/\/sp-ao.shortpixel.ai\/client\/to_webp,q_glossy,ret_img,w_290,h_155\/https:\/\/www.mycarmex.com\/wp-content\/uploads\/2022\/08\/logo.png\" alt=\"Carmex Lip Balm, Moisturizer, and Lip Care Products\" width=\"71\" height=\"38\" \/><\/p>\n<h1>DAILY CARE FRESH STRAWBERRY<\/h1>\n<h4><em><strong>Calma. Cura. Protege.<\/strong><\/em><\/h4>\n<p>Barra protectora de larga duraci\u00f3n que ayuda a suavizar, calmar y aliviar los labios. Protecci\u00f3n solar diaria de FPS 15 resistente al agua hasta 80 minutos. Con el uso diario, otorga a los labios un aspecto y una sensaci\u00f3n saludable. El b\u00e1lsamo labial Carmex contiene una mezcla \u00fanica de ingredientes, que incluye hidratantes naturales como la manteca de cacao y la lanolina. Estos y otros emolientes recuperan la humedad perdida y previenen la sequedad y las grietas, lo que da una apariencia saludable a los labios. Carmex ayuda a suavizar, hidratar y aliviar los labios secos y agrietados. Aplique Carmex generosamente y de manera uniforme tantas veces como sea necesario durante el d\u00eda. Recomendamos Carmex antes y despu\u00e9s de aplicarse l\u00e1piz labial, para preservar y recuperar la hidrataci\u00f3n, suavizar la aplicaci\u00f3n del l\u00e1piz labial y mantener los labios suaves y tersos. Carmex contiene alcanfor y mentol. Estos ingredientes le dan a Carmex un efecto refrescante y ayudan a reducir la irritaci\u00f3n de los labios \u00e1speros y agrietados, lo que otorga un aspecto saludable que se siente tan bien como se ve.<\/p>\n<h3>Caracter\u00edsticas<\/h3>\n<ul>\n<li><span dir=\"auto\">Ofrece protecci\u00f3n solar con FPS 15, ideal para personas que pasan tiempo al aire libre y est\u00e1n expuestas a la luz solar.<\/span><\/li>\n<li><span dir=\"auto\">Hidrata eficazmente los labios secos y agrietados, ofreciendo alivio y confort a quienes sufren de sequedad labial persistente.<\/span><\/li>\n<li><span dir=\"auto\">Su dise\u00f1o con aplicador de clic permite una aplicaci\u00f3n sencilla sobre la marcha, perfecta para usuarios que buscan una soluci\u00f3n pr\u00e1ctica para el cuidado de los labios.<\/span><\/li>\n<\/ul>\n<p>&nbsp;<\/p>\n<h3>Instrucciones<\/h3>\n<p>\u2022Aplicar de manera abundante 15 minutos antes de la exposici\u00f3n al sol. \u2022Volver a aplicar: al menos cada 2 horas.<\/p>\n<p>Los labios se agrietan porque est\u00e1n muy secos; por lo general, por la exposici\u00f3n al aire seco, al sol, al viento, a bajas temperaturas e incluso al polvo.<\/p>\n<p>&nbsp;<\/p>\n","protected":false},"excerpt":{"rendered":"<p>DAILY CARE FRESH STRAWBERRY Calma. Cura. Protege. Barra protectora de larga duraci\u00f3n que ayuda a suavizar, calmar y aliviar los<\/p>\n","protected":false},"featured_media":101476,"comment_status":"open","ping_status":"closed","template":"","meta":{"nf_dc_page":""},"product_brand":[1324],"product_cat":[85],"product_tag":[3379],"class_list":{"0":"post-101472","1":"product","2":"type-product","3":"status-publish","4":"has-post-thumbnail","6":"product_brand-carmex","7":"product_cat-cosmeticos","8":"product_tag-3379","10":"first","11":"instock","12":"shipping-taxable","13":"purchasable","14":"product-type-simple"},"_links":{"self":[{"href":"https:\/\/brandss.com.py\/index\/wp-json\/wp\/v2\/product\/101472","targetHints":{"allow":["GET"]}}],"collection":[{"href":"https:\/\/brandss.com.py\/index\/wp-json\/wp\/v2\/product"}],"about":[{"href":"https:\/\/brandss.com.py\/index\/wp-json\/wp\/v2\/types\/product"}],"replies":[{"embeddable":true,"href":"https:\/\/brandss.com.py\/index\/wp-json\/wp\/v2\/comments?post=101472"}],"version-history":[{"count":1,"href":"https:\/\/brandss.com.py\/index\/wp-json\/wp\/v2\/product\/101472\/revisions"}],"predecessor-version":[{"id":101480,"href":"https:\/\/brandss.com.py\/index\/wp-json\/wp\/v2\/product\/101472\/revisions\/101480"}],"wp:featuredmedia":[{"embeddable":true,"href":"https:\/\/brandss.com.py\/index\/wp-json\/wp\/v2\/media\/101476"}],"wp:attachment":[{"href":"https:\/\/brandss.com.py\/index\/wp-json\/wp\/v2\/media?parent=101472"}],"wp:term":[{"taxonomy":"product_brand","embeddable":true,"href":"https:\/\/brandss.com.py\/index\/wp-json\/wp\/v2\/product_brand?post=101472"},{"taxonomy":"product_cat","embeddable":true,"href":"https:\/\/brandss.com.py\/index\/wp-json\/wp\/v2\/product_cat?post=101472"},{"taxonomy":"product_tag","embeddable":true,"href":"https:\/\/brandss.com.py\/index\/wp-json\/wp\/v2\/product_tag?post=101472"}],"curies":[{"name":"wp","href":"https:\/\/api.w.org\/{rel}","templated":true}]}}