{"id":101489,"date":"2026-04-07T12:53:19","date_gmt":"2026-04-07T12:53:19","guid":{"rendered":"https:\/\/brandss.com.py\/index\/?post_type=product&#038;p=101489"},"modified":"2026-04-20T14:33:11","modified_gmt":"2026-04-20T14:33:11","slug":"set-capilar-tigi-bed-head-resurrection-duo-shampoo-acondicionador-750ml-750ml","status":"publish","type":"product","link":"https:\/\/brandss.com.py\/index\/producto\/set-capilar-tigi-bed-head-resurrection-duo-shampoo-acondicionador-750ml-750ml\/","title":{"rendered":"SET CAPILAR TIGI BED HEAD RESURRECTION DUO SHAMPOO + ACONDICIONADOR 750ML 750ML"},"content":{"rendered":"<p><img loading=\"lazy\" decoding=\"async\" class=\"\" src=\"https:\/\/static.wikia.nocookie.net\/logopedia\/images\/7\/72\/5ecb821d3197b1000485b0a7.png\/revision\/latest?cb=20230314105439\" alt=\"Tigi Bed Head | Logopedia | Fandom\" width=\"113\" height=\"49\" \/><\/p>\n<h1>RESURRECTION DUO<\/h1>\n<p>El nuevo shampoo Resurrection ( Reparaci\u00f3n) de Bed Head ha sido elaborado con profesionales para dejar el cabello da\u00f1ado m\u00e1s resistente, suave y con un aspecto saludable, impregnado de una incre\u00edble fragancia frutal.<br \/>\nEl nuevo acondicionador Resurrection de Bed Head ha sido elaborado con profesionales para dejar el cabello da\u00f1ado m\u00e1s resistente, suave y con un aspecto saludable, impregnado de una incre\u00edble fragancia frutal.<br \/>\nNuestra tecnolog\u00eda patentada, que se compone de una combinaci\u00f3n \u00fanica de ingredientes para el cuidado del cabello, permanece en el cabello durante todo el d\u00eda, reparando el cabello seco y da\u00f1ado.<\/p>\n<p>Este Acondicionador\u00a0 de reparaci\u00f3n\u00a0 seguro con el color est\u00e1 dise\u00f1ado para nutrir, acondicionar y suavizar la cut\u00edcula del cabello, dejando el cabello con una sensaci\u00f3n suave, tersa y saludable. Dise\u00f1ado y utilizado por profesionales del sal\u00f3n, brindando resultados de sal\u00f3n y experiencia de sal\u00f3n en casa.<\/p>\n<h3>\n<p>Beneficios<\/h3>\n<ul>\n<li>Shampoo y Acondicionador con una potente f\u00f3rmula reparadora.<\/li>\n<li>Suaviza la cut\u00edcula.<\/li>\n<li>Nutre, hidrata y ayuda a reparar el da\u00f1o externo del cabello.<\/li>\n<li>Deja el cabello m\u00e1s resistente, luciendo m\u00e1s saludable y sinti\u00e9ndose suave.<\/li>\n<li>Ideal para cabello seco y da\u00f1ado.<\/li>\n<\/ul>\n","protected":false},"excerpt":{"rendered":"<p>RESURRECTION DUO El nuevo shampoo Resurrection ( Reparaci\u00f3n) de Bed Head ha sido elaborado con profesionales para dejar el cabello<\/p>\n","protected":false},"featured_media":101490,"comment_status":"open","ping_status":"closed","template":"","meta":{"nf_dc_page":""},"product_brand":[3388],"product_cat":[85],"product_tag":[3390],"class_list":{"0":"post-101489","1":"product","2":"type-product","3":"status-publish","4":"has-post-thumbnail","6":"product_brand-tigi-bed-head","7":"product_cat-cosmeticos","8":"product_tag-3390","10":"first","11":"instock","12":"shipping-taxable","13":"purchasable","14":"product-type-simple"},"_links":{"self":[{"href":"https:\/\/brandss.com.py\/index\/wp-json\/wp\/v2\/product\/101489","targetHints":{"allow":["GET"]}}],"collection":[{"href":"https:\/\/brandss.com.py\/index\/wp-json\/wp\/v2\/product"}],"about":[{"href":"https:\/\/brandss.com.py\/index\/wp-json\/wp\/v2\/types\/product"}],"replies":[{"embeddable":true,"href":"https:\/\/brandss.com.py\/index\/wp-json\/wp\/v2\/comments?post=101489"}],"version-history":[{"count":1,"href":"https:\/\/brandss.com.py\/index\/wp-json\/wp\/v2\/product\/101489\/revisions"}],"predecessor-version":[{"id":101496,"href":"https:\/\/brandss.com.py\/index\/wp-json\/wp\/v2\/product\/101489\/revisions\/101496"}],"wp:featuredmedia":[{"embeddable":true,"href":"https:\/\/brandss.com.py\/index\/wp-json\/wp\/v2\/media\/101490"}],"wp:attachment":[{"href":"https:\/\/brandss.com.py\/index\/wp-json\/wp\/v2\/media?parent=101489"}],"wp:term":[{"taxonomy":"product_brand","embeddable":true,"href":"https:\/\/brandss.com.py\/index\/wp-json\/wp\/v2\/product_brand?post=101489"},{"taxonomy":"product_cat","embeddable":true,"href":"https:\/\/brandss.com.py\/index\/wp-json\/wp\/v2\/product_cat?post=101489"},{"taxonomy":"product_tag","embeddable":true,"href":"https:\/\/brandss.com.py\/index\/wp-json\/wp\/v2\/product_tag?post=101489"}],"curies":[{"name":"wp","href":"https:\/\/api.w.org\/{rel}","templated":true}]}}