{"id":101550,"date":"2026-04-08T13:38:09","date_gmt":"2026-04-08T13:38:09","guid":{"rendered":"https:\/\/brandss.com.py\/index\/?post_type=product&#038;p=101550"},"modified":"2026-04-08T13:38:30","modified_gmt":"2026-04-08T13:38:30","slug":"perfume-unisex-armaf-odyssey-bahamas-edp-100ml","status":"publish","type":"product","link":"https:\/\/brandss.com.py\/index\/producto\/perfume-unisex-armaf-odyssey-bahamas-edp-100ml\/","title":{"rendered":"PERFUME UNISEX ARMAF ODYSSEY BAHAMAS EDP 100ML"},"content":{"rendered":"<p><img loading=\"lazy\" decoding=\"async\" class=\"\" src=\"https:\/\/odora.bg\/wp-content\/uploads\/2025\/08\/ZXVZX.png\" alt=\"Armaf - ODORA\" width=\"78\" height=\"78\" \/><\/p>\n<h1>ODYSSEY BAHAMAS<\/h1>\n<p>Una fragancia que transporta a la exuberancia tropical y la brisa marina de las Bahamas, fusionando la frescura de frutas jugosas y notas acu\u00e1ticas con la calidez de las flores ex\u00f3ticas y un fondo amaderado sensual. Dise\u00f1ada para quienes buscan un aroma vibrante, sofisticado y libre de convenciones, ideal para proyectar energ\u00eda positiva y estilo despreocupado.<\/p>\n<p><span dir=\"auto\">Odyssey Ba Ha Mas <\/span><span dir=\"auto\">es una fragancia arom\u00e1tica acu\u00e1tica para hombres y mujeres. La energ\u00eda fresca del oc\u00e9ano se combina con aromas c\u00e1lidos y acogedores para crear un perfume lujoso y liberador. Esta fragancia te har\u00e1 sentir elegante y relajado, ya sea en la playa o disfrutando con amigos en verano. Su aroma te transportar\u00e1 a las vacaciones sin perder su distinci\u00f3n ni presencia.<\/span><\/p>\n<p><img loading=\"lazy\" decoding=\"async\" class=\"alignleft\" src=\"https:\/\/emiratesoud.co.uk\/cdn\/shop\/files\/Odyssey-Ba-Ha-Mas-Perfume-100ml-EDP-Armaf-177281929.webp?v=1758673960&amp;width=600\" width=\"244\" height=\"345\" \/><\/p>\n<h3>Notas Olfativas<\/h3>\n<p>&nbsp;<\/p>\n<p>Odyssey BA HA MAS\u00a0de Armaf es una fragancia que evoca la sensaci\u00f3n de estar en una isla paradis\u00edaca, donde la frescura del mar se mezcla con la dulzura de las frutas. Este perfume unisex es una composici\u00f3n vibrante y refrescante, ideal para quienes buscan un aroma que los transporte a un oasis tropical.<\/p>\n<p>La fragancia se abre con un c\u00f3ctel de notas frescas y afrutadas: el toque salado de las\u00a0algas\u00a0se une a la jugosidad del\u00a0mel\u00f3n cantalupo, la\u00a0manzana Granny Smith, la\u00a0pera\u00a0y la\u00a0ciruela, creando una sensaci\u00f3n de frescura acu\u00e1tica y dulzura natural. En el coraz\u00f3n, las\u00a0notas acu\u00e1ticas,<img loading=\"lazy\" decoding=\"async\" class=\"alignright\" src=\"https:\/\/emiratesoud.co.uk\/cdn\/shop\/files\/Odyssey-Ba-Ha-Mas-Perfume-100ml-EDP-Armaf-177282136.webp?v=1758673959&amp;width=600\" width=\"282\" height=\"399\" \/> el\u00a0incienso\u00a0y el\u00a0nen\u00fafar\u00a0se fusionan para dar un toque de misterio y tranquilidad, mientras que el\u00a0musgo de roble\u00a0a\u00f1ade una nota terrosa. El viaje culmina en una base suave y reconfortante de\u00a0\u00e1mbar,\u00a0cedro,\u00a0az\u00facar\u00a0y\u00a0almizcle, que se funden en la piel para dejar una estela memorable.<\/p>\n<ul>\n<li dir=\"ltr\"><strong><span dir=\"auto\">Notas de salida: <\/span><\/strong><span dir=\"auto\">p<\/span><span dir=\"auto\">era asi\u00e1tica, ciruela, manzana granny smith, mel\u00f3n cantalupo, sal, algas marinas.<\/span><\/li>\n<li dir=\"ltr\"><strong><span dir=\"auto\">Notas de coraz\u00f3n:<\/span><\/strong> <span dir=\"auto\">musgo de roble, notas acu\u00e1ticas, nen\u00fafar, incienso.<\/span><\/li>\n<li dir=\"ltr\"><strong><span dir=\"auto\">Notas de fondo: <\/span><\/strong><span dir=\"auto\">madera de cedro, \u00e1mbar, almizcle, az\u00facar blanca.<\/span><\/li>\n<\/ul>\n","protected":false},"excerpt":{"rendered":"<p>ODYSSEY BAHAMAS Una fragancia que transporta a la exuberancia tropical y la brisa marina de las Bahamas, fusionando la frescura<\/p>\n","protected":false},"featured_media":101551,"comment_status":"open","ping_status":"closed","template":"","meta":{"nf_dc_page":""},"product_brand":[106],"product_cat":[84],"product_tag":[3400],"class_list":{"0":"post-101550","1":"product","2":"type-product","3":"status-publish","4":"has-post-thumbnail","6":"product_brand-armaf","7":"product_cat-perfumeria","8":"product_tag-3400","10":"first","11":"instock","12":"shipping-taxable","13":"purchasable","14":"product-type-simple"},"_links":{"self":[{"href":"https:\/\/brandss.com.py\/index\/wp-json\/wp\/v2\/product\/101550","targetHints":{"allow":["GET"]}}],"collection":[{"href":"https:\/\/brandss.com.py\/index\/wp-json\/wp\/v2\/product"}],"about":[{"href":"https:\/\/brandss.com.py\/index\/wp-json\/wp\/v2\/types\/product"}],"replies":[{"embeddable":true,"href":"https:\/\/brandss.com.py\/index\/wp-json\/wp\/v2\/comments?post=101550"}],"version-history":[{"count":1,"href":"https:\/\/brandss.com.py\/index\/wp-json\/wp\/v2\/product\/101550\/revisions"}],"predecessor-version":[{"id":101559,"href":"https:\/\/brandss.com.py\/index\/wp-json\/wp\/v2\/product\/101550\/revisions\/101559"}],"wp:featuredmedia":[{"embeddable":true,"href":"https:\/\/brandss.com.py\/index\/wp-json\/wp\/v2\/media\/101551"}],"wp:attachment":[{"href":"https:\/\/brandss.com.py\/index\/wp-json\/wp\/v2\/media?parent=101550"}],"wp:term":[{"taxonomy":"product_brand","embeddable":true,"href":"https:\/\/brandss.com.py\/index\/wp-json\/wp\/v2\/product_brand?post=101550"},{"taxonomy":"product_cat","embeddable":true,"href":"https:\/\/brandss.com.py\/index\/wp-json\/wp\/v2\/product_cat?post=101550"},{"taxonomy":"product_tag","embeddable":true,"href":"https:\/\/brandss.com.py\/index\/wp-json\/wp\/v2\/product_tag?post=101550"}],"curies":[{"name":"wp","href":"https:\/\/api.w.org\/{rel}","templated":true}]}}