{"id":101567,"date":"2026-04-08T16:14:50","date_gmt":"2026-04-08T16:14:50","guid":{"rendered":"https:\/\/brandss.com.py\/index\/?post_type=product&#038;p=101567"},"modified":"2026-04-08T16:15:34","modified_gmt":"2026-04-08T16:15:34","slug":"perfume-masculino-armaf-odyssey-revolution-ultra-edition-edp-100ml","status":"publish","type":"product","link":"https:\/\/brandss.com.py\/index\/producto\/perfume-masculino-armaf-odyssey-revolution-ultra-edition-edp-100ml\/","title":{"rendered":"PERFUME MASCULINO ARMAF ODYSSEY REVOLUTION ULTRA EDITION EDP 100ML"},"content":{"rendered":"<p><img loading=\"lazy\" decoding=\"async\" class=\"\" src=\"https:\/\/odora.bg\/wp-content\/uploads\/2025\/08\/ZXVZX.png\" alt=\"Armaf - ODORA\" width=\"102\" height=\"102\" \/><\/p>\n<h3>ODYSSEY REVOLUTION ULTRA EDITION<\/h3>\n<p>Captura la esencia de la transformaci\u00f3n sin miedo, es una fragancia audaz que destaca en la perfumer\u00eda masculina. Est\u00e1 dise\u00f1ado tanto para hombres que rompen con lo convencional y viven con ambici\u00f3n y energ\u00eda, ofreciendo un aroma seguro para el explorador urbano de hoy.<img loading=\"lazy\" decoding=\"async\" class=\"alignleft\" src=\"https:\/\/labelleperfumes.com\/cdn\/shop\/files\/armaf-odyssey-revolution-a4_1200x.webp?v=1762888548\" width=\"800\" height=\"800\" \/><\/p>\n<h3><\/h3>\n<h3>Notas Olfativas<\/h3>\n<p>&nbsp;<\/p>\n<p>Odyssey Revolution es una fragancia de la familia olfativa arom\u00e1tica frutal para hombres. Esta fragrancia es nueva. Odyssey Revolution se lanz\u00f3 en 2025.<\/p>\n<p><span dir=\"auto\">La fragancia se abre con una intensa mezcla de pi\u00f1a y grosella negra, combinada con la vibrante nota de naranja sanguina. Esto crea una sensaci\u00f3n fresca y tropical, a la vez vivaz y estimulante. <\/span><\/p>\n<p><b><\/b><span dir=\"auto\">La fragancia evoluciona hacia un n\u00facleo rico y sofisticado de pralin\u00e9 y ciruela, que equilibra la nota frutal principal. A medida que se desarrolla, las notas de pralin\u00e9 y ciruela a\u00f1aden una dulzura intensa, equilibrada por el c\u00e1lido toque especiado del cardamomo. <\/span><\/p>\n<p><span dir=\"auto\">Esto crea una transici\u00f3n suave desde la apertura frutal hasta una estela distintiva y cautivadora que perdura durante horas en la piel y d\u00edas en la ropa.\u00a0<\/span><\/p>\n<p dir=\"ltr\"><strong><span dir=\"auto\">Notas de salida:<\/span><\/strong><span dir=\"auto\"> grosella negra, naranja sanguina, pi\u00f1a, salvia.<\/span><br \/>\n<strong><span dir=\"auto\">Notas de coraz\u00f3n:<\/span><\/strong><span dir=\"auto\"> cardamomo, vainilla, pralin\u00e9, ciruela.<\/span><br \/>\n<strong><span dir=\"auto\">Notas de fondo:<\/span><\/strong><span dir=\"auto\"> haba tonka, pachul\u00ed.<\/span><\/p>\n","protected":false},"excerpt":{"rendered":"<p>ODYSSEY REVOLUTION ULTRA EDITION Captura la esencia de la transformaci\u00f3n sin miedo, es una fragancia audaz que destaca en la<\/p>\n","protected":false},"featured_media":101569,"comment_status":"open","ping_status":"closed","template":"","meta":{"nf_dc_page":""},"product_brand":[106],"product_cat":[84],"product_tag":[3402],"class_list":{"0":"post-101567","1":"product","2":"type-product","3":"status-publish","4":"has-post-thumbnail","6":"product_brand-armaf","7":"product_cat-perfumeria","8":"product_tag-3402","10":"first","11":"instock","12":"shipping-taxable","13":"purchasable","14":"product-type-simple"},"_links":{"self":[{"href":"https:\/\/brandss.com.py\/index\/wp-json\/wp\/v2\/product\/101567","targetHints":{"allow":["GET"]}}],"collection":[{"href":"https:\/\/brandss.com.py\/index\/wp-json\/wp\/v2\/product"}],"about":[{"href":"https:\/\/brandss.com.py\/index\/wp-json\/wp\/v2\/types\/product"}],"replies":[{"embeddable":true,"href":"https:\/\/brandss.com.py\/index\/wp-json\/wp\/v2\/comments?post=101567"}],"version-history":[{"count":1,"href":"https:\/\/brandss.com.py\/index\/wp-json\/wp\/v2\/product\/101567\/revisions"}],"predecessor-version":[{"id":101575,"href":"https:\/\/brandss.com.py\/index\/wp-json\/wp\/v2\/product\/101567\/revisions\/101575"}],"wp:featuredmedia":[{"embeddable":true,"href":"https:\/\/brandss.com.py\/index\/wp-json\/wp\/v2\/media\/101569"}],"wp:attachment":[{"href":"https:\/\/brandss.com.py\/index\/wp-json\/wp\/v2\/media?parent=101567"}],"wp:term":[{"taxonomy":"product_brand","embeddable":true,"href":"https:\/\/brandss.com.py\/index\/wp-json\/wp\/v2\/product_brand?post=101567"},{"taxonomy":"product_cat","embeddable":true,"href":"https:\/\/brandss.com.py\/index\/wp-json\/wp\/v2\/product_cat?post=101567"},{"taxonomy":"product_tag","embeddable":true,"href":"https:\/\/brandss.com.py\/index\/wp-json\/wp\/v2\/product_tag?post=101567"}],"curies":[{"name":"wp","href":"https:\/\/api.w.org\/{rel}","templated":true}]}}