{"id":101585,"date":"2026-04-08T18:35:46","date_gmt":"2026-04-08T18:35:46","guid":{"rendered":"https:\/\/brandss.com.py\/index\/?post_type=product&#038;p=101585"},"modified":"2026-04-08T19:05:17","modified_gmt":"2026-04-08T19:05:17","slug":"crema-corporal-femenino-afeer-angel-250ml","status":"publish","type":"product","link":"https:\/\/brandss.com.py\/index\/producto\/crema-corporal-femenino-afeer-angel-250ml\/","title":{"rendered":"CREMA CORPORAL FEMENINO AFEER ANGEL 250ML"},"content":{"rendered":"<p><img loading=\"lazy\" decoding=\"async\" class=\"\" src=\"https:\/\/afeer.com.br\/cdn\/shop\/files\/Logo.png?v=1761759127\" alt=\"Produtos \u2013 Afeer\" width=\"70\" height=\"70\" \/><\/p>\n<h1>ANGEL<\/h1>\n<p>Es una crema corporal de lujo dise\u00f1ada para proporcionar una hidrataci\u00f3n intensa mientras perfuma delicadamente la piel. Su fragancia est\u00e1 inspirada en el ic\u00f3nico perfume Angel, presentando notas dulces y terrosas que crean un aura de sofisticaci\u00f3n y confort. Su f\u00f3rmula de r\u00e1pida absorci\u00f3n deja la piel suave, aterciopelada y con un brillo saludable durante todo el d\u00eda.<\/p>\n<h3>Notas Olfativas<\/h3>\n<p><strong>Notas de salida: <\/strong>bergamota, algod\u00f3n de az\u00facar.<br \/>\n<strong>Notas de coraz\u00f3n: <\/strong>miel, frutos rojos, bayas.<br \/>\n<strong>Nota de fondo: <\/strong>pachul\u00ed, vainilla, chocolate.<\/p>\n","protected":false},"excerpt":{"rendered":"<p>ANGEL Es una crema corporal de lujo dise\u00f1ada para proporcionar una hidrataci\u00f3n intensa mientras perfuma delicadamente la piel. Su fragancia<\/p>\n","protected":false},"featured_media":101586,"comment_status":"open","ping_status":"closed","template":"","meta":{"nf_dc_page":""},"product_brand":[3404],"product_cat":[85],"product_tag":[3405],"class_list":{"0":"post-101585","1":"product","2":"type-product","3":"status-publish","4":"has-post-thumbnail","6":"product_brand-afeer","7":"product_cat-cosmeticos","8":"product_tag-3405","10":"first","11":"instock","12":"shipping-taxable","13":"purchasable","14":"product-type-simple"},"_links":{"self":[{"href":"https:\/\/brandss.com.py\/index\/wp-json\/wp\/v2\/product\/101585","targetHints":{"allow":["GET"]}}],"collection":[{"href":"https:\/\/brandss.com.py\/index\/wp-json\/wp\/v2\/product"}],"about":[{"href":"https:\/\/brandss.com.py\/index\/wp-json\/wp\/v2\/types\/product"}],"replies":[{"embeddable":true,"href":"https:\/\/brandss.com.py\/index\/wp-json\/wp\/v2\/comments?post=101585"}],"version-history":[{"count":2,"href":"https:\/\/brandss.com.py\/index\/wp-json\/wp\/v2\/product\/101585\/revisions"}],"predecessor-version":[{"id":101590,"href":"https:\/\/brandss.com.py\/index\/wp-json\/wp\/v2\/product\/101585\/revisions\/101590"}],"wp:featuredmedia":[{"embeddable":true,"href":"https:\/\/brandss.com.py\/index\/wp-json\/wp\/v2\/media\/101586"}],"wp:attachment":[{"href":"https:\/\/brandss.com.py\/index\/wp-json\/wp\/v2\/media?parent=101585"}],"wp:term":[{"taxonomy":"product_brand","embeddable":true,"href":"https:\/\/brandss.com.py\/index\/wp-json\/wp\/v2\/product_brand?post=101585"},{"taxonomy":"product_cat","embeddable":true,"href":"https:\/\/brandss.com.py\/index\/wp-json\/wp\/v2\/product_cat?post=101585"},{"taxonomy":"product_tag","embeddable":true,"href":"https:\/\/brandss.com.py\/index\/wp-json\/wp\/v2\/product_tag?post=101585"}],"curies":[{"name":"wp","href":"https:\/\/api.w.org\/{rel}","templated":true}]}}