{"id":101606,"date":"2026-04-09T12:14:22","date_gmt":"2026-04-09T12:14:22","guid":{"rendered":"https:\/\/brandss.com.py\/index\/?post_type=product&#038;p=101606"},"modified":"2026-04-09T12:14:53","modified_gmt":"2026-04-09T12:14:53","slug":"crema-corporal-femenino-afeer-fakhar-rose-gold-250gr","status":"publish","type":"product","link":"https:\/\/brandss.com.py\/index\/producto\/crema-corporal-femenino-afeer-fakhar-rose-gold-250gr\/","title":{"rendered":"CREMA CORPORAL FEMENINO AFEER FAKHAR ROSE GOLD 250GR"},"content":{"rendered":"<p><img loading=\"lazy\" decoding=\"async\" class=\"\" src=\"https:\/\/afeer.com.br\/cdn\/shop\/files\/Logo.png?v=1761759127\" alt=\"Produtos \u2013 Afeer\" width=\"93\" height=\"93\" \/><\/p>\n<h1>FAKHAR ROSE GOLD<\/h1>\n<p>Descubre la lujosa crema corporal hidratante Fakhar Rose, una experiencia sensorial \u00fanica que combina una hidrataci\u00f3n profunda con la delicada fragancia de rosas. Con su rica y cremosa f\u00f3rmula, esta crema hidratante ofrece una larga duraci\u00f3n para mantener tu piel nutrida y perfumada por m\u00e1s tiempo. El elegante envase con acabado dorado a\u00f1ade un toque de sofisticaci\u00f3n a tu rutina diaria de cuidado de la piel. Ideal para todo tipo de piel, la crema proporciona una hidrataci\u00f3n intensa, dejando la piel suave, sedosa y delicadamente perfumada. Su textura aterciopelada se absorbe f\u00e1cilmente, sin dejar sensaci\u00f3n pegajosa. Perfecta para el uso diario, esta lujosa crema corporal transformar\u00e1 tu rutina de cuidado de la piel en un momento verdaderamente especial, brind\u00e1ndote una experiencia de spa en la comodidad de tu hogar.<\/p>\n<h3>Beneficios<\/h3>\n<ul>\n<li><span dir=\"auto\">Aroma duradero, e<\/span><span dir=\"auto\">l aroma de este perfume es duradero, lo que garantiza que te sientas perfumado durante m\u00e1s tiempo.<\/span><\/li>\n<li><span dir=\"auto\">Suave, c<\/span><span dir=\"auto\">on un delicado aroma, es ideal para el uso diario. No dejes de probar este perfume para cuerpo y cabello.<\/span><\/li>\n<li><span dir=\"auto\">Absorci\u00f3n r\u00e1pida.<\/span><\/li>\n<li><span dir=\"auto\">Hidrataci\u00f3n profunda.<\/span><\/li>\n<\/ul>\n","protected":false},"excerpt":{"rendered":"<p>FAKHAR ROSE GOLD Descubre la lujosa crema corporal hidratante Fakhar Rose, una experiencia sensorial \u00fanica que combina una hidrataci\u00f3n profunda<\/p>\n","protected":false},"featured_media":101607,"comment_status":"open","ping_status":"closed","template":"","meta":{"nf_dc_page":""},"product_brand":[3404],"product_cat":[85],"product_tag":[3408],"class_list":{"0":"post-101606","1":"product","2":"type-product","3":"status-publish","4":"has-post-thumbnail","6":"product_brand-afeer","7":"product_cat-cosmeticos","8":"product_tag-3408","10":"first","11":"instock","12":"shipping-taxable","13":"purchasable","14":"product-type-simple"},"_links":{"self":[{"href":"https:\/\/brandss.com.py\/index\/wp-json\/wp\/v2\/product\/101606","targetHints":{"allow":["GET"]}}],"collection":[{"href":"https:\/\/brandss.com.py\/index\/wp-json\/wp\/v2\/product"}],"about":[{"href":"https:\/\/brandss.com.py\/index\/wp-json\/wp\/v2\/types\/product"}],"replies":[{"embeddable":true,"href":"https:\/\/brandss.com.py\/index\/wp-json\/wp\/v2\/comments?post=101606"}],"version-history":[{"count":1,"href":"https:\/\/brandss.com.py\/index\/wp-json\/wp\/v2\/product\/101606\/revisions"}],"predecessor-version":[{"id":101612,"href":"https:\/\/brandss.com.py\/index\/wp-json\/wp\/v2\/product\/101606\/revisions\/101612"}],"wp:featuredmedia":[{"embeddable":true,"href":"https:\/\/brandss.com.py\/index\/wp-json\/wp\/v2\/media\/101607"}],"wp:attachment":[{"href":"https:\/\/brandss.com.py\/index\/wp-json\/wp\/v2\/media?parent=101606"}],"wp:term":[{"taxonomy":"product_brand","embeddable":true,"href":"https:\/\/brandss.com.py\/index\/wp-json\/wp\/v2\/product_brand?post=101606"},{"taxonomy":"product_cat","embeddable":true,"href":"https:\/\/brandss.com.py\/index\/wp-json\/wp\/v2\/product_cat?post=101606"},{"taxonomy":"product_tag","embeddable":true,"href":"https:\/\/brandss.com.py\/index\/wp-json\/wp\/v2\/product_tag?post=101606"}],"curies":[{"name":"wp","href":"https:\/\/api.w.org\/{rel}","templated":true}]}}