{"id":101632,"date":"2026-04-09T13:53:54","date_gmt":"2026-04-09T13:53:54","guid":{"rendered":"https:\/\/brandss.com.py\/index\/?post_type=product&#038;p=101632"},"modified":"2026-04-09T13:54:14","modified_gmt":"2026-04-09T13:54:14","slug":"crema-corporal-masculino-ard-al-zaafaran-asad-black-280gr","status":"publish","type":"product","link":"https:\/\/brandss.com.py\/index\/producto\/crema-corporal-masculino-ard-al-zaafaran-asad-black-280gr\/","title":{"rendered":"CREMA CORPORAL MASCULINO ARD AL ZAAFARAN ASAD BLACK 280GR"},"content":{"rendered":"<p><img loading=\"lazy\" decoding=\"async\" class=\"\" src=\"https:\/\/ardalzaafaranshop.com\/cdn\/shop\/files\/Ard_Al_Zaafaran_Logo_-_Edited.png?crop=center&amp;height=533&amp;v=1725426151&amp;width=415\" alt=\"About Us \u2013 ArdAlZaafaranShop\" width=\"80\" height=\"103\" \/><\/p>\n<h1>ASAD BLACK<\/h1>\n<p>Donde el cuidado personal se une a la fuerza de un \u00edcono. La crema corporal Asad envuelve tu piel en un profundo abrazo hidratante, dejando una inconfundible estela de especias y vainilla. M\u00e1s que una crema, es el secreto para una piel impecable y una fragancia que perdura.<img loading=\"lazy\" decoding=\"async\" class=\"alignleft\" src=\"https:\/\/http2.mlstatic.com\/D_NQ_NP_2X_932389-MLA106785873370_022026-F.webp\" width=\"337\" height=\"337\" \/><\/p>\n<p><span dir=\"auto\">Transforma tu rutina de cuidado facial con la crema corporal hidratante de 24 horas Ard Al Zaafaran Asad. Desarrollada para el hombre moderno, esta lujosa crema proporciona una hidrataci\u00f3n intensa durante 24 horas, transformando la piel seca o \u00e1spera en una superficie sedosa y luminosa.<\/span><\/p>\n<p><span dir=\"auto\">Su rica f\u00f3rmula est\u00e1 impregnada con la ic\u00f3nica fragancia de Asad, con notas magn\u00e9ticas de pimienta negra, pi\u00f1a, caf\u00e9 y \u00e1mbar. Enriquecida con manteca de karit\u00e9 y aceite de almendras, nutre profundamente sin dejar la piel grasa, brindando confort y una sensaci\u00f3n sofisticada que perdura todo el d\u00eda.<\/span><\/p>\n<p><span dir=\"auto\">Ideal para usar solo o en combinaci\u00f3n con el perfume Asad para intensificar la proyecci\u00f3n y duraci\u00f3n de la fragancia. S\u00e9 la protagonista de tu propio viaje con una piel hidratada, suave y con una fragancia intensa.<\/span><\/p>\n<p>&nbsp;<\/p>\n","protected":false},"excerpt":{"rendered":"<p>ASAD BLACK Donde el cuidado personal se une a la fuerza de un \u00edcono. La crema corporal Asad envuelve tu<\/p>\n","protected":false},"featured_media":101633,"comment_status":"open","ping_status":"closed","template":"","meta":{"nf_dc_page":""},"product_brand":[110],"product_cat":[85],"product_tag":[3412],"class_list":{"0":"post-101632","1":"product","2":"type-product","3":"status-publish","4":"has-post-thumbnail","6":"product_brand-ard-al-zaafaran","7":"product_cat-cosmeticos","8":"product_tag-3412","10":"first","11":"instock","12":"shipping-taxable","13":"purchasable","14":"product-type-simple"},"_links":{"self":[{"href":"https:\/\/brandss.com.py\/index\/wp-json\/wp\/v2\/product\/101632","targetHints":{"allow":["GET"]}}],"collection":[{"href":"https:\/\/brandss.com.py\/index\/wp-json\/wp\/v2\/product"}],"about":[{"href":"https:\/\/brandss.com.py\/index\/wp-json\/wp\/v2\/types\/product"}],"replies":[{"embeddable":true,"href":"https:\/\/brandss.com.py\/index\/wp-json\/wp\/v2\/comments?post=101632"}],"version-history":[{"count":1,"href":"https:\/\/brandss.com.py\/index\/wp-json\/wp\/v2\/product\/101632\/revisions"}],"predecessor-version":[{"id":101639,"href":"https:\/\/brandss.com.py\/index\/wp-json\/wp\/v2\/product\/101632\/revisions\/101639"}],"wp:featuredmedia":[{"embeddable":true,"href":"https:\/\/brandss.com.py\/index\/wp-json\/wp\/v2\/media\/101633"}],"wp:attachment":[{"href":"https:\/\/brandss.com.py\/index\/wp-json\/wp\/v2\/media?parent=101632"}],"wp:term":[{"taxonomy":"product_brand","embeddable":true,"href":"https:\/\/brandss.com.py\/index\/wp-json\/wp\/v2\/product_brand?post=101632"},{"taxonomy":"product_cat","embeddable":true,"href":"https:\/\/brandss.com.py\/index\/wp-json\/wp\/v2\/product_cat?post=101632"},{"taxonomy":"product_tag","embeddable":true,"href":"https:\/\/brandss.com.py\/index\/wp-json\/wp\/v2\/product_tag?post=101632"}],"curies":[{"name":"wp","href":"https:\/\/api.w.org\/{rel}","templated":true}]}}