{"id":101672,"date":"2026-04-09T18:18:58","date_gmt":"2026-04-09T18:18:58","guid":{"rendered":"https:\/\/brandss.com.py\/index\/?post_type=product&#038;p=101672"},"modified":"2026-04-09T18:19:27","modified_gmt":"2026-04-09T18:19:27","slug":"mascara-capilar-loreal-serie-expert-curl-expression-500ml","status":"publish","type":"product","link":"https:\/\/brandss.com.py\/index\/producto\/mascara-capilar-loreal-serie-expert-curl-expression-500ml\/","title":{"rendered":"M\u00c1SCARA CAPILAR L\u2019OREAL SERIE EXPERT CURL EXPRESSION 500ML"},"content":{"rendered":"<p><img loading=\"lazy\" decoding=\"async\" class=\"\" src=\"https:\/\/logolook.net\/wp-content\/uploads\/2022\/11\/LOreal-Logo.png\" alt=\"L'Or\u00e9al Logo and symbol, meaning, history, sign.\" width=\"91\" height=\"51\" \/><\/p>\n<h1>CURL EXPRESSION<\/h1>\n<p>Es un tratamiento capilar dise\u00f1ado para definir, nutrir e hidratar los rizos. Formulada espec\u00edficamente para cabello rizado y ondulado, esta m\u00e1scara ofrece una definici\u00f3n perfecta de los rizos, controlando el frizz y proporcionando una hidrataci\u00f3n profunda. La mascarilla Curl Expression est\u00e1 dise\u00f1ada para tratar los rizos y las ondas de manera pro. Hidrata profundamente y desenreda rizos y ondas para un resultado de disciplina y sensaci\u00f3n de lujo. El cabello queda birllante y hasta 2 veces m\u00e1s hidratado.<img loading=\"lazy\" decoding=\"async\" class=\"alignleft\" src=\"https:\/\/cdn.salla.sa\/nGgdb\/29d60459-80ed-4950-a0b2-54ec843bf7db-1000x1000-M1HQHUV1JBktjvDFkpapMLLAYr6pDZivALRTPou0.jpg\" width=\"676\" height=\"676\" \/><\/p>\n<p>Para cabello rizado. La mascarilla capilar Curl Expression de L&#8217;Or\u00e9al cuida el cabello rizado, realzando sus rizos y proporcion\u00e1ndole la hidrataci\u00f3n profunda que necesita. Su eficaz f\u00f3rmula con un 2,5 % de glicerina, urea H y semillas de hibisco mejora la elasticidad del cabello y define mejor los rizos, dej\u00e1ndolo suave y brillante.<\/p>\n<h3>Caracter\u00edsticas<\/h3>\n<ul>\n<li><strong>Hidrataci\u00f3n profunda:<\/strong> contiene un 2,5 % de glicerina y urea H, que proporcionan una nutrici\u00f3n e hidrataci\u00f3n profundas al cabello rizado, dej\u00e1ndolo suave y brillante.<\/li>\n<li><strong>Realza los rizos:<\/strong> las semillas de hibisco ayudan a mejorar la elasticidad del cabello y a definir mejor los rizos.<\/li>\n<li><strong>Ingredientes nutritivos:<\/strong> contiene ingredientes activos que mejoran la salud y la fuerza del cabello.<\/li>\n<li><strong>F\u00e1cil de manejar:<\/strong> facilita el control y el peinado del cabello rizado.<\/li>\n<li><strong>Protecci\u00f3n contra el encrespamiento:<\/strong> reduce el encrespamiento y mantiene los rizos en su lugar por m\u00e1s tiempo.<\/li>\n<\/ul>\n<h3 class=\"p1\">Beneficios<\/h3>\n<ul>\n<li class=\"p1\">Resultado uniforme y con brillo, con una sensaci\u00f3n de lujo.<\/li>\n<li class=\"p1\">Hidrata profundamente y desenreda los rizos y ondas.<\/li>\n<li class=\"p1\">2 veces mas hidratado.<\/li>\n<li class=\"p1\">Cabello uniforme y controlado.<\/li>\n<\/ul>\n<h3>Adecuado para<\/h3>\n<ul>\n<li>Cabello rizado.<\/li>\n<li>Cabello que necesita realzar sus rizos e hidratarse profundamente.<\/li>\n<li>Todo tipo de cabello rizado que requiere una nutrici\u00f3n intensiva.<\/li>\n<\/ul>\n<p>Consigue unos rizos perfectos y saludables con la mascarilla Curl Expression de L&#8217;Or\u00e9al. Su rica f\u00f3rmula con ingredientes nutritivos realza los rizos e hidrata profundamente el cabello, dej\u00e1ndolo suave, brillante y f\u00e1cil de peinar. Cons\u00edguela ahora y luce un cabello rizado hermoso y saludable.<\/p>\n<h3>Modo de uso<\/h3>\n<p>Despu\u00e9s de lavar el cabello con champ\u00fa, aplique una cantidad adecuada de la mascarilla sobre el cabello mojado.<br \/>\nMasajear suavemente desde la ra\u00edz hasta las puntas.<br \/>\nD\u00e9jelo reposar de 3 a 5 minutos.<br \/>\nEnjuagar bien con agua tibia.<br \/>\nPara obtener mejores resultados, \u00faselo una o dos veces por semana.<\/p>\n<p class=\"p1\">\n<strong>Tips pro:<\/strong>\u00a0Para una sensaci\u00f3n de lujo y unos rizos y ondas controlados, utiliza esta mascarilla aportando a tus rizos un brillo superior.<\/p>\n","protected":false},"excerpt":{"rendered":"<p>CURL EXPRESSION Es un tratamiento capilar dise\u00f1ado para definir, nutrir e hidratar los rizos. Formulada espec\u00edficamente para cabello rizado y<\/p>\n","protected":false},"featured_media":101673,"comment_status":"open","ping_status":"closed","template":"","meta":{"nf_dc_page":""},"product_brand":[349],"product_cat":[85],"product_tag":[3420],"class_list":{"0":"post-101672","1":"product","2":"type-product","3":"status-publish","4":"has-post-thumbnail","6":"product_brand-loreal","7":"product_cat-cosmeticos","8":"product_tag-3420","10":"first","11":"instock","12":"shipping-taxable","13":"purchasable","14":"product-type-simple"},"_links":{"self":[{"href":"https:\/\/brandss.com.py\/index\/wp-json\/wp\/v2\/product\/101672","targetHints":{"allow":["GET"]}}],"collection":[{"href":"https:\/\/brandss.com.py\/index\/wp-json\/wp\/v2\/product"}],"about":[{"href":"https:\/\/brandss.com.py\/index\/wp-json\/wp\/v2\/types\/product"}],"replies":[{"embeddable":true,"href":"https:\/\/brandss.com.py\/index\/wp-json\/wp\/v2\/comments?post=101672"}],"version-history":[{"count":1,"href":"https:\/\/brandss.com.py\/index\/wp-json\/wp\/v2\/product\/101672\/revisions"}],"predecessor-version":[{"id":101680,"href":"https:\/\/brandss.com.py\/index\/wp-json\/wp\/v2\/product\/101672\/revisions\/101680"}],"wp:featuredmedia":[{"embeddable":true,"href":"https:\/\/brandss.com.py\/index\/wp-json\/wp\/v2\/media\/101673"}],"wp:attachment":[{"href":"https:\/\/brandss.com.py\/index\/wp-json\/wp\/v2\/media?parent=101672"}],"wp:term":[{"taxonomy":"product_brand","embeddable":true,"href":"https:\/\/brandss.com.py\/index\/wp-json\/wp\/v2\/product_brand?post=101672"},{"taxonomy":"product_cat","embeddable":true,"href":"https:\/\/brandss.com.py\/index\/wp-json\/wp\/v2\/product_cat?post=101672"},{"taxonomy":"product_tag","embeddable":true,"href":"https:\/\/brandss.com.py\/index\/wp-json\/wp\/v2\/product_tag?post=101672"}],"curies":[{"name":"wp","href":"https:\/\/api.w.org\/{rel}","templated":true}]}}