{"id":101681,"date":"2026-04-09T18:36:28","date_gmt":"2026-04-09T18:36:28","guid":{"rendered":"https:\/\/brandss.com.py\/index\/?post_type=product&#038;p=101681"},"modified":"2026-04-09T18:37:54","modified_gmt":"2026-04-09T18:37:54","slug":"mascara-capilar-loreal-serie-expert-curl-expression-riche-rich-500ml","status":"publish","type":"product","link":"https:\/\/brandss.com.py\/index\/producto\/mascara-capilar-loreal-serie-expert-curl-expression-riche-rich-500ml\/","title":{"rendered":"M\u00c1SCARA CAPILAR L\u2019OREAL SERIE EXPERT CURL EXPRESSION RICHE RICH 500ML"},"content":{"rendered":"<p><img loading=\"lazy\" decoding=\"async\" class=\"\" src=\"https:\/\/logolook.net\/wp-content\/uploads\/2022\/11\/LOreal-Logo.png\" alt=\"L'Or\u00e9al Logo and symbol, meaning, history, sign.\" width=\"201\" height=\"113\" \/><\/p>\n<h1>CURL EXPRESSION RICHE RICH<\/h1>\n<div>\n<h5><em>Sistema hidratante intensivo &#8211; sensaci\u00f3n de lujo &#8211; para rizos y bucles.<\/em><\/h5>\n<p><span dir=\"auto\">La mascarilla intensiva Serie Expert Curl Expression es un tratamiento de cuidado profundo dise\u00f1ado para cabellos rizados, afro y muy rizados que necesitan una nutrici\u00f3n intensa. Su rica textura hidrata profundamente la fibra capilar, realza la definici\u00f3n de los rizos y deja el cabello suave, brillante y f\u00e1cil de peinar.<img loading=\"lazy\" decoding=\"async\" class=\"alignleft\" src=\"https:\/\/us.lorealprofessionnel.com\/-\/media\/project\/loreal\/brand-sites\/lp\/americas\/us\/products\/hair-care\/curl-expression\/intensive-moisturizer-rich-mask\/3-before-after_new.jpg?rev=644c3d0edf624b928dccac0d7fc9b9e2&amp;cx=0.5&amp;cy=0.5&amp;cw=1920&amp;ch=1920&amp;hash=9A29AC29759E807AFF8FD944DEFF83E8\" width=\"730\" height=\"730\" \/><\/span><\/p>\n<p>Esta m\u00e1scara profesional hidrata intensamente los rizos y bobinas mientras proporciona brillo y control de encrespamiento durante 48 horas para una sensaci\u00f3n de lujo. Formulado con glicerina para una hidrataci\u00f3n duradera y semillas de hibisco para mayor fuerza. Sin parabenos.<\/p>\n<h3><\/h3>\n<h3>Beneficios<\/h3>\n<ul>\n<li><span dir=\"auto\">Hidrataci\u00f3n profunda y nutrici\u00f3n para cabello rizado<\/span><\/li>\n<li><span dir=\"auto\">Mayor definici\u00f3n y suavidad de los rizos.<\/span><\/li>\n<li><span dir=\"auto\">Cabello suave, brillante y manejable<\/span><\/li>\n<\/ul>\n<\/div>\n<div>\n<h3><\/h3>\n<h3><span dir=\"auto\">Modo de uso<\/span><\/h3>\n<ol>\n<li><span dir=\"auto\">Despu\u00e9s de usar el champ\u00fa Curl Expression, aplique sobre el cabello secado con toalla, desde la ra\u00edz hasta las puntas.<\/span><\/li>\n<li>Deje actuar de 3 a 5 minutos y luego enjuague bien.<\/li>\n<li>\u00daselo semanalmente o seg\u00fan sea necesario.<\/li>\n<\/ol>\n<\/div>\n","protected":false},"excerpt":{"rendered":"<p>CURL EXPRESSION RICHE RICH Sistema hidratante intensivo &#8211; sensaci\u00f3n de lujo &#8211; para rizos y bucles. La mascarilla intensiva Serie<\/p>\n","protected":false},"featured_media":101682,"comment_status":"open","ping_status":"closed","template":"","meta":{"nf_dc_page":""},"product_brand":[349],"product_cat":[85],"product_tag":[3421],"class_list":{"0":"post-101681","1":"product","2":"type-product","3":"status-publish","4":"has-post-thumbnail","6":"product_brand-loreal","7":"product_cat-cosmeticos","8":"product_tag-3421","10":"first","11":"instock","12":"shipping-taxable","13":"purchasable","14":"product-type-simple"},"_links":{"self":[{"href":"https:\/\/brandss.com.py\/index\/wp-json\/wp\/v2\/product\/101681","targetHints":{"allow":["GET"]}}],"collection":[{"href":"https:\/\/brandss.com.py\/index\/wp-json\/wp\/v2\/product"}],"about":[{"href":"https:\/\/brandss.com.py\/index\/wp-json\/wp\/v2\/types\/product"}],"replies":[{"embeddable":true,"href":"https:\/\/brandss.com.py\/index\/wp-json\/wp\/v2\/comments?post=101681"}],"version-history":[{"count":1,"href":"https:\/\/brandss.com.py\/index\/wp-json\/wp\/v2\/product\/101681\/revisions"}],"predecessor-version":[{"id":101686,"href":"https:\/\/brandss.com.py\/index\/wp-json\/wp\/v2\/product\/101681\/revisions\/101686"}],"wp:featuredmedia":[{"embeddable":true,"href":"https:\/\/brandss.com.py\/index\/wp-json\/wp\/v2\/media\/101682"}],"wp:attachment":[{"href":"https:\/\/brandss.com.py\/index\/wp-json\/wp\/v2\/media?parent=101681"}],"wp:term":[{"taxonomy":"product_brand","embeddable":true,"href":"https:\/\/brandss.com.py\/index\/wp-json\/wp\/v2\/product_brand?post=101681"},{"taxonomy":"product_cat","embeddable":true,"href":"https:\/\/brandss.com.py\/index\/wp-json\/wp\/v2\/product_cat?post=101681"},{"taxonomy":"product_tag","embeddable":true,"href":"https:\/\/brandss.com.py\/index\/wp-json\/wp\/v2\/product_tag?post=101681"}],"curies":[{"name":"wp","href":"https:\/\/api.w.org\/{rel}","templated":true}]}}