{"id":101687,"date":"2026-04-09T18:59:38","date_gmt":"2026-04-09T18:59:38","guid":{"rendered":"https:\/\/brandss.com.py\/index\/?post_type=product&#038;p=101687"},"modified":"2026-04-09T19:00:02","modified_gmt":"2026-04-09T19:00:02","slug":"shampoo-capilar-loreal-serie-expert-curl-expression-300ml","status":"publish","type":"product","link":"https:\/\/brandss.com.py\/index\/producto\/shampoo-capilar-loreal-serie-expert-curl-expression-300ml\/","title":{"rendered":"SHAMPOO CAPILAR L\u2019OREAL SERIE EXPERT CURL EXPRESSION 300ML"},"content":{"rendered":"<p><img loading=\"lazy\" decoding=\"async\" class=\"\" src=\"https:\/\/logolook.net\/wp-content\/uploads\/2022\/11\/LOreal-Logo.png\" alt=\"L'Or\u00e9al Logo and symbol, meaning, history, sign.\" width=\"130\" height=\"73\" \/><\/p>\n<h1>CURL EXPRESSION<\/h1>\n<p>El Shampoo Curl Expression con su FORMULA PROFESIONAL con alta concentraci\u00f3n de Glicerina, Urea H y Semilla de Hibisco, limpia suavemente mientras brinda hidrataci\u00f3n intensiva de larga duraci\u00f3n, sin peso adicional para tu cabello. <span dir=\"auto\">El champ\u00fa en crema limpiador hidratante intensivo Curl Expression est\u00e1 dise\u00f1ado para limpiar rizos y bucles como un profesional. <\/span><span dir=\"auto\">Limpia suavemente el cabello a la vez que proporciona una hidrataci\u00f3n intensa y duradera. <\/span><span dir=\"auto\">Los rizos y bucles lucen saludables y se desenredan f\u00e1cilmente, listos para la aplicaci\u00f3n de mascarillas.<\/span><\/p>\n<h3>Ingredientes clave<img decoding=\"async\" class=\"alignleft\" src=\"https:\/\/www.beautyprofesional.com\/wp-content\/uploads\/2022\/06\/curl-expression-loreal-profesionnel-beautypro.jpg\" \/><\/h3>\n<ul>\n<li><strong>La glicerina<\/strong>\u00a0es un humectante a base de plantas que retiene el agua para una hidrataci\u00f3n duradera en las fibras m\u00e1s secas.<\/li>\n<li><strong>La Urea H<\/strong>, presente de forma natural en la piel, tiene la doble acci\u00f3n de retener la hidrataci\u00f3n y reforzar la barrera hidrolip\u00eddica.<\/li>\n<li><strong>La semilla de hibisco<\/strong>, extra\u00edda del coraz\u00f3n de la flor de hibisco, es una fuente natural s\u00faper rica en amino\u00e1cidos y vitaminas de alta calidad.<\/li>\n<\/ul>\n<h3>Caracter\u00edsticas<\/h3>\n<ul>\n<li><strong>Experiencia \u00fanica: <\/strong>esta formula tipo gel, libre de sulfatos y silicona, penetra f\u00e1cilmente la masa capilar llegando al cuerpo cabelludo con una formaci\u00f3n de espuma r\u00e1pida con una textura ligera.<\/li>\n<li><strong>Fragancia espectacular: <\/strong>una composici\u00f3n floral memorable de jazm\u00edn estrella, orqu\u00eddea y fresia en la parte superior, envuelta en una brisa refrescante de sal\u00f3n con una sobredosis de maderas de cedro preciosas.<\/li>\n<li><strong>Resultados: <\/strong>las impurezas acumuladas diariamente son eliminadas.<\/li>\n<li><strong>beneficios: <\/strong>brinda hidrataci\u00f3n de alta duraci\u00f3n mientras limpia crespos y rulos profundamente.<\/li>\n<\/ul>\n<h3>Beneficios<\/h3>\n<ul>\n<li>Hidrataci\u00f3n intensiva.<\/li>\n<li>Limpia el cabello.<\/li>\n<li>Crespos y rizos saludables.<\/li>\n<\/ul>\n<h4>Tipo de cabello:<\/h4>\n<p>Cabello rizado<\/p>\n<h4>Modo de uso:<\/h4>\n<ol>\n<li>Aplicar una vez por semana de manera uniforme sobre el cabello mojado.<\/li>\n<li>Espuma.<\/li>\n<li>Enjuague bien y aplique dos veces: Primera para limpiar, segunda para tratar.<\/li>\n<li>Cada dos semanas, es importante empezar tu rutina purificando profundamente la fibra de tu cabello para permitir que tu mascarilla y tu tratamiento leave-in puedan penetrar la fibra.<\/li>\n<\/ol>\n<p><strong>Pro tips:<\/strong><\/p>\n<ul>\n<li>Usar cada vez que hayas utilizado varias capas de leave-in desde el \u00faltimo shampoo.<\/li>\n<li>Perfecto para crespos con acceso f\u00e1cil al cuero cabelludo.<\/li>\n<\/ul>\n","protected":false},"excerpt":{"rendered":"<p>CURL EXPRESSION El Shampoo Curl Expression con su FORMULA PROFESIONAL con alta concentraci\u00f3n de Glicerina, Urea H y Semilla de<\/p>\n","protected":false},"featured_media":101688,"comment_status":"open","ping_status":"closed","template":"","meta":{"nf_dc_page":""},"product_brand":[349],"product_cat":[85],"product_tag":[3422],"class_list":{"0":"post-101687","1":"product","2":"type-product","3":"status-publish","4":"has-post-thumbnail","6":"product_brand-loreal","7":"product_cat-cosmeticos","8":"product_tag-3422","10":"first","11":"instock","12":"shipping-taxable","13":"purchasable","14":"product-type-simple"},"_links":{"self":[{"href":"https:\/\/brandss.com.py\/index\/wp-json\/wp\/v2\/product\/101687","targetHints":{"allow":["GET"]}}],"collection":[{"href":"https:\/\/brandss.com.py\/index\/wp-json\/wp\/v2\/product"}],"about":[{"href":"https:\/\/brandss.com.py\/index\/wp-json\/wp\/v2\/types\/product"}],"replies":[{"embeddable":true,"href":"https:\/\/brandss.com.py\/index\/wp-json\/wp\/v2\/comments?post=101687"}],"version-history":[{"count":1,"href":"https:\/\/brandss.com.py\/index\/wp-json\/wp\/v2\/product\/101687\/revisions"}],"predecessor-version":[{"id":101695,"href":"https:\/\/brandss.com.py\/index\/wp-json\/wp\/v2\/product\/101687\/revisions\/101695"}],"wp:featuredmedia":[{"embeddable":true,"href":"https:\/\/brandss.com.py\/index\/wp-json\/wp\/v2\/media\/101688"}],"wp:attachment":[{"href":"https:\/\/brandss.com.py\/index\/wp-json\/wp\/v2\/media?parent=101687"}],"wp:term":[{"taxonomy":"product_brand","embeddable":true,"href":"https:\/\/brandss.com.py\/index\/wp-json\/wp\/v2\/product_brand?post=101687"},{"taxonomy":"product_cat","embeddable":true,"href":"https:\/\/brandss.com.py\/index\/wp-json\/wp\/v2\/product_cat?post=101687"},{"taxonomy":"product_tag","embeddable":true,"href":"https:\/\/brandss.com.py\/index\/wp-json\/wp\/v2\/product_tag?post=101687"}],"curies":[{"name":"wp","href":"https:\/\/api.w.org\/{rel}","templated":true}]}}