{"id":101732,"date":"2026-04-10T13:59:21","date_gmt":"2026-04-10T13:59:21","guid":{"rendered":"https:\/\/brandss.com.py\/index\/?post_type=product&#038;p=101732"},"modified":"2026-04-10T13:59:53","modified_gmt":"2026-04-10T13:59:53","slug":"shampoo-capilar-loreal-serie-expert-new-silver-1500ml","status":"publish","type":"product","link":"https:\/\/brandss.com.py\/index\/producto\/shampoo-capilar-loreal-serie-expert-new-silver-1500ml\/","title":{"rendered":"SHAMPOO CAPILAR L\u2019OREAL SERIE EXPERT NEW SILVER 1500ML"},"content":{"rendered":"<p><img loading=\"lazy\" decoding=\"async\" class=\"\" src=\"https:\/\/1000marcas.net\/wp-content\/uploads\/2020\/01\/LOr%C3%A9al-Logo.png\" alt=\"LOreal Logo - s\u00edmbolo, significado logotipo, historia, PNG\" width=\"128\" height=\"72\" \/><\/p>\n<h1>NEW SILVER<\/h1>\n<p><span dir=\"auto\">El cabello gris y blanco merece lucir radiante sin que los tonos amarillentos le roben protagonismo. El champ\u00fa Serie Expert Silver ofrece una neutralizaci\u00f3n de calidad profesional que transforma los tonos apagados y cobrizos en un plateado brillante y fr\u00edo. Formulado con pigmentos violetas y magnesio, este champ\u00fa de confianza en salones de belleza limpia a la vez que deposita pigmentos violetas que contrarrestan los tonos c\u00e1lidos no deseados, dejando tu cabello gris o blanco natural con un aspecto vibrante y luminoso. Este formato de 1500 ml, ideal para uso profesional, ofrece una excelente relaci\u00f3n calidad-precio tanto para usuarios habituales como para profesionales.<\/span><\/p>\n<h3>Caracter\u00edsticas<\/h3>\n<p><span dir=\"auto\">Este champ\u00fa neutralizador e iluminador act\u00faa espec\u00edficamente sobre los tonos amarillos que se desarrollan naturalmente en el cabello gris y blanco. Factores ambientales, minerales del agua dura y la acumulaci\u00f3n de productos pueden contribuir a ese tono c\u00e1lido indeseado que hace que el cabello plateado luzca apagado en lugar de distinguido. Su f\u00f3rmula concentrada de tinte violeta act\u00faa seg\u00fan el principio de la teor\u00eda del color, donde el violeta neutraliza directamente el amarillo en la rueda crom\u00e1tica, restaurando al instante el aspecto fresco y brillante que tu cabello merece.<\/span><\/p>\n<p><span dir=\"auto\">Adem\u00e1s de neutralizar el color, la f\u00f3rmula deja el cabello incre\u00edblemente suave y con un brillo natural. El complejo de magnesio (acetato de magnesio) ayuda a fortalecer y acondicionar las fibras capilares durante el proceso de limpieza, logrando as\u00ed una correcci\u00f3n del color sin comprometer la salud ni la manejabilidad del cabello.<\/span><\/p>\n<h3><span dir=\"auto\">Tecnolog\u00eda clave<\/span><\/h3>\n<p><span dir=\"auto\">El champ\u00fa plateado utiliza un enfoque de doble acci\u00f3n que combina tintes violetas con magnesio para un cuidado integral:<\/span><\/p>\n<p><strong><span dir=\"auto\">Tintes violetas (CI 60730\/Violeta \u00c1cido 43):<\/span><\/strong><span dir=\"auto\">\u00a0Pigmentos violetas de calidad profesional que se depositan en las fibras capilares para neutralizar los tonos amarillos y c\u00e1lidos. Su intensidad est\u00e1 calibrada espec\u00edficamente para cabello gris y blanco, proporcionando una correcci\u00f3n eficaz sin sobrecolorar.<\/span><\/p>\n<p><strong><span dir=\"auto\">Magnesio (acetato de magnesio):<\/span><\/strong><span dir=\"auto\">\u00a0Este acondicionador mineral act\u00faa junto con amino\u00e1cidos como la glicina, la arginina y el \u00e1cido asp\u00e1rtico para mantener la fuerza y \u200b\u200bla suavidad del cabello durante el proceso de neutralizaci\u00f3n. Su f\u00f3rmula es segura para el cabello te\u00f1ido y ofrece una protecci\u00f3n comprobada de 48 horas.<\/span><\/p>\n<p><span dir=\"auto\">La inclusi\u00f3n de prote\u00edna de trigo hidrolizada proporciona un refuerzo adicional a la fibra, lo que ayuda a que el cabello gris mantenga su integridad y resista la fragilidad que puede aparecer con los cambios de textura relacionados con la edad.<\/span><\/p>\n<h3><span dir=\"auto\">\u00bfPara qui\u00e9n es?<\/span><\/h3>\n<p><span dir=\"auto\">El champ\u00fa para cabello plateado de 1500 ml es ideal para profesionales de la peluquer\u00eda y usuarios dom\u00e9sticos que buscan la mejor relaci\u00f3n calidad-precio. Es perfecto si utilizas champ\u00fa para cabello plateado con regularidad, si eres estilista y atiendes a clientes con canas, si quieres reducir los residuos de envases con un formato m\u00e1s grande o si prefieres tener un suministro duradero de tu champ\u00fa neutralizante favorito.<\/span><\/p>\n<p><span dir=\"auto\">Esta f\u00f3rmula est\u00e1 especialmente dise\u00f1ada para personas con canas naturales, cabello blanco o entrecano que desean mantener un aspecto luminoso y de tonos fr\u00edos. La f\u00f3rmula profesional de sal\u00f3n ha sido validada por los expertos de L&#8217;Or\u00e9al para garantizar resultados eficaces y fiables.<\/span><\/p>\n<h3>Beneficios<\/h3>\n<ul>\n<li><span dir=\"auto\">Aclara e ilumina el color del cabello gris, blanco o rubio claro.<\/span><\/li>\n<li><span dir=\"auto\">Incorpora un sistema neutralizador que contrarresta los tonos met\u00e1licos no deseados.<\/span><\/li>\n<li><span dir=\"auto\">Enriquecido con magnesio y agentes antiamarilleo para un brillo mejorado.<\/span><\/li>\n<li><span dir=\"auto\">Nutre y protege la fibra capilar, potenciando el brillo.<\/span><\/li>\n<\/ul>\n<h3><span dir=\"auto\">C\u00f3mo usar<\/span><\/h3>\n<p><span dir=\"auto\">Distribuye el champ\u00fa uniformemente sobre el cabello mojado. Masajea suavemente hasta crear abundante espuma, asegur\u00e1ndote de cubrir completamente desde la ra\u00edz hasta las puntas. Deja que los pigmentos violetas act\u00faen un momento y luego enjuaga bien. Para obtener resultados \u00f3ptimos, aplica a continuaci\u00f3n un acondicionador de la gama Blondifier para retener la hidrataci\u00f3n y potenciar el brillo.<\/span><\/p>\n<p><span dir=\"auto\">La frecuencia de uso depende de sus necesidades de neutralizaci\u00f3n. Para el mantenimiento, dos o tres veces por semana suele ser suficiente. Para una correcci\u00f3n m\u00e1s intensiva, el uso diario es seguro y eficaz.<\/span><\/p>\n<p><strong><span dir=\"auto\">Importante:<\/span><\/strong><span dir=\"auto\">\u00a0Este producto contiene tintes para el cabello que pueden causar reacciones al\u00e9rgicas. Realice una prueba de alergia 48 horas antes de cada uso. No lo use si tiene sarpullido en la cara, cuero cabelludo sensible o irritado, o si ha tenido alguna reacci\u00f3n al\u00e9rgica a un tinte para el cabello. No apto para menores de 16 a\u00f1os.<\/span><\/p>\n<h3><span dir=\"auto\">Resultados que puede esperar<\/span><\/h3>\n<p><span dir=\"auto\">Desde el primer lavado, notar\u00e1s una reducci\u00f3n visible de los tonos amarillos y un brillo realzado en tu cabello gris o blanco. Su f\u00f3rmula deja el cabello suave y acondicionado, sin resecarlo ni da\u00f1arlo. Con el uso regular, tus tonos plateados se mantendr\u00e1n siempre fr\u00edos y vibrantes, conservando ese brillo de reci\u00e9n salida de la peluquer\u00eda entre visitas al sal\u00f3n.<\/span><\/p>\n<p><span dir=\"auto\">El cabello luce radiante y con un acabado saludable y pulido que refleja la luz de forma espectacular. Su f\u00f3rmula ligera no apelmaza el cabello ni deja residuos, por lo que es ideal para uso diario sin preocuparse por la acumulaci\u00f3n de producto.<\/span><\/p>\n<h3><span dir=\"auto\">Tu rutina completa para el cabello plateado<\/span><\/h3>\n<p><span dir=\"auto\">Para obtener los m\u00e1ximos beneficios de neutralizaci\u00f3n y acondicionamiento, combine su champ\u00fa plateado con productos complementarios de la gama Blondifier. La\u00a0<\/span><span dir=\"auto\">mascarilla Blondifier<\/span><span dir=\"auto\">\u00a0proporciona un acondicionamiento profundo con polifenoles de a\u00e7ai para una mayor protecci\u00f3n antioxidante, mientras que el\u00a0<\/span><span dir=\"auto\">acondicionador Blondifier<\/span><span dir=\"auto\">\u00a0ofrece una hidrataci\u00f3n ligera diaria para mantener las canas suaves y manejables.<\/span><\/p>\n<h5>*El dosificador no est\u00e1 incluido en el tama\u00f1o de 1500 ml.<\/h5>\n","protected":false},"excerpt":{"rendered":"<p>NEW SILVER El cabello gris y blanco merece lucir radiante sin que los tonos amarillentos le roben protagonismo. El champ\u00fa<\/p>\n","protected":false},"featured_media":101733,"comment_status":"open","ping_status":"closed","template":"","meta":{"nf_dc_page":""},"product_brand":[349],"product_cat":[85],"product_tag":[3427],"class_list":{"0":"post-101732","1":"product","2":"type-product","3":"status-publish","4":"has-post-thumbnail","6":"product_brand-loreal","7":"product_cat-cosmeticos","8":"product_tag-3427","10":"first","11":"instock","12":"shipping-taxable","13":"purchasable","14":"product-type-simple"},"_links":{"self":[{"href":"https:\/\/brandss.com.py\/index\/wp-json\/wp\/v2\/product\/101732","targetHints":{"allow":["GET"]}}],"collection":[{"href":"https:\/\/brandss.com.py\/index\/wp-json\/wp\/v2\/product"}],"about":[{"href":"https:\/\/brandss.com.py\/index\/wp-json\/wp\/v2\/types\/product"}],"replies":[{"embeddable":true,"href":"https:\/\/brandss.com.py\/index\/wp-json\/wp\/v2\/comments?post=101732"}],"version-history":[{"count":1,"href":"https:\/\/brandss.com.py\/index\/wp-json\/wp\/v2\/product\/101732\/revisions"}],"predecessor-version":[{"id":101736,"href":"https:\/\/brandss.com.py\/index\/wp-json\/wp\/v2\/product\/101732\/revisions\/101736"}],"wp:featuredmedia":[{"embeddable":true,"href":"https:\/\/brandss.com.py\/index\/wp-json\/wp\/v2\/media\/101733"}],"wp:attachment":[{"href":"https:\/\/brandss.com.py\/index\/wp-json\/wp\/v2\/media?parent=101732"}],"wp:term":[{"taxonomy":"product_brand","embeddable":true,"href":"https:\/\/brandss.com.py\/index\/wp-json\/wp\/v2\/product_brand?post=101732"},{"taxonomy":"product_cat","embeddable":true,"href":"https:\/\/brandss.com.py\/index\/wp-json\/wp\/v2\/product_cat?post=101732"},{"taxonomy":"product_tag","embeddable":true,"href":"https:\/\/brandss.com.py\/index\/wp-json\/wp\/v2\/product_tag?post=101732"}],"curies":[{"name":"wp","href":"https:\/\/api.w.org\/{rel}","templated":true}]}}