{"id":101747,"date":"2026-04-10T16:37:02","date_gmt":"2026-04-10T16:37:02","guid":{"rendered":"https:\/\/brandss.com.py\/index\/?post_type=product&#038;p=101747"},"modified":"2026-04-10T16:37:22","modified_gmt":"2026-04-10T16:37:22","slug":"shampoo-capilar-loreal-expert-series-metal-detox-1500ml","status":"publish","type":"product","link":"https:\/\/brandss.com.py\/index\/producto\/shampoo-capilar-loreal-expert-series-metal-detox-1500ml\/","title":{"rendered":"SHAMPOO CAPILAR L&#8217;OR\u00c9AL EXPERT SERIES METAL DETOX 1500ML"},"content":{"rendered":"<p><img loading=\"lazy\" decoding=\"async\" class=\"\" src=\"https:\/\/1000marcas.net\/wp-content\/uploads\/2020\/01\/LOr%C3%A9al-Logo.png\" alt=\"LOreal Logo - s\u00edmbolo, significado logotipo, historia, PNG\" width=\"73\" height=\"41\" \/><\/p>\n<h1>METAL DETOX<\/h1>\n<p>Revitalice los revestimientos de color con el Champ\u00fa Crema Limpiadora Metal Detox Expert L\u00b4Or\u00e9al Professionnel. Este champ\u00fa sin sulfatos ayuda a limpiar los dep\u00f3sitos de cobre inducidos por el agua que pueden afectar a la vitalidad del cabello e incluso provocar su rotura. Su f\u00f3rmula envuelve el cabello en una espuma nutritiva que ayuda a proteger su color y mantener su luminosidad. Con un aroma c\u00edtrico energizante, el champ\u00fa est\u00e1 dise\u00f1ado para complementar el pretratamiento de desintoxicaci\u00f3n de metales para una mejor rutina de cuidado del cabello.<img loading=\"lazy\" decoding=\"async\" class=\"alignleft\" src=\"https:\/\/es.lorealpartnershop.com\/on\/demandware.static\/-\/Sites-master-PPD-ES\/default\/dw83c15eb2\/products\/30160668_EN_3.jpg\" width=\"514\" height=\"514\" \/><\/p>\n<p>Champ\u00fa en crema limpiador antimetal para cabellos sobreprocesados y coloreados. El metal que puede acumularse en el interior de la fibra capilar puede crear un riesgo de rotura e influir negativamente en los resultados de la coloraci\u00f3n. Este exceso de cobre en el interior de la fibra capilar puede interferir con el oxidante. Esto significa que el oxidante puede no ser capaz de hacer su trabajo correctamente. El resultado del color puede ser m\u00e1s apagado de lo esperado.<\/p>\n<h3><\/h3>\n<h3 id=\"benefits\"><strong>Beneficios<\/strong><\/h3>\n<ul>\n<li>Limpia suavemente la fibra y elimina la acumulaci\u00f3n de part\u00edculas met\u00e1licas.<\/li>\n<li>Desintoxica el cabello despu\u00e9s de cualquier servicio de coloraci\u00f3n, balayage o decoloraci\u00f3n.<\/li>\n<li>Sin impacto en la elevaci\u00f3n y absorci\u00f3n optimizada del color.<\/li>\n<li>Proporciona\u00a0un 87% menos de roturas\u00a0y\u00a0un resultado de color 100% fiable*.<\/li>\n<li>El color es uniforme, dura m\u00e1s y brilla intensamente.<\/li>\n<li>El cabello queda instant\u00e1neamente m\u00e1s liso, suave, brillante y nutrido.<\/li>\n<li>Gel sin sulfatos de textura ligera que forma espuma despu\u00e9s de emulsionar, f\u00e1cil de aclarar.<\/li>\n<li>Una memorable salida c\u00edtrica asociada a maderas almizcladas inconfundibles.<\/li>\n<li>Compatible con todos los colores y aclarados.<\/li>\n<\/ul>\n<p>*Prueba instrumental: pretratamiento Metal Detox + procedimiento t\u00e9cnico + champ\u00fa + mascarilla.<\/p>\n<h3><strong>Tecnolog\u00eda<\/strong><\/h3>\n<ul>\n<li><em>Glicoamina<\/em>\u00a0&#8211; tecnolog\u00eda patentada con Glicoamina. La f\u00f3rmula ayuda a neutralizar el exceso de cobre en el cabello.<\/li>\n<\/ul>\n<h3 id=\"how-to-use\"><strong>Modo de uso<\/strong><\/h3>\n<ul>\n<li>Aplicar uniformemente sobre el cabello h\u00famedo.<\/li>\n<li>Hacer espuma hasta obtener una espuma abundante.<\/li>\n<li>Aclarar.<\/li>\n<li>Para obtener mejores resultados, aplica despu\u00e9s la Mascarilla Metal Detox para proteger la fibra de los dep\u00f3sitos de part\u00edculas.<\/li>\n<\/ul>\n","protected":false},"excerpt":{"rendered":"<p>METAL DETOX Revitalice los revestimientos de color con el Champ\u00fa Crema Limpiadora Metal Detox Expert L\u00b4Or\u00e9al Professionnel. Este champ\u00fa sin<\/p>\n","protected":false},"featured_media":101748,"comment_status":"open","ping_status":"closed","template":"","meta":{"nf_dc_page":""},"product_brand":[349],"product_cat":[85],"product_tag":[3429],"class_list":{"0":"post-101747","1":"product","2":"type-product","3":"status-publish","4":"has-post-thumbnail","6":"product_brand-loreal","7":"product_cat-cosmeticos","8":"product_tag-3429","10":"first","11":"instock","12":"shipping-taxable","13":"purchasable","14":"product-type-simple"},"_links":{"self":[{"href":"https:\/\/brandss.com.py\/index\/wp-json\/wp\/v2\/product\/101747","targetHints":{"allow":["GET"]}}],"collection":[{"href":"https:\/\/brandss.com.py\/index\/wp-json\/wp\/v2\/product"}],"about":[{"href":"https:\/\/brandss.com.py\/index\/wp-json\/wp\/v2\/types\/product"}],"replies":[{"embeddable":true,"href":"https:\/\/brandss.com.py\/index\/wp-json\/wp\/v2\/comments?post=101747"}],"version-history":[{"count":1,"href":"https:\/\/brandss.com.py\/index\/wp-json\/wp\/v2\/product\/101747\/revisions"}],"predecessor-version":[{"id":101758,"href":"https:\/\/brandss.com.py\/index\/wp-json\/wp\/v2\/product\/101747\/revisions\/101758"}],"wp:featuredmedia":[{"embeddable":true,"href":"https:\/\/brandss.com.py\/index\/wp-json\/wp\/v2\/media\/101748"}],"wp:attachment":[{"href":"https:\/\/brandss.com.py\/index\/wp-json\/wp\/v2\/media?parent=101747"}],"wp:term":[{"taxonomy":"product_brand","embeddable":true,"href":"https:\/\/brandss.com.py\/index\/wp-json\/wp\/v2\/product_brand?post=101747"},{"taxonomy":"product_cat","embeddable":true,"href":"https:\/\/brandss.com.py\/index\/wp-json\/wp\/v2\/product_cat?post=101747"},{"taxonomy":"product_tag","embeddable":true,"href":"https:\/\/brandss.com.py\/index\/wp-json\/wp\/v2\/product_tag?post=101747"}],"curies":[{"name":"wp","href":"https:\/\/api.w.org\/{rel}","templated":true}]}}