{"id":101783,"date":"2026-04-10T18:45:42","date_gmt":"2026-04-10T18:45:42","guid":{"rendered":"https:\/\/brandss.com.py\/index\/?post_type=product&#038;p=101783"},"modified":"2026-04-10T18:46:03","modified_gmt":"2026-04-10T18:46:03","slug":"shampoo-capilar-tigi-bed-head-serial-blonde-400ml","status":"publish","type":"product","link":"https:\/\/brandss.com.py\/index\/producto\/shampoo-capilar-tigi-bed-head-serial-blonde-400ml\/","title":{"rendered":"SHAMPOO CAPILAR TIGI BED HEAD SERIAL BLONDE 400ML"},"content":{"rendered":"<div class=\"apm-lefttwothirdswrap apm-floatleft\">\n<div class=\"apm-centerthirdcol\">\n<h3><img loading=\"lazy\" decoding=\"async\" class=\"\" src=\"https:\/\/static.wikia.nocookie.net\/logopedia\/images\/7\/72\/5ecb821d3197b1000485b0a7.png\/revision\/latest?cb=20230314105439\" alt=\"Tigi Bed Head | Logopedia | Fandom\" width=\"152\" height=\"66\" \/><\/h3>\n<h1 class=\"a-spacing-mini\"><span dir=\"auto\">Serial Blonde<\/span><\/h1>\n<h5 class=\"a-spacing-mini a-color-secondary\"><em>Nuevo por fuera, igual de espectacular por dentro<\/em><\/h5>\n<p class=\"a-spacing-base\"><span dir=\"auto\">\u00bfEres rubia te\u00f1ida? Este champ\u00fa reparador, con queratina y amino\u00e1cidos, ayuda a revitalizar y cuidar el cabello rubio tratado qu\u00edmicamente. Si te encant\u00f3 el champ\u00fa Bed Head Dumb Blonde, \u00a1te encantar\u00e1 Serial Blonde!<\/span><\/p>\n<p class=\"a-spacing-mini a-color-secondary\"><span dir=\"auto\">PARA QUI\u00c9N: Ideal tanto para cabello rubio natural como te\u00f1ido.<\/span><\/p>\n<p class=\"a-spacing-mini a-color-secondary\"><span dir=\"auto\">FRAGANCIA: Tropical ex\u00f3tica<\/span><img decoding=\"async\" class=\"a-spacing-mini a-lazy-loaded alignleft\" style=\"color: #333333\" src=\"https:\/\/m.media-amazon.com\/images\/S\/aplus-media-library-service-media\/fd31d1ad-3f84-4ada-8d40-353dbeb99e38.__CR0,0,300,300_PT0_SX300_V1___.jpg\" alt=\"M\u00f3dulo 2\" \/><\/p>\n<\/div>\n<\/div>\n<div class=\"apm-rightthirdcol\">\n<div class=\"apm-rightthirdcol-inner\">\n<h3><\/h3>\n<h3><span dir=\"auto\">Beneficios clave<\/span><\/h3>\n<p>&nbsp;<\/p>\n<div class=\"a-box a-spacing-small a-color-alternate-background apm-listbox\">\n<div class=\"a-box-inner\">\n<ul class=\"a-unordered-list a-vertical\">\n<li><span class=\"a-list-item\"><span class=\"a-size-base\"><span dir=\"auto\">Cabello rubio de aspecto saludable.<\/span><\/span><\/span><\/li>\n<li><span class=\"a-list-item\"><span class=\"a-size-base\"><span dir=\"auto\">Cabello rubio liso y suave.<\/span><\/span><\/span><\/li>\n<li><span class=\"a-list-item\"><span class=\"a-size-base\"><span dir=\"auto\">El cabello queda m\u00e1s fuerte.<\/span><\/span><\/span><\/li>\n<\/ul>\n<\/div>\n<\/div>\n<\/div>\n<\/div>\n","protected":false},"excerpt":{"rendered":"<p>Serial Blonde Nuevo por fuera, igual de espectacular por dentro \u00bfEres rubia te\u00f1ida? Este champ\u00fa reparador, con queratina y amino\u00e1cidos,<\/p>\n","protected":false},"featured_media":101784,"comment_status":"open","ping_status":"closed","template":"","meta":{"nf_dc_page":""},"product_brand":[3388],"product_cat":[85],"product_tag":[3436],"class_list":{"0":"post-101783","1":"product","2":"type-product","3":"status-publish","4":"has-post-thumbnail","6":"product_brand-tigi-bed-head","7":"product_cat-cosmeticos","8":"product_tag-3436","10":"first","11":"instock","12":"shipping-taxable","13":"purchasable","14":"product-type-simple"},"_links":{"self":[{"href":"https:\/\/brandss.com.py\/index\/wp-json\/wp\/v2\/product\/101783","targetHints":{"allow":["GET"]}}],"collection":[{"href":"https:\/\/brandss.com.py\/index\/wp-json\/wp\/v2\/product"}],"about":[{"href":"https:\/\/brandss.com.py\/index\/wp-json\/wp\/v2\/types\/product"}],"replies":[{"embeddable":true,"href":"https:\/\/brandss.com.py\/index\/wp-json\/wp\/v2\/comments?post=101783"}],"version-history":[{"count":1,"href":"https:\/\/brandss.com.py\/index\/wp-json\/wp\/v2\/product\/101783\/revisions"}],"predecessor-version":[{"id":101790,"href":"https:\/\/brandss.com.py\/index\/wp-json\/wp\/v2\/product\/101783\/revisions\/101790"}],"wp:featuredmedia":[{"embeddable":true,"href":"https:\/\/brandss.com.py\/index\/wp-json\/wp\/v2\/media\/101784"}],"wp:attachment":[{"href":"https:\/\/brandss.com.py\/index\/wp-json\/wp\/v2\/media?parent=101783"}],"wp:term":[{"taxonomy":"product_brand","embeddable":true,"href":"https:\/\/brandss.com.py\/index\/wp-json\/wp\/v2\/product_brand?post=101783"},{"taxonomy":"product_cat","embeddable":true,"href":"https:\/\/brandss.com.py\/index\/wp-json\/wp\/v2\/product_cat?post=101783"},{"taxonomy":"product_tag","embeddable":true,"href":"https:\/\/brandss.com.py\/index\/wp-json\/wp\/v2\/product_tag?post=101783"}],"curies":[{"name":"wp","href":"https:\/\/api.w.org\/{rel}","templated":true}]}}