{"id":101791,"date":"2026-04-10T18:59:24","date_gmt":"2026-04-10T18:59:24","guid":{"rendered":"https:\/\/brandss.com.py\/index\/?post_type=product&#038;p=101791"},"modified":"2026-04-10T18:59:43","modified_gmt":"2026-04-10T18:59:43","slug":"acondicionador-capilar-tigi-bed-head-serial-blonde-400ml","status":"publish","type":"product","link":"https:\/\/brandss.com.py\/index\/producto\/acondicionador-capilar-tigi-bed-head-serial-blonde-400ml\/","title":{"rendered":"ACONDICIONADOR CAPILAR TIGI BED HEAD SERIAL BLONDE 400ML"},"content":{"rendered":"<p><img loading=\"lazy\" decoding=\"async\" class=\"\" src=\"https:\/\/static.wikia.nocookie.net\/logopedia\/images\/7\/72\/5ecb821d3197b1000485b0a7.png\/revision\/latest?cb=20230314105439\" alt=\"Tigi Bed Head | Logopedia | Fandom\" width=\"118\" height=\"51\" \/><\/p>\n<h1>SERIAL BLONDE<\/h1>\n<p>Es un acondicionador que preserva el color tanto para cabello te\u00f1ido como para cabello rubio natural. El acondicionador revive el cabello tratado qu\u00edmicamente y le da nueva vida al color del cabello mientras lo protege, y con la ayuda de la tecnolog\u00eda Protein Booster fortalece el cabello desde el interior para un cabello suave y saludable.<img loading=\"lazy\" decoding=\"async\" class=\"alignleft\" src=\"https:\/\/m.media-amazon.com\/images\/I\/81QL-XirtxL._SL1500_.jpg\" width=\"655\" height=\"655\" \/><\/p>\n<p>El acondicionador tambi\u00e9n a\u00f1ade humedad al cabello, mientras repara y fortalece el cabello da\u00f1ado y lo protege del encrespamiento y los mechones salientes. Enriquecido con dimeticona\/amodimeticona que protege y cuida el cabello da\u00f1ado, estearamidopropil dimetilamina que tambi\u00e9n cuida el cabello y reduce la est\u00e1tica. cabello y frizz, amino\u00e1cidos que fortalecen el cabello, as\u00ed como una mezcla de prote\u00ednas conocida por fortalecer y estructurar las prote\u00ednas del cabello. El b\u00e1lsamo tiene un aroma ex\u00f3tico y tropical.<\/p>\n<h3><\/h3>\n<h3><strong>Beneficios<\/strong><\/h3>\n<p>&nbsp;<\/p>\n<ul class=\"a-unordered-list a-vertical a-spacing-mini\">\n<li class=\"a-spacing-mini\"><span class=\"a-list-item\"><strong>Trae de vuelta el rubio:<\/strong> Revive tu cabello rubio da\u00f1ado o deste\u00f1ido con Serial Blonde, la l\u00ednea de restauraci\u00f3n exclusiva de Bed Head para rubias que necesitan fortalecimiento, nutrici\u00f3n y color. Cuando necesites traer de vuelta a tu rubia, Serial Blonde te tiene cubierto<\/span><\/li>\n<li class=\"a-spacing-mini\"><span class=\"a-list-item\"><strong>Resultados de sal\u00f3n en casa:<\/strong> Serial Blonde es nuestra l\u00ednea restauradora para el cuidado del cabello dise\u00f1ada espec\u00edficamente para aportar color y fuerza a las rubias da\u00f1adas y tratadas qu\u00edmicamente. Dise\u00f1ado y utilizado por profesionales del estilo, te encantar\u00e1n los resultados de calidad de tu sal\u00f3n desde casa<\/span><\/li>\n<li class=\"a-spacing-mini\"><span class=\"a-list-item\"><strong>F\u00f3rmula de reconstrucci\u00f3n rubia:<\/strong> queratina hidrolizada y prote\u00edna de leche restauran la fuerza y elasticidad al cabello rubio da\u00f1ado; los amino\u00e1cidos de arginina y lisina reparan y refuerzan las hebras fr\u00e1giles; el \u00e1cido l\u00e1ctico refina la cut\u00edcula para un brillo similar al vidrio y la vitalidad del color<\/span><\/li>\n<li class=\"a-spacing-mini\"><span class=\"a-list-item\"><strong>Para rubios naturales y te\u00f1idos:<\/strong> Serial Blonde trae de vuelta la rubia para todo tipo de cabello rubio. Blanqueadas o nacidas, las rubias de todos los colores pueden confiar en Serial Blonde para revivir las hebras da\u00f1adas, manteniendo tu color vibrante y tonos cobrizos a raya.<\/span><\/li>\n<\/ul>\n<h3><span class=\"a-list-item\">Modo de uso<\/span><\/h3>\n<ol>\n<li><span class=\"a-list-item\">Aplique el acondicionador a trav\u00e9s de longitudes medias hasta las puntas.<\/span><\/li>\n<li>D\u00e9jelo durante 3-5 minutos.<\/li>\n<li>Luego enjuague bien.<\/li>\n<li>Para una reparaci\u00f3n m\u00e1s profunda, \u00fasalo como m\u00e1scara y d\u00e9jalo actuar durante 5-10 minutos antes de enjuagar bien<\/li>\n<\/ol>\n","protected":false},"excerpt":{"rendered":"<p>SERIAL BLONDE Es un acondicionador que preserva el color tanto para cabello te\u00f1ido como para cabello rubio natural. El acondicionador<\/p>\n","protected":false},"featured_media":101792,"comment_status":"open","ping_status":"closed","template":"","meta":{"nf_dc_page":""},"product_brand":[3388],"product_cat":[85],"product_tag":[3437],"class_list":{"0":"post-101791","1":"product","2":"type-product","3":"status-publish","4":"has-post-thumbnail","6":"product_brand-tigi-bed-head","7":"product_cat-cosmeticos","8":"product_tag-3437","10":"first","11":"instock","12":"shipping-taxable","13":"purchasable","14":"product-type-simple"},"_links":{"self":[{"href":"https:\/\/brandss.com.py\/index\/wp-json\/wp\/v2\/product\/101791","targetHints":{"allow":["GET"]}}],"collection":[{"href":"https:\/\/brandss.com.py\/index\/wp-json\/wp\/v2\/product"}],"about":[{"href":"https:\/\/brandss.com.py\/index\/wp-json\/wp\/v2\/types\/product"}],"replies":[{"embeddable":true,"href":"https:\/\/brandss.com.py\/index\/wp-json\/wp\/v2\/comments?post=101791"}],"version-history":[{"count":1,"href":"https:\/\/brandss.com.py\/index\/wp-json\/wp\/v2\/product\/101791\/revisions"}],"predecessor-version":[{"id":101797,"href":"https:\/\/brandss.com.py\/index\/wp-json\/wp\/v2\/product\/101791\/revisions\/101797"}],"wp:featuredmedia":[{"embeddable":true,"href":"https:\/\/brandss.com.py\/index\/wp-json\/wp\/v2\/media\/101792"}],"wp:attachment":[{"href":"https:\/\/brandss.com.py\/index\/wp-json\/wp\/v2\/media?parent=101791"}],"wp:term":[{"taxonomy":"product_brand","embeddable":true,"href":"https:\/\/brandss.com.py\/index\/wp-json\/wp\/v2\/product_brand?post=101791"},{"taxonomy":"product_cat","embeddable":true,"href":"https:\/\/brandss.com.py\/index\/wp-json\/wp\/v2\/product_cat?post=101791"},{"taxonomy":"product_tag","embeddable":true,"href":"https:\/\/brandss.com.py\/index\/wp-json\/wp\/v2\/product_tag?post=101791"}],"curies":[{"name":"wp","href":"https:\/\/api.w.org\/{rel}","templated":true}]}}