{"id":101799,"date":"2026-04-11T12:05:32","date_gmt":"2026-04-11T12:05:32","guid":{"rendered":"https:\/\/brandss.com.py\/index\/?post_type=product&#038;p=101799"},"modified":"2026-04-11T12:06:34","modified_gmt":"2026-04-11T12:06:34","slug":"crema-facial-loreal-ht5-anti-brillo-matificante-anti-shine-50ml","status":"publish","type":"product","link":"https:\/\/brandss.com.py\/index\/producto\/crema-facial-loreal-ht5-anti-brillo-matificante-anti-shine-50ml\/","title":{"rendered":"CREMA FACIAL L&#8217;ORE\u00c1L HT5 ANTI BRILLO MATIFICANTE ANTI SHINE 50ML"},"content":{"rendered":"<p><img loading=\"lazy\" decoding=\"async\" class=\"\" src=\"https:\/\/1000marcas.net\/wp-content\/uploads\/2020\/01\/LOr%C3%A9al-Logo.png\" alt=\"LOreal Logo - s\u00edmbolo, significado logotipo, historia, PNG\" width=\"50\" height=\"28\" \/><\/p>\n<h1>HT5<\/h1>\n<p>Crema hidratante matificante ideal para pieles mixtas a grasas, con 5 beneficios en un solo paso: hidrata intensamente, controla el brillo, ayuda a reequilibrar la piel, minimiza la apariencia de poros e imperfecciones y suaviza, dejando un acabado fresco y uniforme. Los Laboratorios L&#8217;Or\u00e9al Paris crean Hidra-Total 5 Matificante, un tratamiento hidratante y matificante que cubre 5 necesidades de la piel mixta o grasa.<img loading=\"lazy\" decoding=\"async\" class=\"alignleft\" src=\"https:\/\/m.media-amazon.com\/images\/I\/8107kOwiFPL._AC_SL1500_.jpg\" width=\"717\" height=\"717\" \/><\/p>\n<div class=\"rich-text\">Crema antiarrugas +45 a\u00f1os arrugas visiblemente reducidas, mas firme y renovada. Cada dia la piel esta expuesta a multiples agresiones: Rayos UV, estr\u00e9s y contaminacion. Estos factores pueden incrementar la produccion de sudor y sebo en la piel, dejando una apariencia brillosa y grasosa. Los laboratorios de L&#8217;Oreal Paris crean Hidra Total 5 Matificante, su primer hidratante matificante que cubre 5 necesidades de la piel grasa o mixta.<\/div>\n<h3><\/h3>\n<h3><strong>5 acciones y resultados<\/strong><\/h3>\n<p>&nbsp;<\/p>\n<ul>\n<li><strong>1. Hidrata:\u00a0<\/strong>su f\u00f3rmula compensa el resecamiento, reduciendo la sensaci\u00f3n de tirantez.<\/li>\n<li><strong>2. Combate el brillo durante todo el d\u00eda:<\/strong>\u00a0gracias a su Anti-Shine Complex con Perlite reduce visiblemente la grasa dejando la piel matificada.<\/li>\n<li><strong>3. Reequilibra:<\/strong>\u00a0da a tu piel balance y uniformidad para que luzca saludable y radiante.<\/li>\n<li><strong>4. Reduce poros e imperfecciones:\u00a0<\/strong>los poros son menos visibles, las imperfecciones disminuyen.<\/li>\n<li><strong>5. Suaviza:<\/strong>\u00a0refresca la piel dej\u00e1ndola m\u00e1s suave d\u00eda tras d\u00eda.<\/li>\n<\/ul>\n<h3><\/h3>\n<h3>Modo de Uso<\/h3>\n<p>&nbsp;<\/p>\n<div class=\"oap-collapsible__content\">\n<div class=\"rich-text\">\n<div class=\"component-content\">\n<div class=\"field-text\">Aplicar diariamente sobre la cara con movimientos circulares para una \u00f3ptima absorci\u00f3n. Evita la zona de los ojos.<\/div>\n<\/div>\n<\/div>\n<\/div>\n","protected":false},"excerpt":{"rendered":"<p>HT5 Crema hidratante matificante ideal para pieles mixtas a grasas, con 5 beneficios en un solo paso: hidrata intensamente, controla<\/p>\n","protected":false},"featured_media":101800,"comment_status":"open","ping_status":"closed","template":"","meta":{"nf_dc_page":""},"product_brand":[349],"product_cat":[104],"product_tag":[3439],"class_list":{"0":"post-101799","1":"product","2":"type-product","3":"status-publish","4":"has-post-thumbnail","6":"product_brand-loreal","7":"product_cat-skin-care","8":"product_tag-3439","10":"first","11":"instock","12":"shipping-taxable","13":"purchasable","14":"product-type-simple"},"_links":{"self":[{"href":"https:\/\/brandss.com.py\/index\/wp-json\/wp\/v2\/product\/101799","targetHints":{"allow":["GET"]}}],"collection":[{"href":"https:\/\/brandss.com.py\/index\/wp-json\/wp\/v2\/product"}],"about":[{"href":"https:\/\/brandss.com.py\/index\/wp-json\/wp\/v2\/types\/product"}],"replies":[{"embeddable":true,"href":"https:\/\/brandss.com.py\/index\/wp-json\/wp\/v2\/comments?post=101799"}],"version-history":[{"count":1,"href":"https:\/\/brandss.com.py\/index\/wp-json\/wp\/v2\/product\/101799\/revisions"}],"predecessor-version":[{"id":101808,"href":"https:\/\/brandss.com.py\/index\/wp-json\/wp\/v2\/product\/101799\/revisions\/101808"}],"wp:featuredmedia":[{"embeddable":true,"href":"https:\/\/brandss.com.py\/index\/wp-json\/wp\/v2\/media\/101800"}],"wp:attachment":[{"href":"https:\/\/brandss.com.py\/index\/wp-json\/wp\/v2\/media?parent=101799"}],"wp:term":[{"taxonomy":"product_brand","embeddable":true,"href":"https:\/\/brandss.com.py\/index\/wp-json\/wp\/v2\/product_brand?post=101799"},{"taxonomy":"product_cat","embeddable":true,"href":"https:\/\/brandss.com.py\/index\/wp-json\/wp\/v2\/product_cat?post=101799"},{"taxonomy":"product_tag","embeddable":true,"href":"https:\/\/brandss.com.py\/index\/wp-json\/wp\/v2\/product_tag?post=101799"}],"curies":[{"name":"wp","href":"https:\/\/api.w.org\/{rel}","templated":true}]}}