{"id":101809,"date":"2026-04-11T14:22:12","date_gmt":"2026-04-11T14:22:12","guid":{"rendered":"https:\/\/brandss.com.py\/index\/?post_type=product&#038;p=101809"},"modified":"2026-04-11T14:22:43","modified_gmt":"2026-04-11T14:22:43","slug":"perfume-masculino-afnan-supremacy-not-only-intense-edp-150ml","status":"publish","type":"product","link":"https:\/\/brandss.com.py\/index\/producto\/perfume-masculino-afnan-supremacy-not-only-intense-edp-150ml\/","title":{"rendered":"PERFUME MASCULINO AFNAN SUPREMACY NOT ONLY INTENSE EDP 150ML"},"content":{"rendered":"<p><img loading=\"lazy\" decoding=\"async\" class=\"\" src=\"https:\/\/www.961scents.com\/cdn\/shop\/collections\/afnan_logo.png?v=1747839919\" alt=\"V\u00e9saura - Afnan Logo Meaning: Symbolism Behind the Afnan\" width=\"97\" height=\"97\" \/><\/p>\n<h1>SUPREMACY NOT ONLY INTENSE<\/h1>\n<p>Es un perfume masculino sofisticado y envolvente. No solo es intensa, sino tambi\u00e9n peligrosamente adictiva. As\u00ed es la fragancia con la que te envolver\u00e1 el extracto de perfume para hombre Afnan Supremacy Not Only Intense. \u00a1D\u00e9jate llevar a otro mundo!<img loading=\"lazy\" decoding=\"async\" class=\"alignleft\" src=\"https:\/\/m.media-amazon.com\/images\/I\/710MDXqo4YL._AC_SL1350_.jpg\" width=\"449\" height=\"561\" \/><\/p>\n<p>Supremacy Not Only Intense es perfecta para quienes buscan una firma olfativa intensa y carism\u00e1tica. Su frasco met\u00e1lico oscuro y elegante subraya el car\u00e1cter moderno y decidido del aroma. Ideal para ocasiones especiales o para el d\u00eda a d\u00eda de hombres seguros de s\u00ed mismos, este perfume se convierte en un aliado imprescindible para destacar con estilo y presencia.<\/p>\n<h3><\/h3>\n<h3>Notas Olfativas<\/h3>\n<p>&nbsp;<\/p>\n<p>Supremacy Not Only Intense es una fragancia ambarada amaderada que refleja poder, distinci\u00f3n y un aura magn\u00e9tica. Desde su apertura, con notas vibrantes de bergamota, manzana y grosella negra, esta eau de parfum conquista los sentidos con una mezcla frutal y chispeante. El coraz\u00f3n de lavanda, pachul\u00ed y oud a\u00f1ade profundidad y misterio, mientras que la base de \u00e1mbar, almizcle y musgo ofrece un final c\u00e1lido y sofisticado que perdura en la piel.<\/p>\n<p><strong>Notas de salida:<\/strong> bergamota, manzana, mora.<br \/>\n<strong>Notas de coraz\u00f3n:<\/strong> lavanda, musgo de roble, pachul\u00ed.<br \/>\n<strong>Notas de fondo:<\/strong> almizcle, azafr\u00e1n, \u00e1mbar.<\/p>\n","protected":false},"excerpt":{"rendered":"<p>SUPREMACY NOT ONLY INTENSE Es un perfume masculino sofisticado y envolvente. No solo es intensa, sino tambi\u00e9n peligrosamente adictiva. As\u00ed<\/p>\n","protected":false},"featured_media":101810,"comment_status":"open","ping_status":"closed","template":"","meta":{"nf_dc_page":""},"product_brand":[102],"product_cat":[84],"product_tag":[3440],"class_list":{"0":"post-101809","1":"product","2":"type-product","3":"status-publish","4":"has-post-thumbnail","6":"product_brand-afnan","7":"product_cat-perfumeria","8":"product_tag-3440","10":"first","11":"instock","12":"shipping-taxable","13":"purchasable","14":"product-type-simple"},"_links":{"self":[{"href":"https:\/\/brandss.com.py\/index\/wp-json\/wp\/v2\/product\/101809","targetHints":{"allow":["GET"]}}],"collection":[{"href":"https:\/\/brandss.com.py\/index\/wp-json\/wp\/v2\/product"}],"about":[{"href":"https:\/\/brandss.com.py\/index\/wp-json\/wp\/v2\/types\/product"}],"replies":[{"embeddable":true,"href":"https:\/\/brandss.com.py\/index\/wp-json\/wp\/v2\/comments?post=101809"}],"version-history":[{"count":1,"href":"https:\/\/brandss.com.py\/index\/wp-json\/wp\/v2\/product\/101809\/revisions"}],"predecessor-version":[{"id":101817,"href":"https:\/\/brandss.com.py\/index\/wp-json\/wp\/v2\/product\/101809\/revisions\/101817"}],"wp:featuredmedia":[{"embeddable":true,"href":"https:\/\/brandss.com.py\/index\/wp-json\/wp\/v2\/media\/101810"}],"wp:attachment":[{"href":"https:\/\/brandss.com.py\/index\/wp-json\/wp\/v2\/media?parent=101809"}],"wp:term":[{"taxonomy":"product_brand","embeddable":true,"href":"https:\/\/brandss.com.py\/index\/wp-json\/wp\/v2\/product_brand?post=101809"},{"taxonomy":"product_cat","embeddable":true,"href":"https:\/\/brandss.com.py\/index\/wp-json\/wp\/v2\/product_cat?post=101809"},{"taxonomy":"product_tag","embeddable":true,"href":"https:\/\/brandss.com.py\/index\/wp-json\/wp\/v2\/product_tag?post=101809"}],"curies":[{"name":"wp","href":"https:\/\/api.w.org\/{rel}","templated":true}]}}