{"id":101818,"date":"2026-04-11T16:30:55","date_gmt":"2026-04-11T16:30:55","guid":{"rendered":"https:\/\/brandss.com.py\/index\/?post_type=product&#038;p=101818"},"modified":"2026-04-11T16:31:25","modified_gmt":"2026-04-11T16:31:25","slug":"perfume-femenino-armaf-club-de-nuit-imperiale-edp-105ml","status":"publish","type":"product","link":"https:\/\/brandss.com.py\/index\/producto\/perfume-femenino-armaf-club-de-nuit-imperiale-edp-105ml\/","title":{"rendered":"PERFUME FEMENINO ARMAF CLUB DE NUIT IMPERIALE EDP 105ML"},"content":{"rendered":"<p><img loading=\"lazy\" decoding=\"async\" class=\"\" src=\"https:\/\/vectorseek.com\/wp-content\/uploads\/2023\/12\/ARMAF-Logo-Vector.svg--300x300.png\" alt=\"PERFUME UNISEX ARMAF CLUB DE NUIT UNTOLD EDP 200ML \u2013 Brands\" width=\"91\" height=\"91\" \/><\/p>\n<h1>CLUB DE NUIT IMPERIALE<\/h1>\n<p>Una fragancia exquisita que captura la esencia de la elegancia y la sofisticaci\u00f3n. E<span dir=\"auto\">ste perfume es la m\u00e1xima expresi\u00f3n de gracia y estilo\u00a0<\/span><span dir=\"auto\">para la\u00a0<\/span><span dir=\"auto\">mujer<\/span><span dir=\"auto\"> moderna. <\/span><span dir=\"auto\">Imperiale no es solo una fragancia, es toda una declaraci\u00f3n de estilo. El Eau de Parfum en spray es perfecto para el d\u00eda a d\u00eda o para ocasiones especiales. Cada aplicaci\u00f3n libera una explosi\u00f3n de aroma cautivador que perdura a tu alrededor, dejando una estela fascinante. <img loading=\"lazy\" decoding=\"async\" class=\"alignleft\" src=\"https:\/\/zaoud.it\/cdn\/shop\/files\/club-de-nuit-imperiale-perfume-white-bottle-surrounded-with-vanilla-and-rose-agaisnt-white-background.jpg?v=1722085371&amp;width=990\" width=\"506\" height=\"633\" \/><\/span><\/p>\n<p><span dir=\"auto\">Con su elegante y sofisticado dise\u00f1o de frasco, Club De Nuit Imperiale es el regalo perfecto para esa mujer especial en tu vida o un capricho de lujo para ti. Descubre el irresistible encanto de esta fragancia y deja que se convierta en tu perfume caracter\u00edstico. Bienvenido al mundo de Armaf, donde el lujo se une a la elegancia en cada frasco.<\/span><\/p>\n<p>&nbsp;<\/p>\n<h3>Notas Olfativas<\/h3>\n<p>&nbsp;<\/p>\n<p>Club de Nuit Imperiale Eau de Parfum Armaf es una fragancia para mujeres y pertenece a las familias amaderada, floral y oriental. Club de Nuit Imperiale Eau de Parfum forma parte de la colecci\u00f3n Club de Nuit.<\/p>\n<p>Club de Nuit Imperiale de Armaf abre con una mezcla vibrante y especiada de bergamota, lichi y nuez moscada, que aporta frescura y energ\u00eda desde el primer instante. Su coraz\u00f3n revela una armon\u00eda floral y cremosa de rosa, peon\u00eda, almizcle y vainilla, creando una sensaci\u00f3n envolvente y delicada. Finalmente, la fragancia se sella con una base c\u00e1lida y sofisticada de cashmeran, cedro, incienso y vetiver, dejando una estela elegante, seductora y duradera. Un perfume que encarna el poder y la gracia de lo femenino con un toque moderno y refinado.<\/p>\n<ul class=\"-mt-1 [li&gt;&amp;]:mt-2 list-disc space-y-2 pl-8\">\n<li class=\"whitespace-normal break-words\"><strong>Notas de salida:<\/strong> bergamota, litchi, nuez moscada.<\/li>\n<li class=\"whitespace-normal break-words\"><strong>Notas de coraz\u00f3n:<\/strong> almizcle, peon\u00eda, rosa, vainilla.<\/li>\n<li class=\"whitespace-normal break-words\"><strong>Notas de fondo:<\/strong> cashmeran, cedro, incienso, vetiver.<\/li>\n<\/ul>\n","protected":false},"excerpt":{"rendered":"<p>CLUB DE NUIT IMPERIALE Una fragancia exquisita que captura la esencia de la elegancia y la sofisticaci\u00f3n. Este perfume es<\/p>\n","protected":false},"featured_media":101819,"comment_status":"open","ping_status":"closed","template":"","meta":{"nf_dc_page":""},"product_brand":[106],"product_cat":[84],"product_tag":[3441],"class_list":{"0":"post-101818","1":"product","2":"type-product","3":"status-publish","4":"has-post-thumbnail","6":"product_brand-armaf","7":"product_cat-perfumeria","8":"product_tag-3441","10":"first","11":"instock","12":"shipping-taxable","13":"purchasable","14":"product-type-simple"},"_links":{"self":[{"href":"https:\/\/brandss.com.py\/index\/wp-json\/wp\/v2\/product\/101818","targetHints":{"allow":["GET"]}}],"collection":[{"href":"https:\/\/brandss.com.py\/index\/wp-json\/wp\/v2\/product"}],"about":[{"href":"https:\/\/brandss.com.py\/index\/wp-json\/wp\/v2\/types\/product"}],"replies":[{"embeddable":true,"href":"https:\/\/brandss.com.py\/index\/wp-json\/wp\/v2\/comments?post=101818"}],"version-history":[{"count":1,"href":"https:\/\/brandss.com.py\/index\/wp-json\/wp\/v2\/product\/101818\/revisions"}],"predecessor-version":[{"id":101826,"href":"https:\/\/brandss.com.py\/index\/wp-json\/wp\/v2\/product\/101818\/revisions\/101826"}],"wp:featuredmedia":[{"embeddable":true,"href":"https:\/\/brandss.com.py\/index\/wp-json\/wp\/v2\/media\/101819"}],"wp:attachment":[{"href":"https:\/\/brandss.com.py\/index\/wp-json\/wp\/v2\/media?parent=101818"}],"wp:term":[{"taxonomy":"product_brand","embeddable":true,"href":"https:\/\/brandss.com.py\/index\/wp-json\/wp\/v2\/product_brand?post=101818"},{"taxonomy":"product_cat","embeddable":true,"href":"https:\/\/brandss.com.py\/index\/wp-json\/wp\/v2\/product_cat?post=101818"},{"taxonomy":"product_tag","embeddable":true,"href":"https:\/\/brandss.com.py\/index\/wp-json\/wp\/v2\/product_tag?post=101818"}],"curies":[{"name":"wp","href":"https:\/\/api.w.org\/{rel}","templated":true}]}}