{"id":101827,"date":"2026-04-11T16:58:01","date_gmt":"2026-04-11T16:58:01","guid":{"rendered":"https:\/\/brandss.com.py\/index\/?post_type=product&#038;p=101827"},"modified":"2026-04-11T16:58:24","modified_gmt":"2026-04-11T16:58:24","slug":"perfume-unisex-armaf-odyssey-go-mango-tropical-collection-edp-100ml","status":"publish","type":"product","link":"https:\/\/brandss.com.py\/index\/producto\/perfume-unisex-armaf-odyssey-go-mango-tropical-collection-edp-100ml\/","title":{"rendered":"PERFUME UNISEX ARMAF ODYSSEY GO MANGO TROPICAL COLLECTION EDP 100ML"},"content":{"rendered":"<p><img loading=\"lazy\" decoding=\"async\" class=\"\" src=\"https:\/\/vectorseek.com\/wp-content\/uploads\/2023\/12\/ARMAF-Logo-Vector.svg--300x300.png\" alt=\"PERFUME UNISEX ARMAF CLUB DE NUIT UNTOLD EDP 200ML \u2013 Brands\" width=\"70\" height=\"70\" \/><\/p>\n<h1>ODYSSEY GO MANGO TROPICAL COLLECTION<\/h1>\n<p>Una fragancia que celebra la exuberancia tropical y la vitalidad del mango maduro, fusionando la frescura frutal con la calidez especiada y amaderada. Creada para quienes buscan un aroma jugoso, energizante y sofisticado que trasciende g\u00e9neros, ideal para proyectar una imagen solar y din\u00e1mica. Odyssey Go Mango es una vibrante fragancia que captura el esp\u00edritu del sol y la aventura. Odyssey Go Mango es un perfume que captura la esencia vibrante de los tr\u00f3picos en cada rociada.<img loading=\"lazy\" decoding=\"async\" class=\"alignright\" src=\"https:\/\/armafperfume.com\/cdn\/shop\/files\/13_eeb0182b-201b-4f3a-ae98-1ac510e94668_1024x1024.png?v=1766575546\" width=\"426\" height=\"426\" \/><\/p>\n<p>Esta fragancia Eau de Parfum se presenta como una opci\u00f3n vers\u00e1til y refrescante, ideal para quienes buscan una experiencia olfativa \u00fanica y sin g\u00e9nero. Lanzado en 2025, este perfume refleja la innovaci\u00f3n y el estilo de la marca Armaf, conocida por sus fragancias de alta calidad. Su dise\u00f1o elegante y contempor\u00e1neo lo convierte en un complemento atractivo para tu colecci\u00f3n de perfumes.<\/p>\n<p>Odyssey Go Mango es una elecci\u00f3n ideal para quienes desean destacar con un aroma frutal y refrescante, que evoca momentos de alegr\u00eda y libertad. Atr\u00e9vete a explorar esta fragancia y deja que su esencia te transporte a un para\u00edso tropical.<\/p>\n<h3><\/h3>\n<h3>Notas Olfativas<\/h3>\n<p><img loading=\"lazy\" decoding=\"async\" class=\"alignleft\" src=\"https:\/\/www.atlanticoshop.com.py\/image\/catalog\/armaf\/odyssey-mango-desc-esp.jpg\" width=\"501\" height=\"501\" \/><\/p>\n<p>Odyssey Go Mango es una fragancia que celebra la exuberancia tropical y la vitalidad del mango maduro, fusionando la frescura frutal con la calidez especiada y amaderada. Creada para quienes buscan un aroma jugoso, energizante y sofisticado que trasciende g\u00e9neros, ideal para proyectar una imagen solar y din\u00e1mica. Odyssey Go Mango es la elecci\u00f3n perfecta para quienes desean un aroma tropical vibrante pero refinado.<\/p>\n<p data-end=\"456\" data-start=\"210\"><span dir=\"auto\">Se abre con la frescura c\u00edtrica del jengibre, el lim\u00f3n y la pimienta rosa, suavizada por delicadas flores blancas para un comienzo animado y estimulante. <\/span><span dir=\"auto\">En esencia, la dulzura jugosa del mango se fusiona a la perfecci\u00f3n con la cremosidad del haba tonka y las maderas secas, creando un car\u00e1cter a la vez juguet\u00f3n y refinado. La base se asienta en notas de frutos secos, madera de guayaco, almizcle, \u00e1mbar y vainilla, dejando una estela c\u00e1lida y ex\u00f3tica que perdura con confianza y encanto.<\/span><\/p>\n<p>Ideal para d\u00edas soleados, vacaciones o momentos informales, esta fragancia proyecta una imagen de optimismo, confianza y estilo despreocupado.<\/p>\n<p><strong data-end=\"758\" data-start=\"744\"><span dir=\"auto\">Notas de salida:<\/span><\/strong><span dir=\"auto\"> jengibre, lim\u00f3n, pimienta rosa, flores blancas.<\/span><br data-end=\"803\" data-start=\"800\" \/><strong data-end=\"819\" data-start=\"803\"><span dir=\"auto\">Notas de coraz\u00f3n:<\/span><\/strong><span dir=\"auto\"> mango, haba tonka, maderas secas.<\/span><br data-end=\"851\" data-start=\"848\" \/><strong data-end=\"866\" data-start=\"851\"><span dir=\"auto\">Notas de fondo:<\/span><\/strong><span dir=\"auto\"> notas de frutos secos, madera de guayaco, almizcle, \u00e1mbar, vainilla.<\/span><\/p>\n","protected":false},"excerpt":{"rendered":"<p>ODYSSEY GO MANGO TROPICAL COLLECTION Una fragancia que celebra la exuberancia tropical y la vitalidad del mango maduro, fusionando la<\/p>\n","protected":false},"featured_media":101828,"comment_status":"open","ping_status":"closed","template":"","meta":{"nf_dc_page":""},"product_brand":[106],"product_cat":[84],"product_tag":[3442],"class_list":{"0":"post-101827","1":"product","2":"type-product","3":"status-publish","4":"has-post-thumbnail","6":"product_brand-armaf","7":"product_cat-perfumeria","8":"product_tag-3442","10":"first","11":"instock","12":"shipping-taxable","13":"purchasable","14":"product-type-simple"},"_links":{"self":[{"href":"https:\/\/brandss.com.py\/index\/wp-json\/wp\/v2\/product\/101827","targetHints":{"allow":["GET"]}}],"collection":[{"href":"https:\/\/brandss.com.py\/index\/wp-json\/wp\/v2\/product"}],"about":[{"href":"https:\/\/brandss.com.py\/index\/wp-json\/wp\/v2\/types\/product"}],"replies":[{"embeddable":true,"href":"https:\/\/brandss.com.py\/index\/wp-json\/wp\/v2\/comments?post=101827"}],"version-history":[{"count":1,"href":"https:\/\/brandss.com.py\/index\/wp-json\/wp\/v2\/product\/101827\/revisions"}],"predecessor-version":[{"id":101835,"href":"https:\/\/brandss.com.py\/index\/wp-json\/wp\/v2\/product\/101827\/revisions\/101835"}],"wp:featuredmedia":[{"embeddable":true,"href":"https:\/\/brandss.com.py\/index\/wp-json\/wp\/v2\/media\/101828"}],"wp:attachment":[{"href":"https:\/\/brandss.com.py\/index\/wp-json\/wp\/v2\/media?parent=101827"}],"wp:term":[{"taxonomy":"product_brand","embeddable":true,"href":"https:\/\/brandss.com.py\/index\/wp-json\/wp\/v2\/product_brand?post=101827"},{"taxonomy":"product_cat","embeddable":true,"href":"https:\/\/brandss.com.py\/index\/wp-json\/wp\/v2\/product_cat?post=101827"},{"taxonomy":"product_tag","embeddable":true,"href":"https:\/\/brandss.com.py\/index\/wp-json\/wp\/v2\/product_tag?post=101827"}],"curies":[{"name":"wp","href":"https:\/\/api.w.org\/{rel}","templated":true}]}}