{"id":101836,"date":"2026-04-11T17:31:01","date_gmt":"2026-04-11T17:31:01","guid":{"rendered":"https:\/\/brandss.com.py\/index\/?post_type=product&#038;p=101836"},"modified":"2026-04-16T11:20:28","modified_gmt":"2026-04-16T11:20:28","slug":"perfume-femenino-mayson-legend-delicius-por-femme-edp-100ml","status":"publish","type":"product","link":"https:\/\/brandss.com.py\/index\/producto\/perfume-femenino-mayson-legend-delicius-por-femme-edp-100ml\/","title":{"rendered":"PERFUME FEMENINO MAYSON LEGEND DELICIUS POR FEMME EDP 100ML"},"content":{"rendered":"<p><img loading=\"lazy\" decoding=\"async\" class=\"\" src=\"https:\/\/princesscosmeticsqa.com\/cdn\/shop\/collections\/mayson-legend-5844249.jpg?v=1770393016\" alt=\"Mayson Legend \u2013 Princess Cosmetics Qatar\" width=\"127\" height=\"127\" \/><\/p>\n<h1>DELICIUS POR FEMME<\/h1>\n<p data-start=\"948\" data-end=\"1274\"><span dir=\"auto\">Descubre el encanto de <\/span><span dir=\"auto\">Delicious Pour Femme<\/span><span dir=\"auto\">, una fragancia creada para mujeres que irradian confianza y elegancia.<\/span><\/p>\n<ul data-start=\"1597\" data-end=\"1822\">\n<li data-start=\"1597\" data-end=\"1655\">\n<p data-start=\"1599\" data-end=\"1655\"><span dir=\"auto\">Perfume floral de larga duraci\u00f3n dise\u00f1ado para uso diario.<img loading=\"lazy\" decoding=\"async\" class=\"alignleft\" src=\"https:\/\/scontent.fagt2-1.fna.fbcdn.net\/v\/t39.30808-6\/657379833_1995254297870922_8924207506271618518_n.jpg?_nc_cat=102&amp;ccb=1-7&amp;_nc_sid=e06c5d&amp;_nc_ohc=de3EKzKondIQ7kNvwHiQwJ2&amp;_nc_oc=AdrzXgtY3X6vN4QV3EFzihve1-U1EDhrohj2pJ5LbkqB7TLVDCRtucNoN4L-m8OC574&amp;_nc_zt=23&amp;_nc_ht=scontent.fagt2-1.fna&amp;_nc_gid=NY3_9CTfK6pI8ZCFnAvuqg&amp;_nc_ss=7a389&amp;oh=00_Af240ix4u9Dyn_Wk39FeeoU9d4V562FJdGOnQLZ46jPw2w&amp;oe=69E06A91\" width=\"388\" height=\"582\" \/><\/span><\/p>\n<\/li>\n<li data-start=\"1656\" data-end=\"1703\">\n<p data-start=\"1658\" data-end=\"1703\"><span dir=\"auto\">Una mezcla equilibrada de frescura y c\u00e1lida sensualidad.<\/span><\/p>\n<\/li>\n<li data-start=\"1704\" data-end=\"1753\">\n<p data-start=\"1706\" data-end=\"1753\"><span dir=\"auto\">Un elegante envoltorio: la opci\u00f3n de regalo ideal para ella.<\/span><\/p>\n<\/li>\n<\/ul>\n<p data-start=\"1276\" data-end=\"1417\"><span dir=\"auto\">\u00dasalo durante el d\u00eda por su frescura, o por la noche por su calidez sensual: es el perfume perfecto para cualquier ocasi\u00f3n.<\/span><\/p>\n<h3 data-start=\"1419\" data-end=\"1441\"><\/h3>\n<h3 data-start=\"1419\" data-end=\"1441\"><strong data-start=\"1419\" data-end=\"1439\"><span dir=\"auto\">Notas olfativas<\/span><\/strong><\/h3>\n<p>&nbsp;<\/p>\n<p data-start=\"1419\" data-end=\"1441\"><span dir=\"auto\">Delicious Pour Femme una fragancia femenina <\/span><span dir=\"auto\">combina delicadas notas florales con suave \u00e1mbar y cremosa vainilla para crear un aroma a la vez divertido y sofisticado.<\/span><\/p>\n<p data-start=\"1419\" data-end=\"1441\">\n<ul data-start=\"1442\" data-end=\"1570\">\n<li data-start=\"1442\" data-end=\"1486\">\n<p data-start=\"1444\" data-end=\"1486\"><strong data-start=\"1444\" data-end=\"1458\"><span dir=\"auto\">Notas de salida:<\/span><\/strong><span dir=\"auto\"> bergamota, mandarina, melocot\u00f3n.<\/span><\/p>\n<\/li>\n<li data-start=\"1487\" data-end=\"1529\">\n<p data-start=\"1489\" data-end=\"1529\"><strong data-start=\"1489\" data-end=\"1505\"><span dir=\"auto\">Notas de coraz\u00f3n:<\/span><\/strong><span dir=\"auto\"> jazm\u00edn, rosa, orqu\u00eddea.<\/span><\/p>\n<\/li>\n<li data-start=\"1530\" data-end=\"1570\">\n<p data-start=\"1532\" data-end=\"1570\"><strong data-start=\"1532\" data-end=\"1547\"><span dir=\"auto\">Notas de fondo:<\/span><\/strong><span dir=\"auto\"> almizcle, vainilla, \u00e1mbar.<\/span><\/p>\n<\/li>\n<\/ul>\n","protected":false},"excerpt":{"rendered":"<p>DELICIUS POR FEMME Descubre el encanto de Delicious Pour Femme, una fragancia creada para mujeres que irradian confianza y elegancia.<\/p>\n","protected":false},"featured_media":101837,"comment_status":"open","ping_status":"closed","template":"","meta":{"nf_dc_page":""},"product_brand":[3443],"product_cat":[84],"product_tag":[3444],"class_list":{"0":"post-101836","1":"product","2":"type-product","3":"status-publish","4":"has-post-thumbnail","6":"product_brand-mayson-legend","7":"product_cat-perfumeria","8":"product_tag-3444","10":"first","11":"instock","12":"shipping-taxable","13":"purchasable","14":"product-type-simple"},"_links":{"self":[{"href":"https:\/\/brandss.com.py\/index\/wp-json\/wp\/v2\/product\/101836","targetHints":{"allow":["GET"]}}],"collection":[{"href":"https:\/\/brandss.com.py\/index\/wp-json\/wp\/v2\/product"}],"about":[{"href":"https:\/\/brandss.com.py\/index\/wp-json\/wp\/v2\/types\/product"}],"replies":[{"embeddable":true,"href":"https:\/\/brandss.com.py\/index\/wp-json\/wp\/v2\/comments?post=101836"}],"version-history":[{"count":1,"href":"https:\/\/brandss.com.py\/index\/wp-json\/wp\/v2\/product\/101836\/revisions"}],"predecessor-version":[{"id":101841,"href":"https:\/\/brandss.com.py\/index\/wp-json\/wp\/v2\/product\/101836\/revisions\/101841"}],"wp:featuredmedia":[{"embeddable":true,"href":"https:\/\/brandss.com.py\/index\/wp-json\/wp\/v2\/media\/101837"}],"wp:attachment":[{"href":"https:\/\/brandss.com.py\/index\/wp-json\/wp\/v2\/media?parent=101836"}],"wp:term":[{"taxonomy":"product_brand","embeddable":true,"href":"https:\/\/brandss.com.py\/index\/wp-json\/wp\/v2\/product_brand?post=101836"},{"taxonomy":"product_cat","embeddable":true,"href":"https:\/\/brandss.com.py\/index\/wp-json\/wp\/v2\/product_cat?post=101836"},{"taxonomy":"product_tag","embeddable":true,"href":"https:\/\/brandss.com.py\/index\/wp-json\/wp\/v2\/product_tag?post=101836"}],"curies":[{"name":"wp","href":"https:\/\/api.w.org\/{rel}","templated":true}]}}