{"id":101842,"date":"2026-04-11T18:14:59","date_gmt":"2026-04-11T18:14:59","guid":{"rendered":"https:\/\/brandss.com.py\/index\/?post_type=product&#038;p=101842"},"modified":"2026-04-13T12:31:00","modified_gmt":"2026-04-13T12:31:00","slug":"celular-xiaomi-redmi-15c-ds-8-256gb-mint-green","status":"publish","type":"product","link":"https:\/\/brandss.com.py\/index\/producto\/celular-xiaomi-redmi-15c-ds-8-256gb-mint-green\/","title":{"rendered":"CELULAR XIAOMI REDMI 15C DS 8\/256GB MINT GREEN"},"content":{"rendered":"<p><img loading=\"lazy\" decoding=\"async\" class=\"\" src=\"https:\/\/1000logos.net\/wp-content\/uploads\/2021\/08\/Xiaomi-logo.png\" alt=\"Xiaomi Logo and symbol, meaning, history, PNG, brand\" width=\"116\" height=\"65\" \/><\/p>\n<h1>REDMI 15C<\/h1>\n<p>El Xiaomi Redmi 15C es un smartphone que combina elegancia, potencia y funcionalidad en un dise\u00f1o moderno y delgado. Su pantalla inmersiva de 6.9&#8243; con tasa de refresco adaptativa de hasta 120Hz y triple certificaci\u00f3n T\u00dcV Rheinland ofrece una experiencia visual fluida y c\u00f3moda para todo el d\u00eda. Equipado con un potente procesador MediaTek Helio G81-Ultra, 8GB de RAM y un amplio almacenamiento de 256GB, asegura un rendimiento eficiente y espacio de sobra. Su sistema de c\u00e1mara doble con IA, liderado por un sensor principal de 50MP, captura im\u00e1genes n\u00edtidas y detalladas, mientras que su bater\u00eda de 6000mAh con carga r\u00e1pida de 33W garantiza una duraci\u00f3n prolongada perfecta para tu d\u00eda a d\u00eda.<\/p>\n<div class=\"template-contenedor center\">\n<div class=\"template-sm-grid-12 template-md-grid-12 template-grid-12 template-xl-grid-12 center sm-left\">\n<p>&nbsp;<\/p>\n<\/div>\n<div class=\"mceTemp\"><\/div>\n<\/div>\n<div class=\"template-contenedor alinear\">\n<div class=\"template-contenedor center\">\n<div class=\"template-sm-grid-12 template-md-grid-12 template-grid-12 template-xl-grid-12 center sm-left\">\n<h3>Elegancia atemporal<\/h3>\n<p>El Redmi 15C captura la belleza cotidiana con tonos naturales y un dise\u00f1o atemporal. Los cuidadosos detalles convierten los momentos m\u00e1s sencillos en impresiones duraderas.<\/p>\n<\/div>\n<p><img decoding=\"async\" class=\"template-sm-grid-12 template-md-grid-12 template-grid-12 template-xl-grid-12 orden-imagen\" src=\"https:\/\/laoferta.com.uy\/html-uy\/smartphones\/xiaomi\/15c-4gb-ram-256gb\/img\/img-01.jpg\" \/><\/div>\n<div class=\"template-linea template-grid-12\"><\/div>\n<div class=\"template-contenedor alinear\">\n<div class=\"template-sm-grid-12 template-md-grid-6 template-grid-6 parrafo\">\n<p>&nbsp;<\/p>\n<\/div>\n<div style=\"width: 518px\" class=\"wp-caption alignleft\"><img loading=\"lazy\" decoding=\"async\" class=\"template-sm-grid-12 template-md-grid-6 template-grid-6\" src=\"https:\/\/laoferta.com.uy\/html-uy\/smartphones\/xiaomi\/15c-4gb-ram-256gb\/img\/img-02.jpg\" alt=\"\" width=\"508\" height=\"308\" \/><p class=\"wp-caption-text\">M\u00e1s potencia manteniendo la elegancia El Redmi 15C cuenta con una gran bater\u00eda de 6000mAh en un cuerpo elegante. Disfrut\u00e1 de una duraci\u00f3n de la bater\u00eda ultralarga sin sacrificar el estilo ni la comodidad, dise\u00f1ada para ofrecerte energ\u00eda todo el d\u00eda y m\u00e1s all\u00e1.<\/p><\/div>\n<\/div>\n<div class=\"template-linea template-grid-12\"><\/div>\n<div class=\"template-contenedor alinear\">\n<div style=\"width: 518px\" class=\"wp-caption alignright\"><img loading=\"lazy\" decoding=\"async\" class=\"template-sm-grid-12 template-md-grid-6 template-grid-6\" src=\"https:\/\/laoferta.com.uy\/html-uy\/smartphones\/xiaomi\/15c-4gb-ram-256gb\/img\/img-03.jpg\" alt=\"\" width=\"508\" height=\"308\" \/><p class=\"wp-caption-text\">Carga turbo de 33W La carga turbo de 33W te mantiene en marcha sin preocupaciones, con un equilibrio perfecto entre velocidad de carga y autonom\u00eda.<\/p><\/div>\n<div class=\"template-sm-grid-12 template-md-grid-6 template-grid-6 parrafo\">\n<p>&nbsp;<\/p>\n<\/div>\n<\/div>\n<div class=\"template-linea template-grid-12\"><\/div>\n<div class=\"template-contenedor alinear\">\n<div class=\"template-sm-grid-12 template-md-grid-6 template-grid-6 parrafo\">\n<p>&nbsp;<\/p>\n<\/div>\n<div style=\"width: 518px\" class=\"wp-caption alignright\"><img loading=\"lazy\" decoding=\"async\" class=\"template-sm-grid-12 template-md-grid-6 template-grid-6\" src=\"https:\/\/laoferta.com.uy\/html-uy\/smartphones\/xiaomi\/15c-4gb-ram-256gb\/img\/img-04.jpg\" alt=\"\" width=\"508\" height=\"308\" \/><p class=\"wp-caption-text\">Carga inversa Gracias a la compatibilidad con carga inversa, tu tel\u00e9fono se convierte en una bater\u00eda port\u00e1til lista para recargar tus dispositivos en cualquier momento y lugar.<\/p><\/div>\n<\/div>\n<div class=\"template-linea template-grid-12\"><\/div>\n<div class=\"template-contenedor alinear\">\n<div style=\"width: 518px\" class=\"wp-caption alignleft\"><img loading=\"lazy\" decoding=\"async\" class=\"template-sm-grid-12 template-md-grid-6 template-grid-6\" src=\"https:\/\/laoferta.com.uy\/html-uy\/smartphones\/xiaomi\/15c-4gb-ram-256gb\/img\/img-05.jpg\" alt=\"\" width=\"508\" height=\"308\" \/><p class=\"wp-caption-text\">Pantalla inmersiva de 6.9&#8243; Gracias a la compatibilidad con una frecuencia de actualizaci\u00f3n adaptativa de hasta 120Hz, se adapta a diferentes situaciones para ofrecer una experiencia visual m\u00e1s fluida y con mayor capacidad de respuesta, tanto si est\u00e1s navegando como visualizando im\u00e1genes.<\/p><\/div>\n<div class=\"template-sm-grid-12 template-md-grid-6 template-grid-6 parrafo\">\n<p>&nbsp;<\/p>\n<\/div>\n<\/div>\n<div class=\"template-linea template-grid-12\"><\/div>\n<div class=\"template-contenedor alinear\">\n<div class=\"template-sm-grid-12 template-md-grid-6 template-grid-6 parrafo\">\n<p>&nbsp;<\/p>\n<\/div>\n<div style=\"width: 518px\" class=\"wp-caption aligncenter\"><img loading=\"lazy\" decoding=\"async\" class=\"template-sm-grid-12 template-md-grid-6 template-grid-6\" src=\"https:\/\/laoferta.com.uy\/html-uy\/smartphones\/xiaomi\/15c-4gb-ram-256gb\/img\/img-06.jpg\" alt=\"\" width=\"508\" height=\"308\" \/><p class=\"wp-caption-text\">Triple certificaci\u00f3n de T\u00dcV Rheinland Con atenuaci\u00f3n DC y certificaciones de T\u00dcV Rheinland de luz azul reducida, tecnolog\u00eda sin parpadeos y ritmos circadianos, el Redmi 15C ofrece una experiencia de visualizaci\u00f3n c\u00f3moda todo el d\u00eda.<\/p><\/div>\n<\/div>\n<div class=\"template-linea template-grid-12\"><\/div>\n<div class=\"template-contenedor alinear\">\n<div style=\"width: 518px\" class=\"wp-caption alignleft\"><img loading=\"lazy\" decoding=\"async\" class=\"template-sm-grid-12 template-md-grid-6 template-grid-6\" src=\"https:\/\/laoferta.com.uy\/html-uy\/smartphones\/xiaomi\/15c-4gb-ram-256gb\/img\/img-07.jpg\" alt=\"\" width=\"508\" height=\"308\" \/><p class=\"wp-caption-text\">Potente procesador de ocho n\u00facleos El procesador MediaTek Helio G81-Ultra de ocho n\u00facleos combina un bajo consumo de energ\u00eda con un alto rendimiento, lo que garantiza una experiencia m\u00e1s fluida incluso durante un uso prolongado.<\/p><\/div>\n<div class=\"template-sm-grid-12 template-md-grid-6 template-grid-6 parrafo\">\n<p>&nbsp;<\/p>\n<\/div>\n<\/div>\n<div class=\"template-linea template-grid-12\"><\/div>\n<div class=\"template-contenedor alinear\">\n<div style=\"width: 518px\" class=\"wp-caption alignright\"><img loading=\"lazy\" decoding=\"async\" class=\"template-sm-grid-12 template-md-grid-6 template-grid-6\" src=\"https:\/\/laoferta.com.uy\/html-uy\/smartphones\/xiaomi\/15c-4gb-ram-256gb\/img\/img-08.jpg\" alt=\"\" width=\"508\" height=\"308\" \/><p class=\"wp-caption-text\">Xiaomi HyperOS El Redmi 15C cuenta con la tecnolog\u00eda Xiaomi HyperOS 2, por lo que pod\u00e9s disfrutar de una experiencia m\u00e1s fluida con la interconectividad Xiaomi entre tus tel\u00e9fonos y tablets, lo que incluye la sincronizaci\u00f3n de llamadas y el portapapeles compartido.<\/p><\/div>\n<\/div>\n<div class=\"template-linea template-grid-12\"><\/div>\n<div class=\"template-contenedor alinear\">\n<div style=\"width: 518px\" class=\"wp-caption alignleft\"><img loading=\"lazy\" decoding=\"async\" class=\"template-sm-grid-12 template-md-grid-6 template-grid-6\" src=\"https:\/\/laoferta.com.uy\/html-uy\/smartphones\/xiaomi\/15c-4gb-ram-256gb\/img\/img-09.jpg\" alt=\"\" width=\"508\" height=\"308\" \/><p class=\"wp-caption-text\">Google Gemini Habl\u00e1 con Gemini, tu asistente de IA de Google, para llevar tus ideas al siguiente nivel. Obten\u00e9 ayuda para escribir, intercambiar ideas, aprender y mucho m\u00e1s.<\/p><\/div>\n<div class=\"template-sm-grid-12 template-md-grid-6 template-grid-6 parrafo\">\n<p>&nbsp;<\/p>\n<\/div>\n<\/div>\n<div class=\"template-linea template-grid-12\"><\/div>\n<div class=\"template-contenedor alinear\">\n<div class=\"template-sm-grid-12 template-md-grid-6 template-grid-6 parrafo\">\n<p>&nbsp;<\/p>\n<\/div>\n<div style=\"width: 518px\" class=\"wp-caption aligncenter\"><img loading=\"lazy\" decoding=\"async\" class=\"template-sm-grid-12 template-md-grid-6 template-grid-6\" src=\"https:\/\/laoferta.com.uy\/html-uy\/smartphones\/xiaomi\/15c-4gb-ram-256gb\/img\/img-10.jpg\" alt=\"\" width=\"508\" height=\"308\" \/><p class=\"wp-caption-text\">Sistema de c\u00e1mara doble con AI La c\u00e1mara principal de 50MP captura detalles intrincados y colores vibrantes para conservar los momentos m\u00e1s preciados, ya sean calles bulliciosas, retratos, comidas o hermosas puestas de sol.<\/p><\/div>\n<\/div>\n<div class=\"template-linea template-grid-12\"><\/div>\n<div class=\"template-contenedor center\">\n<div class=\"template-sm-grid-12 template-md-grid-12 template-grid-12 template-xl-grid-12 center sm-left\">\n<p>&nbsp;<\/p>\n<\/div>\n<div style=\"width: 1430px\" class=\"wp-caption aligncenter\"><img loading=\"lazy\" decoding=\"async\" class=\"template-sm-grid-12 template-md-grid-12 template-grid-12 template-xl-grid-12 orden-imagen\" src=\"https:\/\/laoferta.com.uy\/html-uy\/smartphones\/xiaomi\/15c-4gb-ram-256gb\/img\/img-11.jpg\" alt=\"\" width=\"1420\" height=\"700\" \/><p class=\"wp-caption-text\">Circle to search Busc\u00e1 cualquier imagen, video o texto en tu pantalla. Rode\u00e1, resalt\u00e1, garabate\u00e1 o toc\u00e1 para se\u00f1alar lo que te interesa, sin necesidad de capturas de pantalla.<\/p><\/div>\n<\/div>\n<div class=\"template-linea template-grid-12\"><\/div>\n<div class=\"template-contenedor alinear\"><img decoding=\"async\" class=\"template-sm-grid-12 template-md-grid-6 template-grid-6 alignleft\" src=\"https:\/\/laoferta.com.uy\/html-uy\/smartphones\/xiaomi\/15c-4gb-ram-256gb\/img\/img-12.jpg\" \/><\/p>\n<div class=\"template-sm-grid-12 template-md-grid-6 template-grid-6 parrafo\">\n<h3><\/h3>\n<h3><\/h3>\n<h3>Modo Ultra HD<\/h3>\n<p>Cada foto es una obra maestra de gran nitidez.<\/p>\n<\/div>\n<\/div>\n<div class=\"template-linea template-grid-12\"><\/div>\n<div class=\"template-contenedor alinear\">\n<div class=\"template-sm-grid-12 template-md-grid-6 template-grid-6 parrafo\">\n<p>&nbsp;<\/p>\n<\/div>\n<p><img decoding=\"async\" class=\"template-sm-grid-12 template-md-grid-6 template-grid-6 alignleft\" src=\"https:\/\/laoferta.com.uy\/html-uy\/smartphones\/xiaomi\/15c-4gb-ram-256gb\/img\/img-13.jpg\" \/><\/p>\n<h3><\/h3>\n<h3><\/h3>\n<h3>Modo Retrato<\/h3>\n<p>Hac\u00e9 que cada expresi\u00f3n cobre vida y convert\u00ed cada retrato en una obra de arte.<\/p>\n<\/div>\n<div><\/div>\n<div class=\"template-linea template-grid-12\"><\/div>\n<div class=\"template-contenedor alinear\"><img decoding=\"async\" class=\"template-sm-grid-12 template-md-grid-6 template-grid-6 alignleft\" src=\"https:\/\/laoferta.com.uy\/html-uy\/smartphones\/xiaomi\/15c-4gb-ram-256gb\/img\/img-14.jpg\" \/><\/p>\n<div class=\"template-sm-grid-12 template-md-grid-6 template-grid-6 parrafo\">\n<h3><\/h3>\n<h3><\/h3>\n<h3>Modo belleza para selfie<\/h3>\n<p>Mostr\u00e1 la belleza de tus selfies y consegu\u00ed un aspecto natural y refinado en cada foto.<\/p>\n<\/div>\n<\/div>\n<div class=\"template-linea template-grid-12\"><\/div>\n<div class=\"template-contenedor alinear\">\n<div class=\"template-sm-grid-12 template-md-grid-6 template-grid-6 parrafo\">\n<p>&nbsp;<\/p>\n<\/div>\n<p><img decoding=\"async\" class=\"template-sm-grid-12 template-md-grid-6 template-grid-6 alignleft\" src=\"https:\/\/laoferta.com.uy\/html-uy\/smartphones\/xiaomi\/15c-4gb-ram-256gb\/img\/img-15.jpg\" \/><\/div>\n<div class=\"template-linea template-grid-12\"><\/div>\n<div class=\"template-contenedor alinear\">\n<h3>Resistencia al polvo y al agua<\/h3>\n<p>El Redmi 15C cuenta con una resistencia al polvo y al agua IP64, lo que proporciona una protecci\u00f3n fiable contra el polvo y las salpicaduras de agua.<\/p>\n<p><img decoding=\"async\" class=\"template-sm-grid-12 template-md-grid-6 template-grid-6 alignleft\" src=\"https:\/\/laoferta.com.uy\/html-uy\/smartphones\/xiaomi\/15c-4gb-ram-256gb\/img\/img-16.jpg\" \/><\/p>\n<div class=\"template-sm-grid-12 template-md-grid-6 template-grid-6 parrafo\">\n<h3><\/h3>\n<h3><\/h3>\n<h3><\/h3>\n<h3><\/h3>\n<h3>Wet Touch Technology 2.0<\/h3>\n<p>Responde con precisi\u00f3n, incluso con las manos h\u00famedas, aceitosas o jabonosas.<\/p>\n<\/div>\n<\/div>\n<div class=\"template-linea template-grid-12\"><\/div>\n<div class=\"template-contenedor alinear\">\n<div class=\"template-sm-grid-12 template-md-grid-6 template-grid-6 parrafo\">\n<h3><\/h3>\n<h3><\/h3>\n<p>&nbsp;<\/p>\n<\/div>\n<p><img decoding=\"async\" class=\"template-sm-grid-12 template-md-grid-6 template-grid-6 alignleft\" src=\"https:\/\/laoferta.com.uy\/html-uy\/smartphones\/xiaomi\/15c-4gb-ram-256gb\/img\/img-17.jpg\" \/><\/p>\n<h3><\/h3>\n<h3><\/h3>\n<h3>Desbloqueo mediante huella dactilar en el lateral<\/h3>\n<p>Dise\u00f1o minimalista para un desbloqueo eficaz.<\/p>\n<\/div>\n<\/div>\n<p>&nbsp;<\/p>\n<p>&nbsp;<\/p>\n<p>&nbsp;<\/p>\n<p>&nbsp;<\/p>\n<h3>M\u00e1s informaci\u00f3n<\/h3>\n<div class=\"panel-de-informacion\">\n<div class=\"plantilla-de-atributos-en-detalle\">\n<div>\n<h3>Pantalla<\/h3>\n<table>\n<tbody>\n<tr>\n<th>Modo lectura<\/th>\n<td>S\u00ed<\/td>\n<\/tr>\n<tr>\n<th>Certificaciones de pantalla<\/th>\n<td>Atenuaci\u00f3n DC, luz azul reducida, compatibilidad con ritmos circadianos y tecnolog\u00eda sin parpadeos de T\u00dcV Rheinland<\/td>\n<\/tr>\n<tr>\n<th>Tipo de pantalla<\/th>\n<td>Dot Drop<\/td>\n<\/tr>\n<tr>\n<th>Tama\u00f1o de pantalla<\/th>\n<td>6.9&#8221;<\/td>\n<\/tr>\n<tr>\n<th>Resoluci\u00f3n m\u00e1xima<\/th>\n<td>1600 x 720<\/td>\n<\/tr>\n<tr>\n<th>Reproducci\u00f3n de color<\/th>\n<td>16.7 millones<\/td>\n<\/tr>\n<tr>\n<th>Profundidad de color<\/th>\n<td>8 bits<\/td>\n<\/tr>\n<tr>\n<th>Gama de colores<\/th>\n<td>83% de NTSC<\/td>\n<\/tr>\n<tr>\n<th>Relaci\u00f3n de contraste<\/th>\n<td>1200:1<\/td>\n<\/tr>\n<tr>\n<th>Brillo<\/th>\n<td>660 nits (t\u00edp)\/ 810 nits (modo de alto brillo)<\/td>\n<\/tr>\n<tr>\n<th>Tasa de refresco<\/th>\n<td>120Hz<\/td>\n<\/tr>\n<tr>\n<th>Frecuencia de muestreo t\u00e1ctil<\/th>\n<td>240Hz<\/td>\n<\/tr>\n<\/tbody>\n<\/table>\n<\/div>\n<div>\n<h3>Especificaciones<\/h3>\n<table>\n<tbody>\n<tr>\n<th>Gr\u00e1ficos<\/th>\n<td>Mali G52 MC2<\/td>\n<\/tr>\n<tr>\n<th>Conector de auriculares<\/th>\n<td>Combo Jack 3.5mm<\/td>\n<\/tr>\n<tr>\n<th>Sistema operativo<\/th>\n<td>HyperOS 2<\/td>\n<\/tr>\n<tr>\n<th>Memoria RAM<\/th>\n<td>8GB<\/td>\n<\/tr>\n<tr>\n<th>Tipo de memoria RAM<\/th>\n<td>LPDDR4X<\/td>\n<\/tr>\n<tr>\n<th>Tipo de almacenamiento<\/th>\n<td>eMMC<\/td>\n<\/tr>\n<tr>\n<th>Almacenamiento<\/th>\n<td>256GB<\/td>\n<\/tr>\n<tr>\n<th>Procesador<\/th>\n<td>MediaTek Helio G81-Ultra<\/td>\n<\/tr>\n<tr>\n<th>N\u00facleos del procesador<\/th>\n<td>Cortex-A75 + Cortex-A55<\/td>\n<\/tr>\n<tr>\n<th>Velocidad del procesador<\/th>\n<td>2.0Ghz<\/td>\n<\/tr>\n<tr>\n<th>N\u00ba de n\u00facleos del procesador<\/th>\n<td>8<\/td>\n<\/tr>\n<tr>\n<th>Almacenamiento en tarjeta microSD<\/th>\n<td>Hasta 1 TB<\/td>\n<\/tr>\n<\/tbody>\n<\/table>\n<\/div>\n<div>\n<h3>C\u00e1mara<\/h3>\n<table>\n<tbody>\n<tr>\n<th>C\u00e1mara principal<\/th>\n<td>50MP<\/td>\n<\/tr>\n<tr>\n<th>Especificaciones de c\u00e1mara trasera<\/th>\n<td>Lente de 5 elementos f\/1,8, Lente auxiliar filmCamera<\/td>\n<\/tr>\n<tr>\n<th>C\u00e1mara trasera con AI<\/th>\n<td>S\u00ed<\/td>\n<\/tr>\n<tr>\n<th>Modos de fotograf\u00eda<\/th>\n<td>HDR, nocturno, retrato, anillo de luz suave<\/td>\n<\/tr>\n<tr>\n<th>Resoluci\u00f3n de video<\/th>\n<td>HD 720p\/1080p (1920 x 1080) a 30fps<\/td>\n<\/tr>\n<tr>\n<th>Resoluci\u00f3n de video de c\u00e1mara frontal<\/th>\n<td>HD 720p\/1080p a 30fps<\/td>\n<\/tr>\n<tr>\n<th>Especificaciones de c\u00e1mara frontal<\/th>\n<td>f\/2,0, filmCamera<\/td>\n<\/tr>\n<tr>\n<th>C\u00e1mara frontal<\/th>\n<td>8MP<\/td>\n<\/tr>\n<\/tbody>\n<\/table>\n<\/div>\n<div>\n<h3>Caracter\u00edsticas generales<\/h3>\n<table>\n<tbody>\n<tr>\n<th>Radio FM<\/th>\n<td>S\u00ed<\/td>\n<\/tr>\n<tr>\n<th>Formatos de reproducci\u00f3n de video<\/th>\n<td>ts, mp4, 3gp, mkv, webm, MPEG2, H.263, MPEG4, H.264, H.265, VP8, VP9, VC1<\/td>\n<\/tr>\n<tr>\n<th>Formatos de reproducci\u00f3n de audio<\/th>\n<td>aac, m4a, mp4, 3gp, ts, amr, awb, mid, midi, smf, rttf, xmf, rtx, ota, imy, mp3, ogg, oga, wav, flac, mkv(opus)<\/td>\n<\/tr>\n<tr>\n<th>Tipo de protecci\u00f3n<\/th>\n<td>IP64<\/td>\n<\/tr>\n<tr>\n<th>Resistente al polvo<\/th>\n<td>S\u00ed<\/td>\n<\/tr>\n<tr>\n<th>Resistente a salpicaduras<\/th>\n<td>S\u00ed<\/td>\n<\/tr>\n<tr>\n<th>Resistente al agua<\/th>\n<td>S\u00ed<\/td>\n<\/tr>\n<tr>\n<th>Localizaci\u00f3n<\/th>\n<td>GPS | Glonass | Galileo | Beidou<\/td>\n<\/tr>\n<tr>\n<th>Sensores<\/th>\n<td>Proximidad virtual | Luz ambiental | Aceler\u00f3metro | Br\u00fajula electr\u00f3nica<\/td>\n<\/tr>\n<tr>\n<th>Sensor de huella dactilar<\/th>\n<td>S\u00ed<\/td>\n<\/tr>\n<tr>\n<th>Desbloqueo facial<\/th>\n<td>S\u00ed<\/td>\n<\/tr>\n<\/tbody>\n<\/table>\n<\/div>\n<div>\n<h3>Bater\u00eda y carga<\/h3>\n<table>\n<tbody>\n<tr>\n<th>Capacidad de la bater\u00eda<\/th>\n<td>6000mAh<\/td>\n<\/tr>\n<tr>\n<th>Tipo de conector de carga<\/th>\n<td>USB tipo C<\/td>\n<\/tr>\n<tr>\n<th>Carga r\u00e1pida<\/th>\n<td>S\u00ed<\/td>\n<\/tr>\n<tr>\n<th>Capacidad del cargador<\/th>\n<td>33W<\/td>\n<\/tr>\n<tr>\n<th>Autonom\u00eda<\/th>\n<td>2,14 d\u00edas<\/td>\n<\/tr>\n<\/tbody>\n<\/table>\n<\/div>\n<div>\n<h3>Redes y conectividad<\/h3>\n<table>\n<tbody>\n<tr>\n<th>Conector de auriculares<\/th>\n<td>Combo Jack 3.5mm<\/td>\n<\/tr>\n<tr>\n<th>Con NFC<\/th>\n<td>S\u00ed<\/td>\n<\/tr>\n<tr>\n<th>WiFi<\/th>\n<td>2.4 y 5.0GHz<\/td>\n<\/tr>\n<tr>\n<th>Perfiles Bluetooth<\/th>\n<td>AAC\/SBC\/LDAC<\/td>\n<\/tr>\n<tr>\n<th>Versi\u00f3n de Bluetooth<\/th>\n<td>5.4<\/td>\n<\/tr>\n<tr>\n<th>Bandas 2G<\/th>\n<td>GSM: 2\/3\/5\/8<\/td>\n<\/tr>\n<tr>\n<th>Bandas 3G<\/th>\n<td>WCDMA: B1\/5\/8<\/td>\n<\/tr>\n<tr>\n<th>Bandas 4G<\/th>\n<td>LTE FDD: B1\/3\/ 5\/7\/ 8\/20 \/28, LTE TDD: B38\/40 \/41<\/td>\n<\/tr>\n<tr>\n<th>Tipo de SIM<\/th>\n<td>Doble SIM + microSD<\/td>\n<\/tr>\n<tr>\n<th>Es dual SIM<\/th>\n<td>S\u00ed<\/td>\n<\/tr>\n<\/tbody>\n<\/table>\n<\/div>\n<div>\n<h3>Otras especificaciones<\/h3>\n<table>\n<tbody>\n<tr>\n<th>Incluye<\/th>\n<td>Adaptador, cable USB tipo C, extractor de SIM y funda protectora<\/td>\n<\/tr>\n<tr>\n<th>Color<\/th>\n<td>Mint Green<\/td>\n<\/tr>\n<tr>\n<th>Modelo<\/th>\n<td>Redmi 15C<\/td>\n<\/tr>\n<\/tbody>\n<\/table>\n<\/div>\n<\/div>\n<\/div>\n","protected":false},"excerpt":{"rendered":"<p>REDMI 15C El Xiaomi Redmi 15C es un smartphone que combina elegancia, potencia y funcionalidad en un dise\u00f1o moderno y<\/p>\n","protected":false},"featured_media":101843,"comment_status":"open","ping_status":"closed","template":"","meta":{"nf_dc_page":""},"product_brand":[977],"product_cat":[2187],"product_tag":[3445],"class_list":{"0":"post-101842","1":"product","2":"type-product","3":"status-publish","4":"has-post-thumbnail","6":"product_brand-xiaomi","7":"product_cat-celulares","8":"product_tag-3445","10":"first","11":"instock","12":"shipping-taxable","13":"purchasable","14":"product-type-simple"},"_links":{"self":[{"href":"https:\/\/brandss.com.py\/index\/wp-json\/wp\/v2\/product\/101842","targetHints":{"allow":["GET"]}}],"collection":[{"href":"https:\/\/brandss.com.py\/index\/wp-json\/wp\/v2\/product"}],"about":[{"href":"https:\/\/brandss.com.py\/index\/wp-json\/wp\/v2\/types\/product"}],"replies":[{"embeddable":true,"href":"https:\/\/brandss.com.py\/index\/wp-json\/wp\/v2\/comments?post=101842"}],"version-history":[{"count":1,"href":"https:\/\/brandss.com.py\/index\/wp-json\/wp\/v2\/product\/101842\/revisions"}],"predecessor-version":[{"id":101854,"href":"https:\/\/brandss.com.py\/index\/wp-json\/wp\/v2\/product\/101842\/revisions\/101854"}],"wp:featuredmedia":[{"embeddable":true,"href":"https:\/\/brandss.com.py\/index\/wp-json\/wp\/v2\/media\/101843"}],"wp:attachment":[{"href":"https:\/\/brandss.com.py\/index\/wp-json\/wp\/v2\/media?parent=101842"}],"wp:term":[{"taxonomy":"product_brand","embeddable":true,"href":"https:\/\/brandss.com.py\/index\/wp-json\/wp\/v2\/product_brand?post=101842"},{"taxonomy":"product_cat","embeddable":true,"href":"https:\/\/brandss.com.py\/index\/wp-json\/wp\/v2\/product_cat?post=101842"},{"taxonomy":"product_tag","embeddable":true,"href":"https:\/\/brandss.com.py\/index\/wp-json\/wp\/v2\/product_tag?post=101842"}],"curies":[{"name":"wp","href":"https:\/\/api.w.org\/{rel}","templated":true}]}}