{"id":101898,"date":"2026-04-13T16:09:39","date_gmt":"2026-04-13T16:09:39","guid":{"rendered":"https:\/\/brandss.com.py\/index\/?post_type=product&#038;p=101898"},"modified":"2026-04-13T16:16:36","modified_gmt":"2026-04-13T16:16:36","slug":"celular-xiaomi-redmi-note-15-ds-8-512gb-forest-green","status":"publish","type":"product","link":"https:\/\/brandss.com.py\/index\/producto\/celular-xiaomi-redmi-note-15-ds-8-512gb-forest-green\/","title":{"rendered":"CELULAR XIAOMI REDMI NOTE 15 DS 8\/512GB FOREST GREEN"},"content":{"rendered":"<p><img loading=\"lazy\" decoding=\"async\" class=\"\" src=\"https:\/\/1000logos.net\/wp-content\/uploads\/2021\/08\/Xiaomi-logo.png\" alt=\"Xiaomi Logo and symbol, meaning, history, PNG, brand\" width=\"146\" height=\"82\" \/><\/p>\n<h1>REDMI NOTE 15<\/h1>\n<p>El Xiaomi Redmi Note 15 combina rendimiento s\u00f3lido y un dise\u00f1o moderno, ideal para acompa\u00f1arte en el uso diario. Su pantalla AMOLED de 6.77\u2033 con hasta 120Hz ofrece colores vibrantes, excelente nitidez y desplazamientos ultrafluidos para una experiencia visual superior. Adem\u00e1s, su bater\u00eda de 6000mAh con carga turbo de 33W te permite disfrutar de largas horas de uso con mayor autonom\u00eda y recargas r\u00e1pidas. En fotograf\u00eda, incorpora una c\u00e1mara principal de 108MP junto a una c\u00e1mara de profundidad de 2MP, perfecta para capturar im\u00e1genes con gran detalle y retratos con efecto profesional. Cuenta con procesador MediaTek Helio G100-Ultra que brinda gran velocidad, memoria RAM de 8GB y 512GB de almacenamiento, ofreciendo un rendimiento fluido y espacio m\u00e1s que suficiente para tus aplicaciones, fotos, videos y archivos. Su acabado premium, junto con la resistencia al agua y polvo IP64, brinda mayor durabilidad y protecci\u00f3n sin perder elegancia.<\/p>\n<div class=\"template-contenedor alinear\">\n<div class=\"wp-caption alignleft\">\n<div style=\"width: 518px\" class=\"wp-caption alignleft\"><img loading=\"lazy\" decoding=\"async\" class=\"template-sm-grid-12 template-md-grid-6 template-grid-6\" src=\"https:\/\/laoferta.com.uy\/html-uy\/smartphones\/xiaomi\/note-15-8gb-256gb\/img\/img-01.jpg\" alt=\"\" width=\"508\" height=\"308\" \/><p class=\"wp-caption-text\">Bater\u00eda masiva de 6000mAh Equipado con una bater\u00eda masiva de 6000mAh, ofrece energ\u00eda duradera para acompa\u00f1arte todo el d\u00eda sin preocupaciones. Hasta 2 d\u00edas de duraci\u00f3n de la bater\u00eda, 24 horas de reproducci\u00f3n de video y hasta 50 horas de llamadas.<\/p><\/div>\n<p class=\"wp-caption-text\">\n<\/div>\n<div class=\"template-sm-grid-12 template-md-grid-6 template-grid-6 parrafo\">\n<p>&nbsp;<\/p>\n<\/div>\n<\/div>\n<div class=\"template-linea template-grid-12\"><\/div>\n<div class=\"template-contenedor alinear\">\n<div class=\"template-sm-grid-12 template-md-grid-6 template-grid-6 parrafo\">\n<p>&nbsp;<\/p>\n<\/div>\n<div class=\"wp-caption alignright\">\n<div style=\"width: 518px\" class=\"wp-caption alignright\"><img loading=\"lazy\" decoding=\"async\" class=\"template-sm-grid-12 template-md-grid-6 template-grid-6 orden-imagen-primero\" src=\"https:\/\/laoferta.com.uy\/html-uy\/smartphones\/xiaomi\/note-15-8gb-256gb\/img\/img-02.jpg\" alt=\"\" width=\"508\" height=\"308\" \/><p class=\"wp-caption-text\">Energ\u00eda cuando la necesit\u00e1s La carga turbo de 33W te mantiene en marcha sin preocupaciones, equilibrando la carga r\u00e1pida y la larga duraci\u00f3n de la bater\u00eda.<\/p><\/div>\n<p class=\"wp-caption-text\">\n<\/div>\n<\/div>\n<div class=\"template-linea template-grid-12\"><\/div>\n<div class=\"template-contenedor alinear\">\n<div class=\"wp-caption alignleft\">\n<div style=\"width: 518px\" class=\"wp-caption alignleft\"><img loading=\"lazy\" decoding=\"async\" class=\"template-sm-grid-12 template-md-grid-6 template-grid-6\" src=\"https:\/\/laoferta.com.uy\/html-uy\/smartphones\/xiaomi\/note-15-8gb-256gb\/img\/img-03.jpg\" alt=\"\" width=\"508\" height=\"308\" \/><p class=\"wp-caption-text\">Hasta 18W de carga inversa Con la compatibilidad de carga inversa, tu tel\u00e9fono se convierte en un powerbank port\u00e1til, listo para recargar tus dispositivos en cualquier momento y lugar.<\/p><\/div>\n<p class=\"wp-caption-text\">\n<\/div>\n<div class=\"template-sm-grid-12 template-md-grid-6 template-grid-6 parrafo\">\n<p>&nbsp;<\/p>\n<\/div>\n<\/div>\n<div class=\"template-linea template-grid-12\"><\/div>\n<div class=\"template-contenedor alinear\">\n<div class=\"template-sm-grid-12 template-md-grid-6 template-grid-6 parrafo\">\n<p>&nbsp;<\/p>\n<\/div>\n<div class=\"wp-caption alignright\">\n<div style=\"width: 518px\" class=\"wp-caption alignright\"><img loading=\"lazy\" decoding=\"async\" class=\"template-sm-grid-12 template-md-grid-6 template-grid-6 orden-imagen-primero\" src=\"https:\/\/laoferta.com.uy\/html-uy\/smartphones\/xiaomi\/note-15-8gb-256gb\/img\/img-04.jpg\" alt=\"\" width=\"508\" height=\"308\" \/><p class=\"wp-caption-text\">M\u00e1s resistente y duradero Redmi Note 15 emplea vidrio de alta durabilidad en la parte frontal para mejorar su resistencia a ca\u00eddas, y soporta ca\u00eddas boca abajo desde 1,8m sobre m\u00e1rmol, brind\u00e1ndote tranquilidad en el uso diario.<\/p><\/div>\n<p class=\"wp-caption-text\">\n<\/div>\n<\/div>\n<div class=\"template-linea template-grid-12\"><\/div>\n<div class=\"template-contenedor alinear\">\n<div class=\"wp-caption alignleft\">\n<div style=\"width: 518px\" class=\"wp-caption alignleft\"><img loading=\"lazy\" decoding=\"async\" class=\"template-sm-grid-12 template-md-grid-6 template-grid-6\" src=\"https:\/\/laoferta.com.uy\/html-uy\/smartphones\/xiaomi\/note-15-8gb-256gb\/img\/img-05.jpg\" alt=\"\" width=\"508\" height=\"308\" \/><p class=\"wp-caption-text\">Estructura duradera, por dentro y por fuera Con una placa base de alta resistencia y un chasis intermedio reforzado, Redmi Note 15 est\u00e1 fabricado para una larga durabilidad, listo para afrontar los desaf\u00edos diarios con confianza.<\/p><\/div>\n<p class=\"wp-caption-text\">\n<\/div>\n<div class=\"template-sm-grid-12 template-md-grid-6 template-grid-6 parrafo\">\n<p>&nbsp;<\/p>\n<\/div>\n<\/div>\n<div class=\"template-linea template-grid-12\"><\/div>\n<div class=\"template-contenedor alinear\">\n<div class=\"template-sm-grid-12 template-md-grid-6 template-grid-6 parrafo\">\n<p>&nbsp;<\/p>\n<\/div>\n<div class=\"wp-caption alignright\">\n<div style=\"width: 518px\" class=\"wp-caption alignright\"><img loading=\"lazy\" decoding=\"async\" class=\"template-sm-grid-12 template-md-grid-6 template-grid-6 orden-imagen-primero\" src=\"https:\/\/laoferta.com.uy\/html-uy\/smartphones\/xiaomi\/note-15-8gb-256gb\/img\/img-06.jpg\" alt=\"\" width=\"508\" height=\"308\" \/><p class=\"wp-caption-text\">Pruebas de calidad rigurosas Dise\u00f1ado para resistir los desaf\u00edos del mundo real, este dispositivo fue sometido a exigentes pruebas de durabilidad: 20.000 inserciones en el puerto USB, 210.000 pulsaciones del bot\u00f3n de encendido, 3.000 ciclos de resistencia a ara\u00f1azos con lana de acero, 300 pruebas de rodillo y 28.000 microca\u00eddas, garantizando un rendimiento confiable incluso con uso intensivo.<\/p><\/div>\n<p class=\"wp-caption-text\">Pruebas de calidad rigurosas Dise\u00f1ado para resistir los desaf\u00edos del mundo real, este dispositivo fue sometido a exigentes pruebas de durabilidad: 20.000 inserciones en el puerto USB, 210.000 pulsaciones del bot\u00f3n de encendido, 3.000 ciclos de resistencia a ara\u00f1azos con lana de acero, 300 pruebas de rodillo y 28.000 microca\u00eddas, garantizando un rendimiento confiable incluso con uso intensivo.<\/p>\n<\/div>\n<\/div>\n<div class=\"template-linea template-grid-12\"><\/div>\n<div class=\"template-contenedor alinear\">\n<div class=\"wp-caption alignleft\">\n<div style=\"width: 518px\" class=\"wp-caption alignleft\"><img loading=\"lazy\" decoding=\"async\" class=\"template-sm-grid-12 template-md-grid-6 template-grid-6\" src=\"https:\/\/laoferta.com.uy\/html-uy\/smartphones\/xiaomi\/note-15-8gb-256gb\/img\/img-07.jpg\" alt=\"\" width=\"508\" height=\"308\" \/><p class=\"wp-caption-text\">Resistencia al polvo y al agua IP64 Admite resistencia al polvo y al agua IP64, brindando protecci\u00f3n efectiva contra salpicaduras, polvo u otras situaciones imprevistas. Manej\u00e1 con facilidad tu d\u00eda a d\u00eda.<\/p><\/div>\n<p class=\"wp-caption-text\">\n<\/div>\n<div class=\"template-sm-grid-12 template-md-grid-6 template-grid-6 parrafo\">\n<p>&nbsp;<\/p>\n<\/div>\n<\/div>\n<div class=\"template-linea template-grid-12\"><\/div>\n<div class=\"template-contenedor alinear\">\n<div class=\"template-sm-grid-12 template-md-grid-6 template-grid-6 parrafo\">\n<p>&nbsp;<\/p>\n<\/div>\n<div class=\"wp-caption alignright\">\n<div style=\"width: 518px\" class=\"wp-caption alignright\"><img loading=\"lazy\" decoding=\"async\" class=\"template-sm-grid-12 template-md-grid-6 template-grid-6 orden-imagen-primero\" src=\"https:\/\/laoferta.com.uy\/html-uy\/smartphones\/xiaomi\/note-15-8gb-256gb\/img\/img-08.jpg\" alt=\"\" width=\"508\" height=\"308\" \/><p class=\"wp-caption-text\">Wet Touch Technology 2.0 Detecta de forma inteligente agua, aceite, espuma, sudor y m\u00e1s, brindando una experiencia t\u00e1ctil m\u00e1s suave y receptiva en cualquier situaci\u00f3n.<\/p><\/div>\n<\/div>\n<\/div>\n<div class=\"template-contenedor alinear\">\n<div class=\"wp-caption aligncenter\">\n<p><img loading=\"lazy\" decoding=\"async\" class=\"template-sm-grid-12 template-md-grid-12 template-grid-12 template-xl-grid-12 orden-imagen-primero\" src=\"https:\/\/laoferta.com.uy\/html-uy\/smartphones\/xiaomi\/note-15-8gb-256gb\/img\/img-09.jpg\" alt=\"\" width=\"1420\" height=\"700\" \/><\/p>\n<p class=\"wp-caption-text\">Sistema de \u00faltima generaci\u00f3n de 108MP superclara La c\u00e1mara de 108MP superclara ofrece una experiencia de imagen de alta resoluci\u00f3n excepcional.<\/p>\n<\/div>\n<\/div>\n<div class=\"template-linea template-grid-12\"><\/div>\n<div class=\"template-contenedor alinear\">\n<div class=\"wp-caption alignright\">\n<div style=\"width: 518px\" class=\"wp-caption aligncenter\"><img loading=\"lazy\" decoding=\"async\" class=\"template-sm-grid-12 template-md-grid-6 template-grid-6\" src=\"https:\/\/laoferta.com.uy\/html-uy\/smartphones\/xiaomi\/note-15-8gb-256gb\/img\/img-10.jpg\" alt=\"\" width=\"508\" height=\"308\" \/><p class=\"wp-caption-text\">Sensor de imagen ultran\u00edtido La c\u00e1mara de 108MP superclara captura una amplia gama de luces y sombras, incluso en entornos con poca iluminaci\u00f3n o alto contraste. Ya sea en Ultra HD Mode o en m\u00faltiples distancias focales, puede capturar im\u00e1genes que permanecen claras y n\u00edtidas.<\/p><\/div>\n<p class=\"wp-caption-text\">\n<\/div>\n<div class=\"template-sm-grid-12 template-md-grid-6 template-grid-6 parrafo\">\n<p>&nbsp;<\/p>\n<\/div>\n<\/div>\n<div class=\"template-linea template-grid-12\"><\/div>\n<div class=\"template-sm-grid-12 template-md-grid-12 template-grid-12 template-xl-grid-12 parrafo center\">\n<h3><\/h3>\n<h3><\/h3>\n<h3><\/h3>\n<h3><\/h3>\n<h3><\/h3>\n<h3><\/h3>\n<h3 style=\"text-align: center\">Una lente, cuatro distancias focales<\/h3>\n<p style=\"text-align: center\">Gracias a su resoluci\u00f3n ultraalta, logra cuatro distancias focales con una sola c\u00e1mara, obteniendo resultados impresionantes que pueden competir con los zooms \u00f3pticos tradicionales.<\/p>\n<\/div>\n<div class=\"template-contenedor\">\n<div class=\"template-sm-grid-12 template-md-grid-12 template-grid-6 template-xl-grid-6 center sm-left\">\n<div class=\"wp-caption alignleft\">\n<div style=\"width: 518px\" class=\"wp-caption alignleft\"><img loading=\"lazy\" decoding=\"async\" class=\"template-sm-grid-12 template-md-grid-12 template-grid-12 template-xl-grid-12\" src=\"https:\/\/laoferta.com.uy\/html-uy\/smartphones\/xiaomi\/note-15-8gb-256gb\/img\/img-11.jpg\" alt=\"\" width=\"508\" height=\"308\" \/><p class=\"wp-caption-text\">1x distancia focal de 24mm Paisajes gran angular<\/p><\/div>\n<p class=\"wp-caption-text\">\n<\/div>\n<p>&nbsp;<\/p>\n<\/div>\n<div class=\"template-sm-grid-12 template-md-grid-12 template-grid-6 template-xl-grid-6 center sm-left\">\n<div class=\"wp-caption alignright\">\n<div style=\"width: 518px\" class=\"wp-caption alignright\"><img loading=\"lazy\" decoding=\"async\" class=\"template-sm-grid-12 template-md-grid-12 template-grid-12 template-xl-grid-12\" src=\"https:\/\/laoferta.com.uy\/html-uy\/smartphones\/xiaomi\/note-15-8gb-256gb\/img\/img-12.jpg\" alt=\"\" width=\"508\" height=\"308\" \/><p class=\"wp-caption-text\">1.2x distancia focal de 28mm Fotograf\u00eda urbana<\/p><\/div>\n<p class=\"wp-caption-text\">\n<\/div>\n<p>&nbsp;<\/p>\n<\/div>\n<\/div>\n<div class=\"template-contenedor\">\n<div class=\"template-sm-grid-12 template-md-grid-12 template-grid-6 template-xl-grid-6 center sm-left\">\n<div class=\"wp-caption alignleft\">\n<div style=\"width: 518px\" class=\"wp-caption alignleft\"><img loading=\"lazy\" decoding=\"async\" class=\"template-sm-grid-12 template-md-grid-12 template-grid-12 template-xl-grid-12\" src=\"https:\/\/laoferta.com.uy\/html-uy\/smartphones\/xiaomi\/note-15-8gb-256gb\/img\/img-13.jpg\" alt=\"\" width=\"508\" height=\"308\" \/><p class=\"wp-caption-text\">1.5x distancia focal de 35mm Narrativa<\/p><\/div>\n<p class=\"wp-caption-text\">\n<\/div>\n<p>&nbsp;<\/p>\n<\/div>\n<div class=\"template-sm-grid-12 template-md-grid-12 template-grid-6 template-xl-grid-6 center sm-left\">\n<div class=\"wp-caption alignright\">\n<div style=\"width: 518px\" class=\"wp-caption alignright\"><img loading=\"lazy\" decoding=\"async\" class=\"template-sm-grid-12 template-md-grid-12 template-grid-12 template-xl-grid-12\" src=\"https:\/\/laoferta.com.uy\/html-uy\/smartphones\/xiaomi\/note-15-8gb-256gb\/img\/img-14.jpg\" alt=\"\" width=\"508\" height=\"308\" \/><p class=\"wp-caption-text\">3x distancia focal de 72mm Retratos de nivel profesional<\/p><\/div>\n<p class=\"wp-caption-text\">\n<\/div>\n<p>&nbsp;<\/p>\n<\/div>\n<\/div>\n<div class=\"template-linea template-grid-12\"><\/div>\n<div class=\"template-sm-grid-12 template-md-grid-12 template-grid-12 template-xl-grid-12 parrafo center\">\n<h3><\/h3>\n<h3><\/h3>\n<h3><\/h3>\n<h3><\/h3>\n<h3><\/h3>\n<h3><\/h3>\n<h3><\/h3>\n<h3><\/h3>\n<h3><\/h3>\n<h3><\/h3>\n<h3><\/h3>\n<h3><\/h3>\n<h3>Herramientas de edici\u00f3n de imagen con IA<\/h3>\n<\/div>\n<div class=\"template-contenedor\">\n<div class=\"template-sm-grid-12 template-md-grid-12 template-grid-4 template-xl-grid-4 center sm-left\">\n<p><img decoding=\"async\" class=\"template-sm-grid-12 template-md-grid-12 template-grid-12 template-xl-grid-12\" src=\"https:\/\/laoferta.com.uy\/html-uy\/smartphones\/xiaomi\/note-15-8gb-256gb\/img\/img-15.jpg\" \/><\/p>\n<h3>Modo belleza por IA<\/h3>\n<p>Optimizaci\u00f3n inteligente con un solo toque, que potencia las posibilidades de imagen y la eficiencia creativa.<\/p>\n<\/div>\n<div class=\"template-sm-grid-12 template-md-grid-12 template-grid-4 template-xl-grid-4 center sm-left\">\n<p><img decoding=\"async\" class=\"template-sm-grid-12 template-md-grid-12 template-grid-12 template-xl-grid-12\" src=\"https:\/\/laoferta.com.uy\/html-uy\/smartphones\/xiaomi\/note-15-8gb-256gb\/img\/img-16.jpg\" \/><\/p>\n<h3>IA Remove Reflection<\/h3>\n<p>Elimina f\u00e1cilmente los reflejos en parabrisas o vidrios de exhibici\u00f3n a la vez que reduce el deslumbramiento para capturar cada detalle.<\/p>\n<\/div>\n<div class=\"template-sm-grid-12 template-md-grid-12 template-grid-4 template-xl-grid-4 center sm-left\">\n<p><img decoding=\"async\" class=\"template-sm-grid-12 template-md-grid-12 template-grid-12 template-xl-grid-12\" src=\"https:\/\/laoferta.com.uy\/html-uy\/smartphones\/xiaomi\/note-15-8gb-256gb\/img\/img-17.jpg\" \/><\/p>\n<h3>IA Erase<\/h3>\n<p>Detecta objetos no deseados o distractores en las fotos y utiliza AI para eliminarlos, rellenando el fondo de manera uniforme.<\/p>\n<\/div>\n<\/div>\n<div class=\"template-linea template-grid-12\"><\/div>\n<div class=\"template-contenedor alinear\">\n<div class=\"template-sm-grid-12 template-md-grid-12 template-grid-12 template-xl-grid-12 parrafo center sm-left\">\n<h3>Pantalla ultra grande de 6.77\u2033<\/h3>\n<p>Los materiales luminosos avanzados llevan el brillo m\u00e1ximo de la pantalla a 3200nits, garantizando una visibilidad clara incluso bajo la luz solar directa y colores vivos y realistas. Una frecuencia de actualizaci\u00f3n de 120Hz combinada con una frecuencia de muestreo t\u00e1ctil ultraalta de 2560Hz brinda un control r\u00e1pido y sensible para una experiencia fluida y agradable.<\/p>\n<\/div>\n<p><img decoding=\"async\" class=\"template-sm-grid-12 template-md-grid-12 template-grid-12 template-xl-grid-12 orden-imagen-primero\" src=\"https:\/\/laoferta.com.uy\/html-uy\/smartphones\/xiaomi\/note-15-8gb-256gb\/img\/img-18.jpg\" \/><\/p>\n<\/div>\n<div class=\"template-linea template-grid-12\"><\/div>\n<div class=\"template-contenedor alinear\">\n<div class=\"template-sm-grid-12 template-md-grid-6 template-grid-6 parrafo\">\n<p>&nbsp;<\/p>\n<\/div>\n<div class=\"wp-caption alignleft\">\n<div style=\"width: 518px\" class=\"wp-caption alignleft\"><img loading=\"lazy\" decoding=\"async\" class=\"template-sm-grid-12 template-md-grid-6 template-grid-6 orden-imagen-primero\" src=\"https:\/\/laoferta.com.uy\/html-uy\/smartphones\/xiaomi\/note-15-8gb-256gb\/img\/img-19.jpg\" alt=\"\" width=\"508\" height=\"308\" \/><p class=\"wp-caption-text\">3840Hz de atenuaci\u00f3n PWM Libre de parpadeos con una atenuaci\u00f3n de pantalla m\u00e1s natural: la atenuaci\u00f3n PWM de alta frecuencia de 3840Hz se combina con el modo de lectura c\u00edclica para ofrecer una pantalla m\u00e1s suave e inteligente que reduce la fatiga visual.<\/p><\/div>\n<p class=\"wp-caption-text\">\n<\/div>\n<\/div>\n<div class=\"template-linea template-grid-12\"><\/div>\n<div class=\"template-contenedor alinear\">\n<div class=\"wp-caption alignright\">\n<div style=\"width: 518px\" class=\"wp-caption alignright\"><img loading=\"lazy\" decoding=\"async\" class=\"template-sm-grid-12 template-md-grid-6 template-grid-6\" src=\"https:\/\/laoferta.com.uy\/html-uy\/smartphones\/xiaomi\/note-15-8gb-256gb\/img\/img-20.jpg\" alt=\"\" width=\"508\" height=\"308\" \/><p class=\"wp-caption-text\">Sonido est\u00e9reo impresionante Equipado con dos altavoces que brindan un aumento de volumen de hasta un 300% para una experiencia de audio envolvente.<\/p><\/div>\n<p class=\"wp-caption-text\">\n<\/div>\n<div class=\"template-sm-grid-12 template-md-grid-6 template-grid-6 parrafo\">\n<p>&nbsp;<\/p>\n<\/div>\n<\/div>\n<div class=\"template-linea template-grid-12\"><\/div>\n<div class=\"template-contenedor alinear\">\n<div class=\"template-sm-grid-12 template-md-grid-6 template-grid-6 parrafo\">\n<p>&nbsp;<\/p>\n<\/div>\n<div class=\"wp-caption alignright\">\n<div style=\"width: 518px\" class=\"wp-caption alignright\"><img loading=\"lazy\" decoding=\"async\" class=\"template-sm-grid-12 template-md-grid-6 template-grid-6 orden-imagen-primero\" src=\"https:\/\/laoferta.com.uy\/html-uy\/smartphones\/xiaomi\/note-15-8gb-256gb\/img\/img-21.jpg\" alt=\"\" width=\"508\" height=\"308\" \/><p class=\"wp-caption-text\">MediaTek Helio G100-Ultra Impulsado por MediaTek Helio G100-Ultra, REDMI Note 15 logra el equilibrio perfecto entre un alto rendimiento y eficiencia energ\u00e9tica, gestionando sin esfuerzo las tareas cotidianas y el entretenimiento.<\/p><\/div>\n<p class=\"wp-caption-text\">\n<\/div>\n<\/div>\n<div class=\"template-linea template-grid-12\"><\/div>\n<div class=\"template-contenedor alinear\">\n<div class=\"wp-caption alignleft\">\n<div style=\"width: 518px\" class=\"wp-caption alignleft\"><img loading=\"lazy\" decoding=\"async\" class=\"template-sm-grid-12 template-md-grid-6 template-grid-6\" src=\"https:\/\/laoferta.com.uy\/html-uy\/smartphones\/xiaomi\/note-15-8gb-256gb\/img\/img-22.jpg\" alt=\"\" width=\"508\" height=\"308\" \/><p class=\"wp-caption-text\">Gemini Chate\u00e1 con Gemini, el asistente de inteligencia artificial personal de Google, para potenciar tus ideas y acceder r\u00e1pidamente a sus funciones sin salir de tu aplicaci\u00f3n gracias a Gemini Overlay. Con Gemini Live puedes hablar con \u00e9l en tiempo real, mientras que la generaci\u00f3n de im\u00e1genes te permite crear contenido visual impactante. Adem\u00e1s, Gemini se integra con tus apps conectadas, incluyendo las de Xiaomi, para que puedas actuar directamente desde tus aplicaciones favoritas.<\/p><\/div>\n<p class=\"wp-caption-text\">\n<\/div>\n<div class=\"modal-header\">\n<h5><\/h5>\n<h5><\/h5>\n<h5><\/h5>\n<h5><\/h5>\n<h5><\/h5>\n<h5><\/h5>\n<h5><\/h5>\n<h5><\/h5>\n<h5><\/h5>\n<h5><\/h5>\n<h5><\/h5>\n<h5><\/h5>\n<h5><\/h5>\n<h5><\/h5>\n<h3><\/h3>\n<h3><\/h3>\n<h3><\/h3>\n<h3><\/h3>\n<h3><\/h3>\n<h3><\/h3>\n<h3><\/h3>\n<h3><\/h3>\n<h3><\/h3>\n<h3 id=\"specificationsModalLabel\" class=\"modal-title mt-1\">Especificaciones<\/h3>\n<div class=\"modal-header\">MODELO: Redmi Note 15 5G (Global).<\/div>\n<div id=\"modalBody\" class=\"modal-body\">\n<div class=\"specifications-container\">\n<div class=\"specification-item\">\n<div class=\"spec-label\">COLOR: Forest Green.<\/div>\n<\/div>\n<div class=\"specification-item\">\n<div class=\"spec-label\">MEMORIA INTERNA: 512GB.<\/div>\n<\/div>\n<div class=\"specification-item\">\n<div class=\"spec-label\">MEMORIA RAM: 8GB + 8GB de Mem\u00f3ria Virtual (Opcional).<\/div>\n<\/div>\n<div class=\"specification-item\">\n<div class=\"spec-label\">PROCESADOR CPU: Qualcomm Snapdragon 6 Gen 3 (4 nm), Octa Core (Quad Core de 2.4GHz + Quad Core de 1.8 GHz).<\/div>\n<\/div>\n<div class=\"specification-item\">\n<div class=\"spec-label\">GPU: Adreno 710.<\/div>\n<\/div>\n<div class=\"specification-item\">\n<div class=\"spec-label\">SISTEMA OPERATIVO: Android 15 + HyperOS 2.0.<\/div>\n<\/div>\n<div class=\"specification-item\">\n<div class=\"spec-label\">PANTALLA: 6.77\u2033 Full HD+ AMOLED.<\/div>\n<\/div>\n<div class=\"specification-item\">\n<div class=\"spec-label\">TASA DE ACTUALIZACI\u00d3N: 120Hz.<\/div>\n<\/div>\n<div class=\"specification-item\">\n<div class=\"spec-label\">C\u00c1MARA: Principal Dual: Wide de 108MP f\/1.7 + C\u00e1mara Frontal de 20MP f\/2.2.<\/div>\n<\/div>\n<div class=\"specification-item\">\n<div class=\"spec-label\">FRECUENCIA 2G: GSM: 850, 900, 1800, 1900 MHz.<\/div>\n<\/div>\n<div class=\"specification-item\">\n<div class=\"spec-label\">FRECUENCIA 3G: WCDMA : 1(2100), 2(1900), 4(1700), 5(850), 8(900) MHz.<\/div>\n<\/div>\n<div class=\"specification-item\">\n<div class=\"spec-label\">FRECUENCIA 4G: FDD-LTE: 1(2100), 2(1900), 3(1800), 4(AWS), 5(850), 7(2600), 8(900), 12(700), 13(700), 17(700),18(700), 19(700), 20(800), 26(850), 28(700), 32(1500), 66(AWS-3), 71(600) \/ TDD-LTE: 38(2600), 40(2300), 41(2500), 42(3500), 48(3600) MHz.<\/div>\n<\/div>\n<div class=\"specification-item\">\n<div class=\"spec-label\">FRECUENCIA 5G: FDD-NR: n1(2100), n2(1900), n3(1800), n5(850), n7(2600), n8(900), n12(700), n20(800), n26(850), n28(700), n66(AWS-3), n71(600) \/ TDD-NR: n38(2600), n40(2300), n41(2500), n48(3600), n77(3700), n78(3500) MHz.<\/div>\n<\/div>\n<div class=\"specification-item\">\n<div class=\"spec-label\">SIM CARD: Dual SIM (Nano) \u2013 (La segunda tarjeta SIM y la tarjeta de memoria Micro SD no se pueden utilizar simult\u00e1neamente).<\/div>\n<\/div>\n<div class=\"specification-item\">\n<div class=\"spec-label\">BATER\u00cdA: 5.520 mAh.<\/div>\n<\/div>\n<div class=\"specification-item\">\n<div class=\"spec-label\">CARGADOR: Hasta 45 watts.<\/div>\n<\/div>\n<div class=\"specification-item\">\n<div class=\"spec-label\">COMUNICACI\u00d3N: USB-C.<\/div>\n<\/div>\n<div class=\"specification-item\">\n<div class=\"spec-label\">MEMORIA EXTERNA: Soporta tarjeta Micro SD.<\/div>\n<\/div>\n<div class=\"specification-item\">\n<div class=\"spec-label\">CONECTIVIDAD WIRELESS: Wi-Fi 802.11 a\/b\/g\/n\/ac, doble banda 2.4GHz y 5GHz -Bluetooth 5.3 \u2013 NFC.<\/div>\n<\/div>\n<div class=\"specification-item\">\n<div class=\"spec-label\">V\u00cdDEO: Calidad m\u00e1xima de captura: 4K Full HD a 30 fps.<\/div>\n<\/div>\n<div class=\"specification-item\">\n<div class=\"spec-label\">UBICACI\u00d3N: GPS \u2013 GLONASS \u2013 Galileo \u2013 BDS.<\/div>\n<\/div>\n<div class=\"specification-item\">\n<div class=\"spec-label\">SENSOR: Huella Dactilar lateral \u2013 Aceler\u00f3metro \u2013 Sensor de Luz Ambiente \u2013 Giroscopio \u2013 Br\u00fajula Electr\u00f3nica \u2013 Proximidad.<\/div>\n<\/div>\n<div class=\"specification-item\">\n<div class=\"spec-label\">RENDIMIENTO: Clasificaci\u00f3n IP65.<\/div>\n<\/div>\n<div class=\"specification-item\">\n<div class=\"spec-label\">AUDIO: Hi-Res \u2013 Dolby Atmos.<\/div>\n<\/div>\n<div class=\"specification-item\">\n<div class=\"spec-label\">PESO BRUTO (g): 477.<\/div>\n<\/div>\n<div class=\"specification-item\">\n<div class=\"spec-label\">DIMENSIONES DE EMBALAJE (cm): 9.1 x 6.1 x 18.<\/div>\n<\/div>\n<div class=\"specification-item\">\n<div class=\"spec-label\">INCLUYE: Adaptador de energ\u00eda \u2013 Cable USB \u2013 Funda \u2013 Manual.<\/div>\n<\/div>\n<\/div>\n<\/div>\n<\/div>\n<\/div>\n","protected":false},"excerpt":{"rendered":"<p>REDMI NOTE 15 El Xiaomi Redmi Note 15 combina rendimiento s\u00f3lido y un dise\u00f1o moderno, ideal para acompa\u00f1arte en el<\/p>\n","protected":false},"featured_media":101899,"comment_status":"open","ping_status":"closed","template":"","meta":{"nf_dc_page":""},"product_brand":[977],"product_cat":[2187],"product_tag":[3450],"class_list":{"0":"post-101898","1":"product","2":"type-product","3":"status-publish","4":"has-post-thumbnail","6":"product_brand-xiaomi","7":"product_cat-celulares","8":"product_tag-3450","10":"first","11":"instock","12":"shipping-taxable","13":"purchasable","14":"product-type-simple"},"_links":{"self":[{"href":"https:\/\/brandss.com.py\/index\/wp-json\/wp\/v2\/product\/101898","targetHints":{"allow":["GET"]}}],"collection":[{"href":"https:\/\/brandss.com.py\/index\/wp-json\/wp\/v2\/product"}],"about":[{"href":"https:\/\/brandss.com.py\/index\/wp-json\/wp\/v2\/types\/product"}],"replies":[{"embeddable":true,"href":"https:\/\/brandss.com.py\/index\/wp-json\/wp\/v2\/comments?post=101898"}],"version-history":[{"count":3,"href":"https:\/\/brandss.com.py\/index\/wp-json\/wp\/v2\/product\/101898\/revisions"}],"predecessor-version":[{"id":101911,"href":"https:\/\/brandss.com.py\/index\/wp-json\/wp\/v2\/product\/101898\/revisions\/101911"}],"wp:featuredmedia":[{"embeddable":true,"href":"https:\/\/brandss.com.py\/index\/wp-json\/wp\/v2\/media\/101899"}],"wp:attachment":[{"href":"https:\/\/brandss.com.py\/index\/wp-json\/wp\/v2\/media?parent=101898"}],"wp:term":[{"taxonomy":"product_brand","embeddable":true,"href":"https:\/\/brandss.com.py\/index\/wp-json\/wp\/v2\/product_brand?post=101898"},{"taxonomy":"product_cat","embeddable":true,"href":"https:\/\/brandss.com.py\/index\/wp-json\/wp\/v2\/product_cat?post=101898"},{"taxonomy":"product_tag","embeddable":true,"href":"https:\/\/brandss.com.py\/index\/wp-json\/wp\/v2\/product_tag?post=101898"}],"curies":[{"name":"wp","href":"https:\/\/api.w.org\/{rel}","templated":true}]}}