{"id":101956,"date":"2026-04-13T19:10:17","date_gmt":"2026-04-13T19:10:17","guid":{"rendered":"https:\/\/brandss.com.py\/index\/?post_type=product&#038;p=101956"},"modified":"2026-04-13T19:10:54","modified_gmt":"2026-04-13T19:10:54","slug":"celular-xiaomi-poco-x7-pro-5g-ds-12-512gb-black","status":"publish","type":"product","link":"https:\/\/brandss.com.py\/index\/producto\/celular-xiaomi-poco-x7-pro-5g-ds-12-512gb-black\/","title":{"rendered":"CELULAR XIAOMI POCO X7 PRO 5G DS 12\/512GB BLACK"},"content":{"rendered":"<p><img loading=\"lazy\" decoding=\"async\" class=\"\" src=\"https:\/\/1000logos.net\/wp-content\/uploads\/2021\/08\/Xiaomi-logo.png\" alt=\"Xiaomi Logo and symbol, meaning, history, PNG, brand\" width=\"123\" height=\"69\" \/><\/p>\n<h1>POCO X7 PRO<\/h1>\n<p><span dir=\"auto\">Con el Poco X7 Pro de 12 GB\/512 GB en color negro, Poco ha lanzado un tel\u00e9fono que ofrece una excelente relaci\u00f3n calidad-precio. Este smartphone cuenta con numerosas caracter\u00edsticas propias de tel\u00e9fonos de gama alta, \u00a1pero sin que ello suponga un precio excesivo!<\/span><\/p>\n<p><span dir=\"auto\">No es com\u00fan encontrar un tel\u00e9fono en este rango de precio con un procesador MediaTek Dimensity 8400-Ultra, y la pantalla AMOLED luce incre\u00edblemente bien. \u00a1Sentir\u00e1s que llevas un tel\u00e9fono mucho m\u00e1s caro en el bolsillo!<\/span><\/p>\n<h2 id=\"camera-setup-with-lots-of-options\"><span dir=\"auto\">Configuraci\u00f3n de la c\u00e1mara con muchas opciones<\/span><\/h2>\n<p><span dir=\"auto\">Este elegante tel\u00e9fono cuenta con dos lentes de c\u00e1mara diferentes en la parte trasera. El lente principal tiene una resoluci\u00f3n de 50 megap\u00edxeles, lo que te permite tomar fotos incre\u00edbles y grabar videos. Esta c\u00e1mara se usa para todas las fotos normales, \u00a1as\u00ed que es la que m\u00e1s utilizas! Tambi\u00e9n incluye un lente ultra gran angular con una resoluci\u00f3n de 8 megap\u00edxeles. Con este lente, puedes tomar fotos con un \u00e1ngulo m\u00e1s amplio. En la parte frontal de este dispositivo, encontramos la c\u00e1mara para selfies, con una resoluci\u00f3n de 20 megap\u00edxeles.<\/span><\/p>\n<h2 id=\"genai\"><span dir=\"auto\">GenAI<\/span><\/h2>\n<p><span dir=\"auto\">La IA est\u00e1 en auge. La inteligencia artificial facilita muchas tareas. Por ejemplo, puedes eliminar objetos no deseados de tus fotos en un instante. Este dispositivo tambi\u00e9n crea res\u00famenes de archivos de audio y traduce autom\u00e1ticamente los mensajes de chat. Adem\u00e1s, incluye Google Gemini, tu asistente personal de IA.<\/span><\/p>\n<h2 id=\"extremely-large-battery\"><span dir=\"auto\">Bater\u00eda extremadamente grande<\/span><\/h2>\n<p><span dir=\"auto\">Cargar tu tel\u00e9fono es rapid\u00edsimo gracias a su tecnolog\u00eda de carga r\u00e1pida. As\u00ed, este Poco X7 se carga por completo en tan solo 42 minutos. \u00bfSiempre llevas una bater\u00eda externa contigo para tener la bater\u00eda siempre cargada? Con el smartphone Poco, ya no es necesario. Cuenta con una bater\u00eda de 6000 mAh de excelente calidad. \u00a1Podr\u00e1s navegar sin parar hasta 14,5 horas!<\/span><\/p>\n<h2 id=\"amoled-screen\"><span dir=\"auto\">Pantalla AMOLED<\/span><\/h2>\n<p><span dir=\"auto\">La pantalla de este Poco X7 Pro de 12 GB\/512 GB en color negro es grande y n\u00edtida, lo que facilita la lectura de todo el contenido y permite disfrutar de pel\u00edculas o juegos sin interrupciones. Esto es posible gracias a su pantalla AMOLED, donde cada p\u00edxel se puede apagar individualmente. Adem\u00e1s, este dispositivo cuenta con un alto brillo m\u00e1ximo de 3200 nits, lo que permite una excelente visibilidad incluso bajo la luz del sol.<\/span><\/p>\n<h2 id=\"smooth-performance\"><span dir=\"auto\">Rendimiento fluido<\/span><\/h2>\n<p><span dir=\"auto\">Gracias a su procesador de alta gama, este smartphone Poco no tendr\u00e1 problemas para jugar ni para usar aplicaciones exigentes. Adem\u00e1s, cuenta con suficiente memoria RAM, por lo que el tel\u00e9fono no se bloquear\u00e1 al instante si ejecuta varias tareas simult\u00e1neamente. \u00a1Su almacenamiento de 512 GB suele ser m\u00e1s que suficiente!<\/span><\/p>\n<h2 id=\"taking-photos-and-videos-underwater\"><span dir=\"auto\">Tomar fotos y videos bajo el agua<\/span><\/h2>\n<p><span dir=\"auto\">La clasificaci\u00f3n IP68 indica que el dispositivo es resistente al agua y puede sumergirse a una profundidad superior a 1 metro sin sufrir da\u00f1os. El fabricante especifica la profundidad exacta.<\/span><\/p>\n<h3>Especificaciones<\/h3>\n<table id=\"product-attribute-specs-table\" class=\"data table additional-attributes\">\n<tbody>\n<tr>\n<th class=\"label\" scope=\"row\">Marca<\/th>\n<td class=\"data\" data-th=\"Color\">Xiaomi<\/td>\n<\/tr>\n<tr>\n<th class=\"label\" scope=\"row\">Color<\/th>\n<td class=\"data\" data-th=\"Garantia\">Black<\/td>\n<\/tr>\n<tr>\n<th class=\"label\" scope=\"row\">Memoria RAM<\/th>\n<td class=\"data\" data-th=\"Memoria RAM\">12 GB<\/td>\n<\/tr>\n<tr>\n<th class=\"label\" scope=\"row\">Tipo de SIM<\/th>\n<td class=\"data\" data-th=\"Tipo de SIM\">Nano SIM<\/td>\n<\/tr>\n<tr>\n<th class=\"label\" scope=\"row\">Tama\u00f1o de pantalla<\/th>\n<td class=\"data\" data-th=\"Tama\u00f1o de pantalla\">6.67&#8243;<\/td>\n<\/tr>\n<tr>\n<th class=\"label\" scope=\"row\">Bandas 3G<\/th>\n<td class=\"data\" data-th=\"Bandas 3G\">1 (2100 Mhz), 2 (1900 Mhz), 5 (850 Mhz), 6 (800 Mhz), 8 (900 Mhz), 1700<\/td>\n<\/tr>\n<tr>\n<th class=\"label\" scope=\"row\">Conectividad Inal\u00e1mbrica<\/th>\n<td class=\"data\" data-th=\"Conectividad Inal\u00e1mbrica\">Beidou, GALILEO , GLONASS, GPS, Wi-Fi 802.11 a\/b\/g\/n\/ac\/6, Bluetooth 5.4<\/td>\n<\/tr>\n<tr>\n<th class=\"label\" scope=\"row\">Bater\u00eda<\/th>\n<td class=\"data\" data-th=\"Bater\u00eda\">6000 mAh<\/td>\n<\/tr>\n<tr>\n<th class=\"label\" scope=\"row\">Bandas 2G<\/th>\n<td class=\"data\" data-th=\"Bandas 2G\">850 &#8211; 900 &#8211; 1800 &#8211; 1900<\/td>\n<\/tr>\n<tr>\n<th class=\"label\" scope=\"row\">Memoria Interna<\/th>\n<td class=\"data\" data-th=\"Memoria Interna\">512 GB<\/td>\n<\/tr>\n<tr>\n<th class=\"label\" scope=\"row\">Lectores de acceso<\/th>\n<td class=\"data\" data-th=\"Lectores de acceso\">Huella Digital<\/td>\n<\/tr>\n<tr>\n<th class=\"label\" scope=\"row\">Tecnolog\u00eda de pantalla<\/th>\n<td class=\"data\" data-th=\"Tecnolog\u00eda de pantalla\">AMOLED<\/td>\n<\/tr>\n<tr>\n<th class=\"label\" scope=\"row\">C\u00e1mara Trasera<\/th>\n<td class=\"data\" data-th=\"C\u00e1mara Trasera\">Dual 50Mp &#8211; 8Mp<\/td>\n<\/tr>\n<tr>\n<th class=\"label\" scope=\"row\">Resoluci\u00f3n de video<\/th>\n<td class=\"data\" data-th=\"Resoluci\u00f3n de video\">1080p<\/td>\n<\/tr>\n<tr>\n<th class=\"label\" scope=\"row\">Flash LED<\/th>\n<td class=\"data\" data-th=\"Flash LED\">S\u00ed<\/td>\n<\/tr>\n<tr>\n<th class=\"label\" scope=\"row\">C\u00e1mara Frontal<\/th>\n<td class=\"data\" data-th=\"C\u00e1mara Frontal\">20Mp<\/td>\n<\/tr>\n<tr>\n<th class=\"label\" scope=\"row\">Bandas 4G Latinas<\/th>\n<td class=\"data\" data-th=\"Bandas 4G Latinas\">B2 (1900 Mhz), B28 (700 Mhz), B3 (1800 Mhz), B38 (2600 Mhz), B4 (1700-2100 Mhz), B7 (2600 Mhz), B1(2100 Mhz), B5 (850 Mhz), B8 (900 Mhz), B20 (800 Mhz), B66 (AWS-3), B40 (2300 Mhz), B41 (2500 Mhz), B19 (850 MHz), B18 (850 MHz), B26 (850 MHz), B42 (3500 MHz), B48 (3600 MHz)<\/td>\n<\/tr>\n<tr>\n<th class=\"label\" scope=\"row\">Resistencia al agua<\/th>\n<td class=\"data\" data-th=\"Resistencia al agua\">IP68 Certificado<\/td>\n<\/tr>\n<tr>\n<th class=\"label\" scope=\"row\">Dual SIM<\/th>\n<td class=\"data\" data-th=\"Dual SIM\">Si<\/td>\n<\/tr>\n<tr>\n<th class=\"label\" scope=\"row\">Interfaz<\/th>\n<td class=\"data\" data-th=\"Interfaz\">USB Type-C 2.0, OTG<\/td>\n<\/tr>\n<tr>\n<th class=\"label\" scope=\"row\">Resoluci\u00f3n<\/th>\n<td class=\"data\" data-th=\"Resoluci\u00f3n\">1220 x 2712p<\/td>\n<\/tr>\n<tr>\n<th class=\"label\" scope=\"row\">Bandas 5G<\/th>\n<td class=\"data\" data-th=\"Bandas 5G\">n1, n2, n3, n5, n7, n8, n20, n28, n38, n40, n41, n48, n66, n77, n78<\/td>\n<\/tr>\n<tr>\n<th class=\"label\" scope=\"row\">Rango de pantalla<\/th>\n<td class=\"data\" data-th=\"Rango de pantalla\">Mayor o igual a 5.5<\/td>\n<\/tr>\n<tr>\n<th class=\"label\" scope=\"row\">CPU Procesador \/ N\u00facleos<\/th>\n<td class=\"data\" data-th=\"CPU Procesador \/ N\u00facleos\">(8) Octa-core<\/td>\n<\/tr>\n<\/tbody>\n<\/table>\n","protected":false},"excerpt":{"rendered":"<p>POCO X7 PRO Con el Poco X7 Pro de 12 GB\/512 GB en color negro, Poco ha lanzado un tel\u00e9fono<\/p>\n","protected":false},"featured_media":101957,"comment_status":"open","ping_status":"closed","template":"","meta":{"nf_dc_page":""},"product_brand":[977],"product_cat":[2187],"product_tag":[3455],"class_list":{"0":"post-101956","1":"product","2":"type-product","3":"status-publish","4":"has-post-thumbnail","6":"product_brand-xiaomi","7":"product_cat-celulares","8":"product_tag-3455","10":"first","11":"instock","12":"shipping-taxable","13":"purchasable","14":"product-type-simple"},"_links":{"self":[{"href":"https:\/\/brandss.com.py\/index\/wp-json\/wp\/v2\/product\/101956","targetHints":{"allow":["GET"]}}],"collection":[{"href":"https:\/\/brandss.com.py\/index\/wp-json\/wp\/v2\/product"}],"about":[{"href":"https:\/\/brandss.com.py\/index\/wp-json\/wp\/v2\/types\/product"}],"replies":[{"embeddable":true,"href":"https:\/\/brandss.com.py\/index\/wp-json\/wp\/v2\/comments?post=101956"}],"version-history":[{"count":1,"href":"https:\/\/brandss.com.py\/index\/wp-json\/wp\/v2\/product\/101956\/revisions"}],"predecessor-version":[{"id":101966,"href":"https:\/\/brandss.com.py\/index\/wp-json\/wp\/v2\/product\/101956\/revisions\/101966"}],"wp:featuredmedia":[{"embeddable":true,"href":"https:\/\/brandss.com.py\/index\/wp-json\/wp\/v2\/media\/101957"}],"wp:attachment":[{"href":"https:\/\/brandss.com.py\/index\/wp-json\/wp\/v2\/media?parent=101956"}],"wp:term":[{"taxonomy":"product_brand","embeddable":true,"href":"https:\/\/brandss.com.py\/index\/wp-json\/wp\/v2\/product_brand?post=101956"},{"taxonomy":"product_cat","embeddable":true,"href":"https:\/\/brandss.com.py\/index\/wp-json\/wp\/v2\/product_cat?post=101956"},{"taxonomy":"product_tag","embeddable":true,"href":"https:\/\/brandss.com.py\/index\/wp-json\/wp\/v2\/product_tag?post=101956"}],"curies":[{"name":"wp","href":"https:\/\/api.w.org\/{rel}","templated":true}]}}