{"id":101978,"date":"2026-04-14T12:43:26","date_gmt":"2026-04-14T12:43:26","guid":{"rendered":"https:\/\/brandss.com.py\/index\/?post_type=product&#038;p=101978"},"modified":"2026-04-14T12:43:53","modified_gmt":"2026-04-14T12:43:53","slug":"labial-liquido-maybelline-superstay-vinyl-ink-witty-40","status":"publish","type":"product","link":"https:\/\/brandss.com.py\/index\/producto\/labial-liquido-maybelline-superstay-vinyl-ink-witty-40\/","title":{"rendered":"LABIAL LIQUIDO MAYBELLINE SUPERSTAY VINYL INK WITTY 40"},"content":{"rendered":"<p><img loading=\"lazy\" decoding=\"async\" class=\"\" src=\"https:\/\/1000marcas.net\/wp-content\/uploads\/2020\/02\/logo-Maybelline.png\" alt=\"Maybelline Logo - s\u00edmbolo, significado logotipo, historia, PNG\" width=\"153\" height=\"86\" \/><\/p>\n<h1>SUPERSTAY VINYL INK<\/h1>\n<p>Descubre el nuevo labial l\u00edquido SuperStay Vinyl Ink de Maybelline. Le da a tus labios un acabado tipo vinilo que no se corre y dura hasta 16 horas. Este lipstick de larga duraci\u00f3n tiene una f\u00f3rmula que desaf\u00eda las manchas y transferencia. Adem\u00e1s proporciona un brillo instant\u00e1neo al terminar la aplicaci\u00f3n.<img decoding=\"async\" class=\"alignleft\" src=\"https:\/\/es.maybelline.com\/-\/media\/project\/loreal\/brand-sites\/mny\/americas\/us\/lips-makeup\/lipstick\/super-stay-vinyl-ink-longwear-liquid-lipstick\/new-images\/ss-vinyl_witty_macros_750x1124.jpg?rev=-1&amp;cx=0&amp;cy=0&amp;cw=750&amp;ch=1124&amp;hash=96BEB4B521A05F8B0FEE114EE26A103F\" \/><\/p>\n<h3><\/h3>\n<h3>Caracter\u00edsticas<\/h3>\n<p>&nbsp;<\/p>\n<ul>\n<li><strong>F\u00f3rmula de larga duraci\u00f3n<\/strong>\u00a0que mantiene el color hasta 16\u00a0horas.<\/li>\n<li><strong>Colores de labios de vinilo resistentes a los roces<\/strong>\u00a0y que no se corren, para acompa\u00f1arte todo el d\u00eda.<\/li>\n<li><strong>Textura suave<\/strong>\u00a0y ligera para un color con sensaci\u00f3n agradable durante todo el d\u00eda.<\/li>\n<li><strong>Acabado con<\/strong>\u00a0brillo instant\u00e1neo.<\/li>\n<li><strong>Cobertura<\/strong>\u00a0Desl\u00edzalo para una cobertura total de hasta 16\u00a0horas con brillo instant\u00e1neo.<\/li>\n<li><strong>Datos de la f\u00f3rmula<\/strong>\u00a0F\u00f3rmula vegana.<\/li>\n<li><strong>Tama\u00f1o<\/strong>\u00a00.87\u00a0\u00d7\u00a00.87\u00a0\u00d7\u00a03.78\u00a0pulgadas; 0.14\u00a0fl\u00a0oz.<\/li>\n<li>Perfecto para llevar.<\/li>\n<\/ul>\n<h3><\/h3>\n<h3>Beneficios<\/h3>\n<p>&nbsp;<\/p>\n<ul>\n<li>Disponible en 20\u00a0tonos de alto impacto<\/li>\n<li>Color labial de larga duraci\u00f3n de 16\u00a0horas<\/li>\n<li>F\u00f3rmula de labial l\u00edquido Super Stay Vinyl resistente a los roces y no se corre<\/li>\n<li>Brillo instant\u00e1neo, color l\u00edquido pigmentado para labios<\/li>\n<li>Ideal para llevar fuera de casa, o para maquillarse los labios a diario.<\/li>\n<\/ul>\n<h3><\/h3>\n<h3>Modo de uso<\/h3>\n<p>&nbsp;<\/p>\n<p>1. Agita el labial l\u00edquido Super Stay Vinyl durante 5\u00a0segundos para activar las propiedades de sellado del color.<br \/>\n2. Comenzando por el medio de los labios, desliza el aplicador hasta el borde de los labios.<br \/>\n3. Con movimientos cortos, rellena el color hasta lograr el aspecto deseado.<br \/>\n4. Deja que el labial l\u00edquido Super Stay Vinyl se seque por completo para lograr un look duradero en los labios.<br \/>\n<strong>*Consejo profesional*<\/strong>\u00a0Delinea los labios con un\u00a0delineador de labios\u00a0para crear un look definido para los labios durante todo el d\u00eda.<\/p>\n","protected":false},"excerpt":{"rendered":"<p>SUPERSTAY VINYL INK Descubre el nuevo labial l\u00edquido SuperStay Vinyl Ink de Maybelline. Le da a tus labios un acabado<\/p>\n","protected":false},"featured_media":101979,"comment_status":"open","ping_status":"closed","template":"","meta":{"nf_dc_page":""},"product_brand":[224],"product_cat":[95],"product_tag":[3457],"class_list":{"0":"post-101978","1":"product","2":"type-product","3":"status-publish","4":"has-post-thumbnail","6":"product_brand-maybelline","7":"product_cat-maquillaje","8":"product_tag-3457","10":"first","11":"instock","12":"shipping-taxable","13":"purchasable","14":"product-type-simple"},"_links":{"self":[{"href":"https:\/\/brandss.com.py\/index\/wp-json\/wp\/v2\/product\/101978","targetHints":{"allow":["GET"]}}],"collection":[{"href":"https:\/\/brandss.com.py\/index\/wp-json\/wp\/v2\/product"}],"about":[{"href":"https:\/\/brandss.com.py\/index\/wp-json\/wp\/v2\/types\/product"}],"replies":[{"embeddable":true,"href":"https:\/\/brandss.com.py\/index\/wp-json\/wp\/v2\/comments?post=101978"}],"version-history":[{"count":1,"href":"https:\/\/brandss.com.py\/index\/wp-json\/wp\/v2\/product\/101978\/revisions"}],"predecessor-version":[{"id":101986,"href":"https:\/\/brandss.com.py\/index\/wp-json\/wp\/v2\/product\/101978\/revisions\/101986"}],"wp:featuredmedia":[{"embeddable":true,"href":"https:\/\/brandss.com.py\/index\/wp-json\/wp\/v2\/media\/101979"}],"wp:attachment":[{"href":"https:\/\/brandss.com.py\/index\/wp-json\/wp\/v2\/media?parent=101978"}],"wp:term":[{"taxonomy":"product_brand","embeddable":true,"href":"https:\/\/brandss.com.py\/index\/wp-json\/wp\/v2\/product_brand?post=101978"},{"taxonomy":"product_cat","embeddable":true,"href":"https:\/\/brandss.com.py\/index\/wp-json\/wp\/v2\/product_cat?post=101978"},{"taxonomy":"product_tag","embeddable":true,"href":"https:\/\/brandss.com.py\/index\/wp-json\/wp\/v2\/product_tag?post=101978"}],"curies":[{"name":"wp","href":"https:\/\/api.w.org\/{rel}","templated":true}]}}