{"id":101995,"date":"2026-04-14T14:44:55","date_gmt":"2026-04-14T14:44:55","guid":{"rendered":"https:\/\/brandss.com.py\/index\/?post_type=product&#038;p=101995"},"modified":"2026-04-22T17:37:31","modified_gmt":"2026-04-22T17:37:31","slug":"perfume-femenino-lattafa-dalal-edp-100ml","status":"publish","type":"product","link":"https:\/\/brandss.com.py\/index\/producto\/perfume-femenino-lattafa-dalal-edp-100ml\/","title":{"rendered":"PERFUME FEMENINO LATTAFA DALAL EDP 100ML"},"content":{"rendered":"<p><img loading=\"lazy\" decoding=\"async\" class=\"\" src=\"https:\/\/myscentjourney.s3.us-east-2.amazonaws.com\/2022\/02\/14\/29KIascent_j_marca_1644871114_202.png\" alt=\"MSJ::LATTAFA\" width=\"81\" height=\"96\" \/><\/p>\n<h1>DALAL<\/h1>\n<p>Es una fragancia suave, floral, frutal y gourmand. Especialmente creada para mujeres que disfrutan de aromas dulces y femeninos con un toque c\u00e1lido. Combina frutas jugosas, delicadas notas florales y vainilla cremosa, aportando un toque suave, elegante y sutilmente juguet\u00f3n. Ideal para el uso diario y para veladas relajadas. <img loading=\"lazy\" decoding=\"async\" class=\"alignleft\" src=\"https:\/\/www.bjutip.com\/image\/cache\/catalog\/Perfumes\/Unisex\/6290360598925_2-800x800.jpeg\" width=\"533\" height=\"533\" \/><\/p>\n<h3><\/h3>\n<h3>Notas Olfativas<\/h3>\n<p>&nbsp;<\/p>\n<p dir=\"ltr\"><span dir=\"auto\">El perfume Dalal <\/span><span dir=\"auto\">se abre<\/span><span dir=\"auto\">\u00a0con una brillante combinaci\u00f3n de\u00a0\u00a0<\/span><span dir=\"auto\">mandarina<\/span><span dir=\"auto\">\u00a0y\u00a0<\/span><span dir=\"auto\">manzana<\/span><span dir=\"auto\">. Estas notas aportan una inmediata sensaci\u00f3n de frescura y ligereza, creando una introducci\u00f3n estimulante, n\u00edtida y alegre.<\/span><\/p>\n<p><span dir=\"auto\">A medida que la fragancia se desarrolla, el\u00a0<\/span><span dir=\"auto\">coraz\u00f3n<\/span><span dir=\"auto\">\u00a0revela una delicada mezcla floral de\u00a0\u00a0<\/span><span dir=\"auto\">ylang-ylang<\/span><span dir=\"auto\">\u00a0,\u00a0<\/span><span dir=\"auto\">jazm\u00edn<\/span><span dir=\"auto\">\u00a0y\u00a0<\/span><span dir=\"auto\">flor de naranjo<\/span><span dir=\"auto\">. Este n\u00facleo floral aporta suavidad y elegancia, suavizando la apertura frutal y otorgando a la fragancia un car\u00e1cter redondo y vers\u00e1til.<\/span><\/p>\n<p><span dir=\"auto\">En su fase final, Dalal se asienta en una\u00a0<\/span><span dir=\"auto\">base<\/span><span dir=\"auto\">\u00a0cremosa y reconfortante de\u00a0\u00a0<\/span><span dir=\"auto\">vainilla<\/span><span dir=\"auto\">\u00a0,\u00a0<\/span><span dir=\"auto\">almizcle<\/span><span dir=\"auto\">\u00a0y\u00a0<\/span><span dir=\"auto\">musgo de roble<\/span><span dir=\"auto\">. La vainilla aporta una calidez suave, mientras que el almizcle a\u00f1ade una tersura limpia y natural. El musgo de roble introduce una sutil profundidad que equilibra la composici\u00f3n a la perfecci\u00f3n.<\/span><\/p>\n<p>&nbsp;<\/p>\n<ul>\n<li dir=\"ltr\"><strong><span dir=\"auto\">Notas de salida: <\/span><\/strong><span dir=\"auto\">m<\/span><span dir=\"auto\">andarina, manzana.<\/span><\/li>\n<li dir=\"ltr\"><strong><span dir=\"auto\">Notas de coraz\u00f3n: <\/span><\/strong><span dir=\"auto\">ylang ylang, jazm\u00edn, flor de naranja.<\/span><\/li>\n<li dir=\"ltr\"><strong><span dir=\"auto\">Notas de fondo:\u00a0<\/span><\/strong><span dir=\"auto\">vainilla, musgo de roble, almizcle.<\/span><\/li>\n<\/ul>\n","protected":false},"excerpt":{"rendered":"<p>DALAL Es una fragancia suave, floral, frutal y gourmand. Especialmente creada para mujeres que disfrutan de aromas dulces y femeninos<\/p>\n","protected":false},"featured_media":101996,"comment_status":"open","ping_status":"closed","template":"","meta":{"nf_dc_page":""},"product_brand":[109],"product_cat":[84],"product_tag":[3459],"class_list":{"0":"post-101995","1":"product","2":"type-product","3":"status-publish","4":"has-post-thumbnail","6":"product_brand-lattafa","7":"product_cat-perfumeria","8":"product_tag-3459","10":"first","11":"instock","12":"sale","13":"shipping-taxable","14":"purchasable","15":"product-type-simple"},"_links":{"self":[{"href":"https:\/\/brandss.com.py\/index\/wp-json\/wp\/v2\/product\/101995","targetHints":{"allow":["GET"]}}],"collection":[{"href":"https:\/\/brandss.com.py\/index\/wp-json\/wp\/v2\/product"}],"about":[{"href":"https:\/\/brandss.com.py\/index\/wp-json\/wp\/v2\/types\/product"}],"replies":[{"embeddable":true,"href":"https:\/\/brandss.com.py\/index\/wp-json\/wp\/v2\/comments?post=101995"}],"version-history":[{"count":1,"href":"https:\/\/brandss.com.py\/index\/wp-json\/wp\/v2\/product\/101995\/revisions"}],"predecessor-version":[{"id":102002,"href":"https:\/\/brandss.com.py\/index\/wp-json\/wp\/v2\/product\/101995\/revisions\/102002"}],"wp:featuredmedia":[{"embeddable":true,"href":"https:\/\/brandss.com.py\/index\/wp-json\/wp\/v2\/media\/101996"}],"wp:attachment":[{"href":"https:\/\/brandss.com.py\/index\/wp-json\/wp\/v2\/media?parent=101995"}],"wp:term":[{"taxonomy":"product_brand","embeddable":true,"href":"https:\/\/brandss.com.py\/index\/wp-json\/wp\/v2\/product_brand?post=101995"},{"taxonomy":"product_cat","embeddable":true,"href":"https:\/\/brandss.com.py\/index\/wp-json\/wp\/v2\/product_cat?post=101995"},{"taxonomy":"product_tag","embeddable":true,"href":"https:\/\/brandss.com.py\/index\/wp-json\/wp\/v2\/product_tag?post=101995"}],"curies":[{"name":"wp","href":"https:\/\/api.w.org\/{rel}","templated":true}]}}