{"id":102030,"date":"2026-04-14T18:21:09","date_gmt":"2026-04-14T18:21:09","guid":{"rendered":"https:\/\/brandss.com.py\/index\/?post_type=product&#038;p=102030"},"modified":"2026-04-14T18:21:37","modified_gmt":"2026-04-14T18:21:37","slug":"mascara-de-pestana-maybelline-lash-sensational-fire-work-electro-black-waterproof","status":"publish","type":"product","link":"https:\/\/brandss.com.py\/index\/producto\/mascara-de-pestana-maybelline-lash-sensational-fire-work-electro-black-waterproof\/","title":{"rendered":"M\u00c1SCARA DE PESTA\u00d1A MAYBELLINE LASH SENSATIONAL FIRE WORK ELECTRO BLACK WATERPROOF"},"content":{"rendered":"<p><img loading=\"lazy\" decoding=\"async\" class=\"\" src=\"https:\/\/1000marcas.net\/wp-content\/uploads\/2020\/02\/logo-Maybelline.png\" alt=\"Maybelline Logo - s\u00edmbolo, significado logotipo, historia, PNG\" width=\"164\" height=\"92\" \/><\/p>\n<h1>LASH SENSATIONAL FIRE WORK ELECTRO BLACK<\/h1>\n<p>Descubr\u00ed la nueva m\u00e1scara de pesta\u00f1as Lash Sensational Firework Electro Black de Maybelline, la m\u00e1scara a prueba de agua que transform\u00e1 tu mirada con un acabado negro el\u00e9ctrico. Esta innovadora f\u00f3rmula a prueba de agua est\u00e1 dise\u00f1ada para crear pesta\u00f1as explosivas con mayor volumen y longitud.<img loading=\"lazy\" decoding=\"async\" class=\"alignleft\" src=\"https:\/\/simplicityar.vtexassets.com\/arquivos\/ids\/192579-1600-auto?v=638889607211530000&amp;width=1600&amp;height=auto&amp;aspect=true\" width=\"596\" height=\"596\" \/><\/p>\n<p>Adem\u00e1s, cuenta con su exclusivo cepillo SuperSpark con cerdas flexibles que alcanzan todas tus pesta\u00f1as.<\/p>\n<p>\u00a1Detona el alargamiento y volumen de tus pesta\u00f1as 360 y consigue unas pesta\u00f1as electro black con su formula ultra negra a prueba de agua, efecto explosivo y sin grumos con la nueva mascara de pesta\u00f1as firework de maybelline new york!<\/p>\n<h3>\nModo de Aplicaci\u00f3n:<\/h3>\n<p>Aplic\u00e1 sobre tus pesta\u00f1as limpias y secas. Utiliz\u00e1 el cepillo SuperStark desde la ra\u00edz, haciendo movimientos de zigzag, girando levemente el cepillo para cubrir cada pesta\u00f1a desde todos los \u00e1ngulos. Aplic\u00e1 capa tras capa para lograr el volumen deseado. No dejes secar la m\u00e1scara entre capa y capa para evitar grumos.<\/p>\n","protected":false},"excerpt":{"rendered":"<p>LASH SENSATIONAL FIRE WORK ELECTRO BLACK Descubr\u00ed la nueva m\u00e1scara de pesta\u00f1as Lash Sensational Firework Electro Black de Maybelline, la<\/p>\n","protected":false},"featured_media":102031,"comment_status":"open","ping_status":"closed","template":"","meta":{"nf_dc_page":""},"product_brand":[224],"product_cat":[95],"product_tag":[3464],"class_list":{"0":"post-102030","1":"product","2":"type-product","3":"status-publish","4":"has-post-thumbnail","6":"product_brand-maybelline","7":"product_cat-maquillaje","8":"product_tag-3464","10":"first","11":"instock","12":"shipping-taxable","13":"purchasable","14":"product-type-simple"},"_links":{"self":[{"href":"https:\/\/brandss.com.py\/index\/wp-json\/wp\/v2\/product\/102030","targetHints":{"allow":["GET"]}}],"collection":[{"href":"https:\/\/brandss.com.py\/index\/wp-json\/wp\/v2\/product"}],"about":[{"href":"https:\/\/brandss.com.py\/index\/wp-json\/wp\/v2\/types\/product"}],"replies":[{"embeddable":true,"href":"https:\/\/brandss.com.py\/index\/wp-json\/wp\/v2\/comments?post=102030"}],"version-history":[{"count":1,"href":"https:\/\/brandss.com.py\/index\/wp-json\/wp\/v2\/product\/102030\/revisions"}],"predecessor-version":[{"id":102037,"href":"https:\/\/brandss.com.py\/index\/wp-json\/wp\/v2\/product\/102030\/revisions\/102037"}],"wp:featuredmedia":[{"embeddable":true,"href":"https:\/\/brandss.com.py\/index\/wp-json\/wp\/v2\/media\/102031"}],"wp:attachment":[{"href":"https:\/\/brandss.com.py\/index\/wp-json\/wp\/v2\/media?parent=102030"}],"wp:term":[{"taxonomy":"product_brand","embeddable":true,"href":"https:\/\/brandss.com.py\/index\/wp-json\/wp\/v2\/product_brand?post=102030"},{"taxonomy":"product_cat","embeddable":true,"href":"https:\/\/brandss.com.py\/index\/wp-json\/wp\/v2\/product_cat?post=102030"},{"taxonomy":"product_tag","embeddable":true,"href":"https:\/\/brandss.com.py\/index\/wp-json\/wp\/v2\/product_tag?post=102030"}],"curies":[{"name":"wp","href":"https:\/\/api.w.org\/{rel}","templated":true}]}}