{"id":102086,"date":"2026-04-15T14:41:23","date_gmt":"2026-04-15T14:41:23","guid":{"rendered":"https:\/\/brandss.com.py\/index\/?post_type=product&#038;p=102086"},"modified":"2026-04-15T14:41:55","modified_gmt":"2026-04-15T14:41:55","slug":"corrector-facial-maybelline-instant-age-rewind-eraser-multiuso-light-120","status":"publish","type":"product","link":"https:\/\/brandss.com.py\/index\/producto\/corrector-facial-maybelline-instant-age-rewind-eraser-multiuso-light-120\/","title":{"rendered":"CORRECTOR FACIAL MAYBELLINE INSTANT AGE REWIND\u00ae ERASER MULTIUSO LIGHT 120"},"content":{"rendered":"<p><img loading=\"lazy\" decoding=\"async\" class=\"\" src=\"https:\/\/1000marcas.net\/wp-content\/uploads\/2020\/02\/logo-Maybelline.png\" alt=\"Maybelline Logo - s\u00edmbolo, significado logotipo, historia, PNG\" width=\"133\" height=\"75\" \/><\/p>\n<h1>INSTANT AGE REWIND\u00ae ERASER MULTIUSO<\/h1>\n<p>\u00a1Desp\u00eddete de las ojeras con Instant Age Rewind Dark Circles Treatment Concealer, de Maybelline New York! Este corrector de cobertura total para el \u00e1rea debajo de los ojos borra al instante las ojeras y las l\u00edneas finas, y disminuye notablemente la hinchaz\u00f3n. La f\u00f3rmula contiene bayas de goji y Haloxyl, que aumenta la circulaci\u00f3n sangu\u00ednea, para que el \u00e1rea de los ojos luzca radiante y fresca. El corrector de color tiene un aplicador microcorrector para brindar una aplicaci\u00f3n f\u00e1cil. Est\u00e1 disponible en 12 tonos dise\u00f1ados para pieles de claras a oscuras.<\/p>\n<h3>Caracter\u00edsticas<\/h3>\n<h3><img loading=\"lazy\" decoding=\"async\" class=\"alignleft\" src=\"https:\/\/es.maybelline.com\/-\/media\/project\/loreal\/brand-sites\/mny\/americas\/us\/face-makeup\/concealer\/instant-age-rewind-eraser-dark-circles-concealer-treatment\/new-images-2022\/national_iar_atf_benefits_1440x1440.jpg?rev=-1&amp;cx=0&amp;cy=0&amp;cw=1440&amp;ch=1440&amp;hash=06FFBBC988EEB7A59DF497B3A3278892\" width=\"711\" height=\"711\" \/><\/h3>\n<p>El Instant Age Rewind Eraser es el corrector universal que adem\u00e1s humecta. Este corrector multiuso lo hace todo: hidrata, oculta, contornea y corrige en un clic. Hasta 12 horas de cobertura hidratante y resistente a las arrugas.<\/p>\n<p><strong>Corrector multiuso.<\/strong>\u00a0Este no es simplemente un corrector de ojeras, \u00a1pero tambi\u00e9n es genial para eso! El Instant Age Rewind Eraser oculta, corrige el color, contornea e ilumina para obtener una piel suave contorneada de manera experta.<\/p>\n<p><strong>Corrector humectante.<\/strong>\u00a0El Instant Age Rewind Eraser est\u00e1 dise\u00f1ado para brindar hasta 12\u00a0horas de uso humectante. Este corrector hidratante es perfecto para la piel seca y el uso diario.<\/p>\n<p><strong>Cobertura resistente a los agrietamientos.<\/strong>\u00a0Nuestro corrector multiuso no se asienta en las l\u00edneas finas y arrugas, con una f\u00f3rmula resistente a los agrietamientos que ayuda a que el maquillaje permanezca en su lugar.<\/p>\n<p><strong>Aplicaci\u00f3n f\u00e1cil.<\/strong>\u00a0La aplicaci\u00f3n es f\u00e1cil con un aplicador de punta de esponja incorporado.<\/p>\n<p><strong>F\u00f3rmula que ama la piel.<\/strong>\u00a0El Instant Eraser es un corrector vegano, no comedog\u00e9nico, sin aceite mineral, sin parabenos y sin talco con infusi\u00f3n de haloxilo para combatir la apariencia de las ojeras.<\/p>\n<p><strong>Tama\u00f1o:\u00a0<\/strong>0.81 x 1.88 x 5.63\u00a0pulgadas; 0.2\u00a0fl\u00a0oz<\/p>\n<div id=\"ac-tabitem-1776262690871_1\" class=\"accordion__trigger is-active\" data-qa=\"ac-show\">\n<h2><\/h2>\n<h2 class=\"accordion-action--inner-text\">Beneficios<\/h2>\n<p>&nbsp;<\/p>\n<\/div>\n<p class=\"accordion__content\" role=\"region\" aria-labelledby=\"ac-trigger-1776262690871_1\" aria-hidden=\"false\" data-qa=\"ac-panel\">Instant Rewind Eraser es el corrector que lo hace todo. Este corrector hidratante hace todo lo que necesitas en un instante: oculta, contornea y corrige con un solo clic. Los beneficios del corrector Instant Age Rewind incluyen:<\/p>\n<ul>\n<li>Corrector de larga duraci\u00f3n con hasta 12 horas de uso humectante.<\/li>\n<li>Corrector multiuso que oculta, contornea, corrige e ilumina.<\/li>\n<li>Corrector hidratante.<\/li>\n<li>Corrector resistente a los agrietamientos.<\/li>\n<li>Aplicador de punta de esponja para una f\u00e1cil aplicaci\u00f3n.<\/li>\n<li>Empaque port\u00e1til perfecto para viajes y aplicaciones sobre la marcha.<\/li>\n<li>18 tonos para una combinaci\u00f3n de colores de expertos.<\/li>\n<li>4 tonos correctores de color para una cobertura instant\u00e1nea.<\/li>\n<li>Aplicador de punta suave protegido por un sistema antimicrobiano.<\/li>\n<li>F\u00f3rmula correctora no comedog\u00e9nica que no obstruye los poros.<\/li>\n<li>Corrector sin aceite mineral, sin parabenos ni talco.<\/li>\n<li>Corrector vegano.<\/li>\n<\/ul>\n<h3 class=\"accordion__content\" role=\"region\" aria-labelledby=\"ac-trigger-1776262690871_1\" aria-hidden=\"false\" data-qa=\"ac-panel\"><strong>Ingredientes clave<\/strong><\/h3>\n<p class=\"accordion__content\" role=\"region\" aria-labelledby=\"ac-trigger-1776262690871_1\" aria-hidden=\"false\" data-qa=\"ac-panel\">\n<ul>\n<li><strong>Haloxilo:<\/strong>\u00a0ayuda a combatir el aspecto de las ojeras para ayudar a darle al contorno de los ojos una apariencia m\u00e1s radiante<\/li>\n<\/ul>\n<p class=\"accordion__content\" role=\"region\" aria-labelledby=\"ac-trigger-1776262690871_1\" aria-hidden=\"false\" data-qa=\"ac-panel\">Solo tienes que aplicarlo, hacer clic, cubrir y salir a donde te lleve la vida de la ciudad. Eso. Es. Todo.<\/p>\n<div id=\"ac-tabitem-1776262690872_2\" class=\"accordion__trigger is-active\" data-qa=\"ac-show\">\n<h2><\/h2>\n<h2 class=\"accordion-action--inner-text\">Modo de uso<\/h2>\n<\/div>\n<div id=\"ac-panel-1776262690872_2\" class=\"accordion__content\" role=\"region\" aria-labelledby=\"ac-trigger-1776262690872_2\" aria-hidden=\"false\" data-qa=\"ac-panel\">\n<p>1. Selecciona tu tono. Para corregir, selecciona un tono de\u00a0corrector que coincida con tu tono de piel. Para contornear, usa un tono ligeramente m\u00e1s oscuro. Para resaltar, selecciona un tono ligeramente m\u00e1s claro.<\/p>\n<p>2. Gira el aplicador de esponja en la direcci\u00f3n de las flechas hasta que el corrector sea visible en la esponja.<\/p>\n<p>3. Aplica el corrector directamente en la zona de debajo de los ojos, difumin\u00e1ndolo con un movimiento hacia fuera.<\/p>\n<p>4. Aplica el corrector en cualquier otra \u00e1rea enrojecida, decolorada o \u00e1reas que desees contornear o iluminar y difumina bien.<\/p>\n<p>5. Para ojeras extremas, aplica el tono neutralizador amarillo de los correctores de color\u00a0Instant Age Rewind\u00a0debajo de tu corrector de color de tu tono de piel.<\/p>\n<p>6. Para obtener un toque luminoso, aplica el tono iluminador rosa de los correctores de color\u00a0Instant Age Rewind\u00a0en la esquina interna de los ojos, el hueso de las cejas y el puente de la nariz.<\/p>\n<p>7. Al final del d\u00eda, ret\u00edralo con un limpiador de maquillaje o con agua micelar.<\/p>\n<\/div>\n","protected":false},"excerpt":{"rendered":"<p>INSTANT AGE REWIND\u00ae ERASER MULTIUSO \u00a1Desp\u00eddete de las ojeras con Instant Age Rewind Dark Circles Treatment Concealer, de Maybelline New<\/p>\n","protected":false},"featured_media":102087,"comment_status":"open","ping_status":"closed","template":"","meta":{"nf_dc_page":""},"product_brand":[224],"product_cat":[95],"product_tag":[3474],"class_list":{"0":"post-102086","1":"product","2":"type-product","3":"status-publish","4":"has-post-thumbnail","6":"product_brand-maybelline","7":"product_cat-maquillaje","8":"product_tag-3474","10":"first","11":"instock","12":"shipping-taxable","13":"purchasable","14":"product-type-simple"},"_links":{"self":[{"href":"https:\/\/brandss.com.py\/index\/wp-json\/wp\/v2\/product\/102086","targetHints":{"allow":["GET"]}}],"collection":[{"href":"https:\/\/brandss.com.py\/index\/wp-json\/wp\/v2\/product"}],"about":[{"href":"https:\/\/brandss.com.py\/index\/wp-json\/wp\/v2\/types\/product"}],"replies":[{"embeddable":true,"href":"https:\/\/brandss.com.py\/index\/wp-json\/wp\/v2\/comments?post=102086"}],"version-history":[{"count":1,"href":"https:\/\/brandss.com.py\/index\/wp-json\/wp\/v2\/product\/102086\/revisions"}],"predecessor-version":[{"id":102091,"href":"https:\/\/brandss.com.py\/index\/wp-json\/wp\/v2\/product\/102086\/revisions\/102091"}],"wp:featuredmedia":[{"embeddable":true,"href":"https:\/\/brandss.com.py\/index\/wp-json\/wp\/v2\/media\/102087"}],"wp:attachment":[{"href":"https:\/\/brandss.com.py\/index\/wp-json\/wp\/v2\/media?parent=102086"}],"wp:term":[{"taxonomy":"product_brand","embeddable":true,"href":"https:\/\/brandss.com.py\/index\/wp-json\/wp\/v2\/product_brand?post=102086"},{"taxonomy":"product_cat","embeddable":true,"href":"https:\/\/brandss.com.py\/index\/wp-json\/wp\/v2\/product_cat?post=102086"},{"taxonomy":"product_tag","embeddable":true,"href":"https:\/\/brandss.com.py\/index\/wp-json\/wp\/v2\/product_tag?post=102086"}],"curies":[{"name":"wp","href":"https:\/\/api.w.org\/{rel}","templated":true}]}}