{"id":102122,"date":"2026-04-16T11:43:32","date_gmt":"2026-04-16T11:43:32","guid":{"rendered":"https:\/\/brandss.com.py\/index\/?post_type=product&#038;p=102122"},"modified":"2026-04-16T11:44:47","modified_gmt":"2026-04-16T11:44:47","slug":"spray-corporal-unisex-lattafa-ajwad-200ml","status":"publish","type":"product","link":"https:\/\/brandss.com.py\/index\/producto\/spray-corporal-unisex-lattafa-ajwad-200ml\/","title":{"rendered":"SPRAY CORPORAL UNISEX LATTAFA AJWAD 200ML"},"content":{"rendered":"<p><img loading=\"lazy\" decoding=\"async\" class=\"\" src=\"https:\/\/myscentjourney.s3.us-east-2.amazonaws.com\/2022\/02\/14\/29KIascent_j_marca_1644871114_202.png\" alt=\"MSJ::LATTAFA\" width=\"75\" height=\"89\" \/><\/p>\n<h1>AJWAD<\/h1>\n<p>Es un fascinante y c\u00e1lido spray corporal floral con motivos orientales, cuyo aroma te har\u00e1 admirarlo durante todo el d\u00eda. Aporta un toque especial de misterio y sofisticaci\u00f3n con Ajwad, una fragancia oriental femenina, emocionante y sensual, con un marcado matiz floral-amaderado. Este desodorante suave y envolvente se adapta f\u00e1cilmente a cualquier imagen.<\/p>\n<p>&nbsp;<\/p>\n<h3>Notas Olfativas<\/h3>\n<p><img decoding=\"async\" class=\"alignleft\" src=\"https:\/\/http2.mlstatic.com\/D_NQ_NP_770883-MCO82838544481_032025-O.webp\" \/><\/p>\n<p>&nbsp;<\/p>\n<p>Ajwad Body Spray es una fragancia amaderada arom\u00e1tica para mujeres y hombres, lanzada en 2021. Se describe como una fragancia oriental emocionante, sensual y distintiva con marcados matices florales y amaderados.<\/p>\n<p>La composici\u00f3n es embriagadora, dominada por brillantes notas de aterciopelada rosa miel y penetrante jazm\u00edn especiado. El cedro ahumado enmarca exquisitamente el bouquet floral, mientras que todo el esplendor arom\u00e1tico se envuelve en una delicada neblina de almizcle, \u00e1mbar y vainilla, confiri\u00e9ndole un estilo \u00fanico y distintivo.<\/p>\n<p>Siente esta sensualidad floral oriental; disfruta tu desodorante Ajwad hoy mismo.<\/p>\n<p><span dir=\"auto\"><strong>Notas de salida:<\/strong> notas frutales.<\/span><br \/>\n<span dir=\"auto\"><strong>Notas de coraz\u00f3n:<\/strong> jazm\u00edn, rosa.<\/span><br \/>\n<span dir=\"auto\"><strong>Notas de fondo:<\/strong> \u00e1mbar, vainilla, almizcle, madera de cedro.<\/span><\/p>\n","protected":false},"excerpt":{"rendered":"<p>AJWAD Es un fascinante y c\u00e1lido spray corporal floral con motivos orientales, cuyo aroma te har\u00e1 admirarlo durante todo el<\/p>\n","protected":false},"featured_media":102123,"comment_status":"open","ping_status":"closed","template":"","meta":{"nf_dc_page":""},"product_brand":[109],"product_cat":[94],"product_tag":[3479],"class_list":{"0":"post-102122","1":"product","2":"type-product","3":"status-publish","4":"has-post-thumbnail","6":"product_brand-lattafa","7":"product_cat-higiene-personal","8":"product_tag-3479","10":"first","11":"instock","12":"shipping-taxable","13":"purchasable","14":"product-type-simple"},"_links":{"self":[{"href":"https:\/\/brandss.com.py\/index\/wp-json\/wp\/v2\/product\/102122","targetHints":{"allow":["GET"]}}],"collection":[{"href":"https:\/\/brandss.com.py\/index\/wp-json\/wp\/v2\/product"}],"about":[{"href":"https:\/\/brandss.com.py\/index\/wp-json\/wp\/v2\/types\/product"}],"replies":[{"embeddable":true,"href":"https:\/\/brandss.com.py\/index\/wp-json\/wp\/v2\/comments?post=102122"}],"version-history":[{"count":1,"href":"https:\/\/brandss.com.py\/index\/wp-json\/wp\/v2\/product\/102122\/revisions"}],"predecessor-version":[{"id":102127,"href":"https:\/\/brandss.com.py\/index\/wp-json\/wp\/v2\/product\/102122\/revisions\/102127"}],"wp:featuredmedia":[{"embeddable":true,"href":"https:\/\/brandss.com.py\/index\/wp-json\/wp\/v2\/media\/102123"}],"wp:attachment":[{"href":"https:\/\/brandss.com.py\/index\/wp-json\/wp\/v2\/media?parent=102122"}],"wp:term":[{"taxonomy":"product_brand","embeddable":true,"href":"https:\/\/brandss.com.py\/index\/wp-json\/wp\/v2\/product_brand?post=102122"},{"taxonomy":"product_cat","embeddable":true,"href":"https:\/\/brandss.com.py\/index\/wp-json\/wp\/v2\/product_cat?post=102122"},{"taxonomy":"product_tag","embeddable":true,"href":"https:\/\/brandss.com.py\/index\/wp-json\/wp\/v2\/product_tag?post=102122"}],"curies":[{"name":"wp","href":"https:\/\/api.w.org\/{rel}","templated":true}]}}