{"id":102161,"date":"2026-04-16T16:55:57","date_gmt":"2026-04-16T16:55:57","guid":{"rendered":"https:\/\/brandss.com.py\/index\/?post_type=product&#038;p=102161"},"modified":"2026-04-16T16:56:23","modified_gmt":"2026-04-16T16:56:23","slug":"perfume-femenino-lovali-frenzy-edp-100ml","status":"publish","type":"product","link":"https:\/\/brandss.com.py\/index\/producto\/perfume-femenino-lovali-frenzy-edp-100ml\/","title":{"rendered":"PERFUME FEMENINO LOVALI FRENZY EDP 100ML"},"content":{"rendered":"<p><img loading=\"lazy\" decoding=\"async\" class=\"\" src=\"https:\/\/www.cosmeticcapital.com.au\/cdn\/shop\/collections\/brand_logo_lovali.jpg?v=1741043991\" alt=\"Lovali \u2013 Cosmetic Capital\" width=\"95\" height=\"95\" \/><\/p>\n<h1>FRENZY<\/h1>\n<p><span dir=\"auto\">Ad\u00e9ntrate en un mundo de energ\u00eda desbordante y encanto irresistible con <\/span><span dir=\"auto\">Frenzy<\/span><span dir=\"auto\">. Repleta de frutas jugosas, delicadas notas florales y un c\u00e1lido toque de vainilla, esta vibrante fragancia es perfecta para mujeres que desean sentirse seguras, divertidas e inolvidables.<\/span><\/p>\n<p><span dir=\"auto\"><img loading=\"lazy\" decoding=\"async\" class=\"alignleft\" src=\"https:\/\/s.alicdn.com\/@sc04\/kf\/H2ed52a2199cf4f4cbdbf98af69c1aa59v.jpg?avif=close&amp;webp=close\" width=\"523\" height=\"523\" \/><\/span><\/p>\n<ul data-end=\"1219\" data-start=\"832\">\n<li data-end=\"917\" data-start=\"832\">\n<p data-end=\"917\" data-start=\"834\"><span dir=\"auto\">Fragancia juvenil, afrutada y floral<\/span><span dir=\"auto\">, perfecta para el d\u00eda a d\u00eda o para salir por la noche.<\/span><\/p>\n<\/li>\n<li data-end=\"1010\" data-start=\"918\">\n<p data-end=\"1010\" data-start=\"920\"><span dir=\"auto\">Eau de Parfum de larga duraci\u00f3n,<\/span><span dir=\"auto\">\u00a0disfruta de horas de una fragancia cautivadora sin necesidad de reaplicarla.<\/span><\/p>\n<\/li>\n<li data-end=\"1108\" data-start=\"1011\">\n<p data-end=\"1108\" data-start=\"1013\"><span dir=\"auto\">Su generoso tama\u00f1o de 100 ml,<\/span><span dir=\"auto\">\u00a0ofrece una excelente relaci\u00f3n calidad-precio para una fragancia distintiva que usar\u00e1s a diario.<\/span><\/p>\n<\/li>\n<li data-end=\"1219\" data-start=\"1109\">\n<p data-end=\"1219\" data-start=\"1111\"><span dir=\"auto\">Un envase llamativo,<\/span><span dir=\"auto\">\u00a0una botella de color fucsia intenso con un dise\u00f1o colorido, pensada para destacar en tu tocador.<\/span><\/p>\n<\/li>\n<\/ul>\n<p data-end=\"1242\" data-start=\"1221\"><span dir=\"auto\">Si te encantan las fragancias de celebridades alegres y con un toque dulce, este perfume ofrece la misma energ\u00eda coqueta a un precio asequible. <\/span><span dir=\"auto\">Desde un brunch con amigas hasta veladas que se convierten en aventuras,\u00a0<\/span><span dir=\"auto\">Frenzy<\/span><span dir=\"auto\">\u00a0es tu fragancia ideal cuando quieres sentirte segura, femenina y cautivadora sin esfuerzo.<\/span><\/p>\n<h3 data-end=\"1242\" data-start=\"1221\"><\/h3>\n<h3 data-end=\"1242\" data-start=\"1221\">Notas Olfativas<\/h3>\n<p>&nbsp;<\/p>\n<p data-end=\"1242\" data-start=\"1221\">Una vibrante fragancia floral frutal que combina la frescura de los c\u00edtricos, notas florales dulces y c\u00e1lidos matices de vainilla y \u00e1mbar. Dise\u00f1ada para mujeres que irradian energ\u00eda, encanto y elegancia moderna.<\/p>\n<p data-end=\"1242\" data-start=\"1221\">\n<p><span dir=\"auto\"><strong>Notas de salida:<\/strong> kiwi, lichi rojo, membrillo.<\/span><\/p>\n<p><span dir=\"auto\"><strong>Notas de coraz\u00f3n:<\/strong> chocolate blanco, magdalena, orqu\u00eddea, jazm\u00edn.<\/span><\/p>\n<p data-spm-anchor-id=\"a2o4k.pdp_revamp.product_detail.i4.78643706RsYFcz\"><span dir=\"auto\"><strong>Notas de fondo:<\/strong> almizcle, ra\u00edz de lirio, notas amaderadas.<\/span><\/p>\n","protected":false},"excerpt":{"rendered":"<p>FRENZY Ad\u00e9ntrate en un mundo de energ\u00eda desbordante y encanto irresistible con Frenzy. Repleta de frutas jugosas, delicadas notas florales<\/p>\n","protected":false},"featured_media":102162,"comment_status":"open","ping_status":"closed","template":"","meta":{"nf_dc_page":""},"product_brand":[2635],"product_cat":[84],"product_tag":[3483],"class_list":{"0":"post-102161","1":"product","2":"type-product","3":"status-publish","4":"has-post-thumbnail","6":"product_brand-lovali","7":"product_cat-perfumeria","8":"product_tag-3483","10":"first","11":"instock","12":"shipping-taxable","13":"purchasable","14":"product-type-simple"},"_links":{"self":[{"href":"https:\/\/brandss.com.py\/index\/wp-json\/wp\/v2\/product\/102161","targetHints":{"allow":["GET"]}}],"collection":[{"href":"https:\/\/brandss.com.py\/index\/wp-json\/wp\/v2\/product"}],"about":[{"href":"https:\/\/brandss.com.py\/index\/wp-json\/wp\/v2\/types\/product"}],"replies":[{"embeddable":true,"href":"https:\/\/brandss.com.py\/index\/wp-json\/wp\/v2\/comments?post=102161"}],"version-history":[{"count":1,"href":"https:\/\/brandss.com.py\/index\/wp-json\/wp\/v2\/product\/102161\/revisions"}],"predecessor-version":[{"id":102166,"href":"https:\/\/brandss.com.py\/index\/wp-json\/wp\/v2\/product\/102161\/revisions\/102166"}],"wp:featuredmedia":[{"embeddable":true,"href":"https:\/\/brandss.com.py\/index\/wp-json\/wp\/v2\/media\/102162"}],"wp:attachment":[{"href":"https:\/\/brandss.com.py\/index\/wp-json\/wp\/v2\/media?parent=102161"}],"wp:term":[{"taxonomy":"product_brand","embeddable":true,"href":"https:\/\/brandss.com.py\/index\/wp-json\/wp\/v2\/product_brand?post=102161"},{"taxonomy":"product_cat","embeddable":true,"href":"https:\/\/brandss.com.py\/index\/wp-json\/wp\/v2\/product_cat?post=102161"},{"taxonomy":"product_tag","embeddable":true,"href":"https:\/\/brandss.com.py\/index\/wp-json\/wp\/v2\/product_tag?post=102161"}],"curies":[{"name":"wp","href":"https:\/\/api.w.org\/{rel}","templated":true}]}}