{"id":102167,"date":"2026-04-16T17:23:33","date_gmt":"2026-04-16T17:23:33","guid":{"rendered":"https:\/\/brandss.com.py\/index\/?post_type=product&#038;p=102167"},"modified":"2026-04-16T17:24:14","modified_gmt":"2026-04-16T17:24:14","slug":"perfume-masculino-lovali-adventvs-edp-100ml","status":"publish","type":"product","link":"https:\/\/brandss.com.py\/index\/producto\/perfume-masculino-lovali-adventvs-edp-100ml\/","title":{"rendered":"PERFUME MASCULINO LOVALI ADVENTVS EDP 100ML"},"content":{"rendered":"<p><img loading=\"lazy\" decoding=\"async\" class=\"\" src=\"https:\/\/www.cosmeticcapital.com.au\/cdn\/shop\/collections\/brand_logo_lovali.jpg?v=1741043991\" alt=\"Lovali \u2013 Cosmetic Capital\" width=\"95\" height=\"95\" \/><\/p>\n<h1>ADVENTVS<\/h1>\n<p data-start=\"73\" data-end=\"371\"><span dir=\"auto\">D\u00e9jese llevar por la confianza con <\/span><span dir=\"auto\">Adventvs<\/span><span dir=\"auto\">, una fragancia audaz y cautivadora dise\u00f1ada para quienes abrazan la aventura. Este vaporizador de 100 ml ofrece una vigorizante combinaci\u00f3n de\u00a0<\/span><span dir=\"auto\">ricas notas amaderadas y toques c\u00edtricos frescos<\/span><span dir=\"auto\">, creando un aroma potente y sofisticado a la vez.<img loading=\"lazy\" decoding=\"async\" class=\"alignleft\" src=\"https:\/\/img.ltwebstatic.com\/images3_spmp\/2023\/07\/25\/16902378210afec138a939cd94a4e7962b3cffcbb4_square_thumbnail_405x552_thumbnail_720x.jpg\" alt=\"Perfume De Hombre Adventvs Lovali 100 ML\" width=\"481\" height=\"641\" \/><\/span><\/p>\n<p data-start=\"373\" data-end=\"635\"><span dir=\"auto\">Perfecta para el d\u00eda o la noche, esta fragancia de larga duraci\u00f3n desprende elegancia con cada aplicaci\u00f3n, dejando una estela inolvidable de calidez y profundidad. Ya sea para una entrada triunfal o para dejar una huella imborrable,\u00a0<\/span><span dir=\"auto\">Lovali Adventvs<\/span><span dir=\"auto\">\u00a0es la fragancia distintiva por excelencia.<\/span><\/p>\n<p data-start=\"637\" data-end=\"684\" data-is-last-node=\"\" data-is-only-node=\"\"><span dir=\"auto\">\u00a1Libera tu lado m\u00e1s atrevido!\u00a0<\/span><span dir=\"auto\">Adventvs te espera.<\/span><\/p>\n<h3 data-start=\"637\" data-end=\"684\"><\/h3>\n<h3 data-start=\"637\" data-end=\"684\">Notas Olfativas<\/h3>\n<p>&nbsp;<\/p>\n<p data-start=\"273\" data-end=\"577\">Es un perfume de la familia amaderada frutal, una mezcla notas dulces y frescas con un fondo m\u00e1s profundo y masculino. Tiene un estilo muy vers\u00e1til: sirve tanto para uso diario como para ocasiones especiales, dejando una impresi\u00f3n sofisticada. Apertura fresca, frutal y ligeramente c\u00edtrica, muy llamativa desde el inicio. Un coraz\u00f3n que le da un toque elegante y levemente floral, equilibrando lo dulce con lo refinado. Y una base c\u00e1lida, masculina y un poco dulce, que aporta profundidad y duraci\u00f3n.<\/p>\n<p data-start=\"605\" data-end=\"654\"><strong data-start=\"605\" data-end=\"652\">Notas de salida: <\/strong>pi\u00f1a, grosella negra, bergamota.<br data-start=\"694\" data-end=\"697\" \/><strong data-start=\"779\" data-end=\"819\">Notas de coraz\u00f3n: <\/strong>abedul, jazm\u00edn, rosa.<br data-start=\"850\" data-end=\"853\" \/><strong data-start=\"940\" data-end=\"979\">Notas de fondo: <\/strong>almizcle, musgo de roble, vainilla.<\/p>\n","protected":false},"excerpt":{"rendered":"<p>ADVENTVS D\u00e9jese llevar por la confianza con Adventvs, una fragancia audaz y cautivadora dise\u00f1ada para quienes abrazan la aventura. Este<\/p>\n","protected":false},"featured_media":102168,"comment_status":"open","ping_status":"closed","template":"","meta":{"nf_dc_page":""},"product_brand":[2635],"product_cat":[84],"product_tag":[3484],"class_list":{"0":"post-102167","1":"product","2":"type-product","3":"status-publish","4":"has-post-thumbnail","6":"product_brand-lovali","7":"product_cat-perfumeria","8":"product_tag-3484","10":"first","11":"instock","12":"shipping-taxable","13":"purchasable","14":"product-type-simple"},"_links":{"self":[{"href":"https:\/\/brandss.com.py\/index\/wp-json\/wp\/v2\/product\/102167","targetHints":{"allow":["GET"]}}],"collection":[{"href":"https:\/\/brandss.com.py\/index\/wp-json\/wp\/v2\/product"}],"about":[{"href":"https:\/\/brandss.com.py\/index\/wp-json\/wp\/v2\/types\/product"}],"replies":[{"embeddable":true,"href":"https:\/\/brandss.com.py\/index\/wp-json\/wp\/v2\/comments?post=102167"}],"version-history":[{"count":1,"href":"https:\/\/brandss.com.py\/index\/wp-json\/wp\/v2\/product\/102167\/revisions"}],"predecessor-version":[{"id":102174,"href":"https:\/\/brandss.com.py\/index\/wp-json\/wp\/v2\/product\/102167\/revisions\/102174"}],"wp:featuredmedia":[{"embeddable":true,"href":"https:\/\/brandss.com.py\/index\/wp-json\/wp\/v2\/media\/102168"}],"wp:attachment":[{"href":"https:\/\/brandss.com.py\/index\/wp-json\/wp\/v2\/media?parent=102167"}],"wp:term":[{"taxonomy":"product_brand","embeddable":true,"href":"https:\/\/brandss.com.py\/index\/wp-json\/wp\/v2\/product_brand?post=102167"},{"taxonomy":"product_cat","embeddable":true,"href":"https:\/\/brandss.com.py\/index\/wp-json\/wp\/v2\/product_cat?post=102167"},{"taxonomy":"product_tag","embeddable":true,"href":"https:\/\/brandss.com.py\/index\/wp-json\/wp\/v2\/product_tag?post=102167"}],"curies":[{"name":"wp","href":"https:\/\/api.w.org\/{rel}","templated":true}]}}