{"id":102175,"date":"2026-04-17T10:45:38","date_gmt":"2026-04-17T10:45:38","guid":{"rendered":"https:\/\/brandss.com.py\/index\/?post_type=product&#038;p=102175"},"modified":"2026-04-17T10:47:42","modified_gmt":"2026-04-17T10:47:42","slug":"perfume-masculino-lovali-absolute-intense-edp-100ml","status":"publish","type":"product","link":"https:\/\/brandss.com.py\/index\/producto\/perfume-masculino-lovali-absolute-intense-edp-100ml\/","title":{"rendered":"PERFUME MASCULINO LOVALI ABSOLUTE INTENSE EDP 100ML"},"content":{"rendered":"<p><img loading=\"lazy\" decoding=\"async\" class=\"\" src=\"https:\/\/www.cosmeticcapital.com.au\/cdn\/shop\/collections\/brand_logo_lovali.jpg?v=1741043991\" alt=\"Lovali \u2013 Cosmetic Capital\" width=\"91\" height=\"91\" \/><\/p>\n<h1>ABSOLUTE INTENSE<\/h1>\n<p><span dir=\"auto\">D\u00e9jese envolver por la poderosa sofisticaci\u00f3n de <\/span><span dir=\"auto\">Absolute Intense, <\/span><span dir=\"auto\">una imponente fragancia masculina dise\u00f1ada para personalidades audaces que dejan huella. Rica, segura y profundamente cautivadora, esta fragancia ofrece intensidad con una elegancia refinada, convirti\u00e9ndola en el perfume ideal para ocasiones especiales, eventos nocturnos o cualquier momento en que desee destacar.<\/span><\/p>\n<p>Absolute Intense Pour Homme est\u00e1 dise\u00f1ado para el hombre moderno que busca una fragancia con autoridad y car\u00e1cter. Su estructura audaz y su rica profundidad lo hacen perfecto para las noches, las ocasiones formales y los momentos en que la confianza es fundamental. Equilibrado y expresivo, ofrece una fuerte presencia sin perder la sofisticaci\u00f3n.<\/p>\n<h3>Notas Olfativas<\/h3>\n<p><span dir=\"auto\">Absolute Intense<\/span><span dir=\"auto\">\u00a0se abre con notas de salida audaces y contundentes que captan la atenci\u00f3n de inmediato. A medida que la fragancia evoluciona, emerge un coraz\u00f3n de ricos acordes arom\u00e1ticos y especiados, que le aportan profundidad y una complejidad din\u00e1mica. La c\u00e1lida y masculina base de maderas y matices sensuales le da solidez a la fragancia, dejando una estela duradera de confianza y sofisticaci\u00f3n.<\/span><\/p>\n<p data-section-id=\"1pbwkk9\" data-start=\"755\" data-end=\"801\"><strong>Notas de salida:<\/strong> cuero.<\/p>\n<p data-start=\"813\" data-end=\"879\"><strong>Notas de coraz\u00f3n:<\/strong> cipr\u00e9s, pachul\u00ed.<\/p>\n<p data-start=\"950\" data-end=\"1026\"><strong>Notas de fondo:<\/strong> notas amaderadas, vetiver.<\/p>\n","protected":false},"excerpt":{"rendered":"<p>ABSOLUTE INTENSE D\u00e9jese envolver por la poderosa sofisticaci\u00f3n de Absolute Intense, una imponente fragancia masculina dise\u00f1ada para personalidades audaces que<\/p>\n","protected":false},"featured_media":102176,"comment_status":"open","ping_status":"closed","template":"","meta":{"nf_dc_page":""},"product_brand":[2635],"product_cat":[84],"product_tag":[3485],"class_list":{"0":"post-102175","1":"product","2":"type-product","3":"status-publish","4":"has-post-thumbnail","6":"product_brand-lovali","7":"product_cat-perfumeria","8":"product_tag-3485","10":"first","11":"instock","12":"shipping-taxable","13":"purchasable","14":"product-type-simple"},"_links":{"self":[{"href":"https:\/\/brandss.com.py\/index\/wp-json\/wp\/v2\/product\/102175","targetHints":{"allow":["GET"]}}],"collection":[{"href":"https:\/\/brandss.com.py\/index\/wp-json\/wp\/v2\/product"}],"about":[{"href":"https:\/\/brandss.com.py\/index\/wp-json\/wp\/v2\/types\/product"}],"replies":[{"embeddable":true,"href":"https:\/\/brandss.com.py\/index\/wp-json\/wp\/v2\/comments?post=102175"}],"version-history":[{"count":1,"href":"https:\/\/brandss.com.py\/index\/wp-json\/wp\/v2\/product\/102175\/revisions"}],"predecessor-version":[{"id":102180,"href":"https:\/\/brandss.com.py\/index\/wp-json\/wp\/v2\/product\/102175\/revisions\/102180"}],"wp:featuredmedia":[{"embeddable":true,"href":"https:\/\/brandss.com.py\/index\/wp-json\/wp\/v2\/media\/102176"}],"wp:attachment":[{"href":"https:\/\/brandss.com.py\/index\/wp-json\/wp\/v2\/media?parent=102175"}],"wp:term":[{"taxonomy":"product_brand","embeddable":true,"href":"https:\/\/brandss.com.py\/index\/wp-json\/wp\/v2\/product_brand?post=102175"},{"taxonomy":"product_cat","embeddable":true,"href":"https:\/\/brandss.com.py\/index\/wp-json\/wp\/v2\/product_cat?post=102175"},{"taxonomy":"product_tag","embeddable":true,"href":"https:\/\/brandss.com.py\/index\/wp-json\/wp\/v2\/product_tag?post=102175"}],"curies":[{"name":"wp","href":"https:\/\/api.w.org\/{rel}","templated":true}]}}