{"id":102194,"date":"2026-04-17T14:02:19","date_gmt":"2026-04-17T14:02:19","guid":{"rendered":"https:\/\/brandss.com.py\/index\/?post_type=product&#038;p=102194"},"modified":"2026-04-17T14:02:44","modified_gmt":"2026-04-17T14:02:44","slug":"perfume-femenino-lovali-dear-bear-love-edp-100ml","status":"publish","type":"product","link":"https:\/\/brandss.com.py\/index\/producto\/perfume-femenino-lovali-dear-bear-love-edp-100ml\/","title":{"rendered":"PERFUME FEMENINO LOVALI DEAR BEAR LOVE EDP 100ML"},"content":{"rendered":"<p><img loading=\"lazy\" decoding=\"async\" class=\"\" src=\"https:\/\/www.cosmeticcapital.com.au\/cdn\/shop\/collections\/brand_logo_lovali.jpg?v=1741043991\" alt=\"Lovali \u2013 Cosmetic Capital\" width=\"66\" height=\"66\" \/><\/p>\n<h1>DEAR BEAR LOVE<\/h1>\n<p><em><strong data-start=\"261\" data-end=\"295\"><span dir=\"auto\">Dulce. Suave. Un capricho sincero<\/span><\/strong><\/em><\/p>\n<p><span dir=\"auto\">Ad\u00e9ntrate en un mundo de ensue\u00f1o lleno de mimos y encanto con <\/span><span dir=\"auto\">Dear Bear Love, <\/span><span dir=\"auto\">una fragancia que se siente como un c\u00e1lido abrazo envuelto en az\u00facar y sol. Dulce, reconfortante y con un toque rom\u00e1ntico, este aroma es perfecto para quienes adoran la suavidad con chispa.<img loading=\"lazy\" decoding=\"async\" class=\"alignleft\" src=\"https:\/\/img.lazcdn.com\/g\/p\/506382ad0849a8f72bf2062e8c3a31e4.png_2200x2200q80.png_.webp\" width=\"563\" height=\"563\" \/><\/span><\/p>\n<p><span dir=\"auto\">Dear Bear Love<\/span><span dir=\"auto\"> es m\u00e1s que una fragancia, es una explosi\u00f3n de alegr\u00eda que te har\u00e1 sentir bien. Seas joven o simplemente joven de coraz\u00f3n, este perfume a\u00f1ade un toque de magia a tu rutina diaria.<\/span><\/p>\n<p>&nbsp;<\/p>\n<h3>Notas Olfativas<\/h3>\n<p>&nbsp;<\/p>\n<p><span dir=\"auto\">Divertida pero irresistiblemente encantadora,\u00a0<\/span><span dir=\"auto\">la fragancia Dear Bear Love<\/span><span dir=\"auto\">\u00a0captura la dulzura del cari\u00f1o en un frasco.\u00a0<\/span><span dir=\"auto\">Esta deliciosa fragancia combina la vitalidad juvenil con la calidez rom\u00e1ntica, convirti\u00e9ndola en la fragancia perfecta para quienes desean irradiar alegr\u00eda, amor y confianza a diario.<\/span><\/p>\n<p><strong>Notas de salida:<\/strong> manzana, mandarina, magnolia.<\/p>\n<p><strong>Notas de coraz\u00f3n:<\/strong> jazm\u00edn, peon\u00eda.<\/p>\n<p><strong>Notas de fondo:<\/strong> vainilla, almizcle, maderas suaves.<\/p>\n<p>&nbsp;<\/p>\n","protected":false},"excerpt":{"rendered":"<p>DEAR BEAR LOVE Dulce. Suave. Un capricho sincero Ad\u00e9ntrate en un mundo de ensue\u00f1o lleno de mimos y encanto con<\/p>\n","protected":false},"featured_media":102195,"comment_status":"open","ping_status":"closed","template":"","meta":{"nf_dc_page":""},"product_brand":[2635],"product_cat":[84],"product_tag":[3488],"class_list":{"0":"post-102194","1":"product","2":"type-product","3":"status-publish","4":"has-post-thumbnail","6":"product_brand-lovali","7":"product_cat-perfumeria","8":"product_tag-3488","10":"first","11":"instock","12":"shipping-taxable","13":"purchasable","14":"product-type-simple"},"_links":{"self":[{"href":"https:\/\/brandss.com.py\/index\/wp-json\/wp\/v2\/product\/102194","targetHints":{"allow":["GET"]}}],"collection":[{"href":"https:\/\/brandss.com.py\/index\/wp-json\/wp\/v2\/product"}],"about":[{"href":"https:\/\/brandss.com.py\/index\/wp-json\/wp\/v2\/types\/product"}],"replies":[{"embeddable":true,"href":"https:\/\/brandss.com.py\/index\/wp-json\/wp\/v2\/comments?post=102194"}],"version-history":[{"count":1,"href":"https:\/\/brandss.com.py\/index\/wp-json\/wp\/v2\/product\/102194\/revisions"}],"predecessor-version":[{"id":102200,"href":"https:\/\/brandss.com.py\/index\/wp-json\/wp\/v2\/product\/102194\/revisions\/102200"}],"wp:featuredmedia":[{"embeddable":true,"href":"https:\/\/brandss.com.py\/index\/wp-json\/wp\/v2\/media\/102195"}],"wp:attachment":[{"href":"https:\/\/brandss.com.py\/index\/wp-json\/wp\/v2\/media?parent=102194"}],"wp:term":[{"taxonomy":"product_brand","embeddable":true,"href":"https:\/\/brandss.com.py\/index\/wp-json\/wp\/v2\/product_brand?post=102194"},{"taxonomy":"product_cat","embeddable":true,"href":"https:\/\/brandss.com.py\/index\/wp-json\/wp\/v2\/product_cat?post=102194"},{"taxonomy":"product_tag","embeddable":true,"href":"https:\/\/brandss.com.py\/index\/wp-json\/wp\/v2\/product_tag?post=102194"}],"curies":[{"name":"wp","href":"https:\/\/api.w.org\/{rel}","templated":true}]}}