{"id":102201,"date":"2026-04-17T14:36:07","date_gmt":"2026-04-17T14:36:07","guid":{"rendered":"https:\/\/brandss.com.py\/index\/?post_type=product&#038;p=102201"},"modified":"2026-04-17T14:36:34","modified_gmt":"2026-04-17T14:36:34","slug":"perfume-femenino-lovali-flame-golden-edp-75ml","status":"publish","type":"product","link":"https:\/\/brandss.com.py\/index\/producto\/perfume-femenino-lovali-flame-golden-edp-75ml\/","title":{"rendered":"PERFUME FEMENINO LOVALI FLAME GOLDEN EDP 75ML"},"content":{"rendered":"<p><img loading=\"lazy\" decoding=\"async\" class=\"\" src=\"https:\/\/www.cosmeticcapital.com.au\/cdn\/shop\/collections\/brand_logo_lovali.jpg?v=1741043991\" alt=\"Lovali \u2013 Cosmetic Capital\" width=\"102\" height=\"102\" \/><\/p>\n<h1>FLAME GOLDEN<\/h1>\n<p><span dir=\"auto\">Despierta tus sentidos con <\/span><span dir=\"auto\">Golden Flame Edici\u00f3n Limitada<\/span><span dir=\"auto\">, una fragancia lujosa y cautivadora que encarna\u00a0<\/span><span dir=\"auto\">la sofisticaci\u00f3n y un atractivo ardiente<\/span><span dir=\"auto\">. Presentamos Golden Flame, un eau de parfum de edici\u00f3n limitada que irradia lujo y sofisticaci\u00f3n. Esta llamativa fragancia viene en una botella art\u00edstica con un patr\u00f3n \u00fanico a escala en oro radiante, rematado con una distintiva tapa negra y dorada.<img loading=\"lazy\" decoding=\"async\" class=\"alignleft\" src=\"https:\/\/m.media-amazon.com\/images\/I\/613IsPjYfHL._SL1284_.jpg\" width=\"607\" height=\"548\" \/> <\/span><\/p>\n<p><span dir=\"auto\">El embalaje de oro met\u00e1lico a juego muestra dise\u00f1os geom\u00e9tricos modernos y una est\u00e9tica minimalista. El vaporizador en aerosol natural garantiza una distribuci\u00f3n \u00f3ptima de la fragancia, lo que hace que este perfume sea perfecto para ocasiones especiales o uso diario. El llamativo dise\u00f1o de la botella sirve como un recipiente de fragancia sofisticado y una elegante pieza de exhibici\u00f3n para tu tocador. Este lanzamiento de edici\u00f3n limitada lo convierte en un regalo impresionante o una adici\u00f3n especial a cualquier colecci\u00f3n de fragancias.<\/span><\/p>\n<h3><\/h3>\n<h3>Notas Olfativas<\/h3>\n<p>&nbsp;<\/p>\n<p data-start=\"66\" data-end=\"696\"><span dir=\"auto\">Este aroma\u00a0<\/span><span dir=\"auto\">exclusivo<\/span><span dir=\"auto\">\u00a0es una\u00a0<\/span><span dir=\"auto\">composici\u00f3n c\u00e1lida, especiada y ligeramente dulce<\/span><span dir=\"auto\">, perfecta para quienes irradian confianza y elegancia. Con\u00a0<\/span><span dir=\"auto\">vibrantes notas c\u00edtricas y especiadas<\/span><span dir=\"auto\">\u00a0en la salida , el coraz\u00f3n revela una opulenta mezcla de\u00a0<\/span><span dir=\"auto\">flores ex\u00f3ticas y \u00e1mbar intenso<\/span><span dir=\"auto\">, mientras que la base perdura con\u00a0<\/span><span dir=\"auto\">suaves notas de vainilla, s\u00e1ndalo cremoso y almizcle sensual<\/span><span dir=\"auto\">. Presentada en un\u00a0<\/span><span dir=\"auto\">impresionante frasco dorado<\/span><span dir=\"auto\">, esta fragancia es una declaraci\u00f3n de glamour y lujo atemporales.<\/span><\/p>\n<p data-start=\"66\" data-end=\"696\"><strong data-start=\"724\" data-end=\"738\"><span dir=\"auto\">Notas de salida:<\/span><\/strong><span dir=\"auto\"> c\u00edtricos, azafr\u00e1n, especias c\u00e1lidas.<\/span><br data-start=\"767\" data-end=\"770\" \/><strong data-start=\"773\" data-end=\"789\"><span dir=\"auto\">Notas de coraz\u00f3n:<\/span><\/strong><span dir=\"auto\"> jazm\u00edn, rosa, \u00e1mbar.<\/span><br data-start=\"810\" data-end=\"813\" \/><strong data-start=\"816\" data-end=\"831\"><span dir=\"auto\">Notas de fondo:<\/span><\/strong><span dir=\"auto\"> vainilla, s\u00e1ndalo, almizcle.<\/span><\/p>\n","protected":false},"excerpt":{"rendered":"<p>FLAME GOLDEN Despierta tus sentidos con Golden Flame Edici\u00f3n Limitada, una fragancia lujosa y cautivadora que encarna\u00a0la sofisticaci\u00f3n y un<\/p>\n","protected":false},"featured_media":102202,"comment_status":"open","ping_status":"closed","template":"","meta":{"nf_dc_page":""},"product_brand":[2635],"product_cat":[84],"product_tag":[3489],"class_list":{"0":"post-102201","1":"product","2":"type-product","3":"status-publish","4":"has-post-thumbnail","6":"product_brand-lovali","7":"product_cat-perfumeria","8":"product_tag-3489","10":"first","11":"instock","12":"shipping-taxable","13":"purchasable","14":"product-type-simple"},"_links":{"self":[{"href":"https:\/\/brandss.com.py\/index\/wp-json\/wp\/v2\/product\/102201","targetHints":{"allow":["GET"]}}],"collection":[{"href":"https:\/\/brandss.com.py\/index\/wp-json\/wp\/v2\/product"}],"about":[{"href":"https:\/\/brandss.com.py\/index\/wp-json\/wp\/v2\/types\/product"}],"replies":[{"embeddable":true,"href":"https:\/\/brandss.com.py\/index\/wp-json\/wp\/v2\/comments?post=102201"}],"version-history":[{"count":1,"href":"https:\/\/brandss.com.py\/index\/wp-json\/wp\/v2\/product\/102201\/revisions"}],"predecessor-version":[{"id":102206,"href":"https:\/\/brandss.com.py\/index\/wp-json\/wp\/v2\/product\/102201\/revisions\/102206"}],"wp:featuredmedia":[{"embeddable":true,"href":"https:\/\/brandss.com.py\/index\/wp-json\/wp\/v2\/media\/102202"}],"wp:attachment":[{"href":"https:\/\/brandss.com.py\/index\/wp-json\/wp\/v2\/media?parent=102201"}],"wp:term":[{"taxonomy":"product_brand","embeddable":true,"href":"https:\/\/brandss.com.py\/index\/wp-json\/wp\/v2\/product_brand?post=102201"},{"taxonomy":"product_cat","embeddable":true,"href":"https:\/\/brandss.com.py\/index\/wp-json\/wp\/v2\/product_cat?post=102201"},{"taxonomy":"product_tag","embeddable":true,"href":"https:\/\/brandss.com.py\/index\/wp-json\/wp\/v2\/product_tag?post=102201"}],"curies":[{"name":"wp","href":"https:\/\/api.w.org\/{rel}","templated":true}]}}