{"id":102207,"date":"2026-04-17T16:33:42","date_gmt":"2026-04-17T16:33:42","guid":{"rendered":"https:\/\/brandss.com.py\/index\/?post_type=product&#038;p=102207"},"modified":"2026-04-17T16:34:07","modified_gmt":"2026-04-17T16:34:07","slug":"perfume-masculino-lovali-black-point-edp-100ml","status":"publish","type":"product","link":"https:\/\/brandss.com.py\/index\/producto\/perfume-masculino-lovali-black-point-edp-100ml\/","title":{"rendered":"PERFUME MASCULINO LOVALI BLACK POINT EDP 100ML"},"content":{"rendered":"<p><img loading=\"lazy\" decoding=\"async\" class=\"\" src=\"https:\/\/www.cosmeticcapital.com.au\/cdn\/shop\/collections\/brand_logo_lovali.jpg?v=1741043991\" alt=\"Lovali \u2013 Cosmetic Capital\" width=\"158\" height=\"158\" \/><\/p>\n<h1>BLACK POINT<\/h1>\n<p><span dir=\"auto\">Hazte notar con <\/span><span dir=\"auto\">Black Point, <\/span><span dir=\"auto\">una fragancia masculina audaz y sofisticada dise\u00f1ada para el hombre moderno que valora la confianza, la profundidad y un impacto duradero. Limpia pero potente, esta fragancia combina notas de salida frescas con matices c\u00e1lidos y profundos para un aroma contempor\u00e1neo que te acompa\u00f1a de d\u00eda y de noche. <img loading=\"lazy\" decoding=\"async\" class=\"alignleft\" src=\"https:\/\/http2.mlstatic.com\/D_NQ_NP_2X_923428-MLM82388268417_022025-F.webp\" width=\"687\" height=\"687\" \/><\/span><\/p>\n<p>Black Point Pour Homme est\u00e1 dise\u00f1ado para hombres que buscan una fragancia segura, elegante y vers\u00e1til. Su din\u00e1mica apertura aporta energ\u00eda diurna, ideal tanto para el trabajo como para el d\u00eda a d\u00eda, mientras que su c\u00e1lido y complejo fondo ofrece un toque de elegancia para la noche y eventos sociales. Su equilibrada composici\u00f3n garantiza presencia y sofisticaci\u00f3n sin resultar abrumadora.<\/p>\n<h3><\/h3>\n<h3>Notas Olfativas<\/h3>\n<p>&nbsp;<\/p>\n<p><span dir=\"auto\">Black Point Pour Homme<\/span><span dir=\"auto\">\u00a0se abre con notas de salida frescas y vigorizantes que revitalizan los sentidos al instante y transmiten una sensaci\u00f3n de seguridad. A medida que la fragancia evoluciona, un coraz\u00f3n de refinados acordes arom\u00e1ticos y especiados aporta profundidad y car\u00e1cter, dotando a la composici\u00f3n de una complejidad moderna. Una base rica y duradera de maderas, \u00e1mbar y un sutil almizcle ancla el aroma con una calidez masculina, dejando una estela memorable que perdura con elegancia.<\/span><\/p>\n<p><strong>Notas de salida:<\/strong> naranja, manzana, cardomomo.<\/p>\n<p><strong>Notas de coraz\u00f3n:<\/strong> flor de naranja, lavanda, nuez moscada.<\/p>\n<p><strong>Notas de fondo:<\/strong> haba tonka, \u00e1mbar, almizcle, cuero.<\/p>\n","protected":false},"excerpt":{"rendered":"<p>BLACK POINT Hazte notar con Black Point, una fragancia masculina audaz y sofisticada dise\u00f1ada para el hombre moderno que valora<\/p>\n","protected":false},"featured_media":102208,"comment_status":"open","ping_status":"closed","template":"","meta":{"nf_dc_page":""},"product_brand":[2635],"product_cat":[84],"product_tag":[3490],"class_list":{"0":"post-102207","1":"product","2":"type-product","3":"status-publish","4":"has-post-thumbnail","6":"product_brand-lovali","7":"product_cat-perfumeria","8":"product_tag-3490","10":"first","11":"instock","12":"shipping-taxable","13":"purchasable","14":"product-type-simple"},"_links":{"self":[{"href":"https:\/\/brandss.com.py\/index\/wp-json\/wp\/v2\/product\/102207","targetHints":{"allow":["GET"]}}],"collection":[{"href":"https:\/\/brandss.com.py\/index\/wp-json\/wp\/v2\/product"}],"about":[{"href":"https:\/\/brandss.com.py\/index\/wp-json\/wp\/v2\/types\/product"}],"replies":[{"embeddable":true,"href":"https:\/\/brandss.com.py\/index\/wp-json\/wp\/v2\/comments?post=102207"}],"version-history":[{"count":1,"href":"https:\/\/brandss.com.py\/index\/wp-json\/wp\/v2\/product\/102207\/revisions"}],"predecessor-version":[{"id":102212,"href":"https:\/\/brandss.com.py\/index\/wp-json\/wp\/v2\/product\/102207\/revisions\/102212"}],"wp:featuredmedia":[{"embeddable":true,"href":"https:\/\/brandss.com.py\/index\/wp-json\/wp\/v2\/media\/102208"}],"wp:attachment":[{"href":"https:\/\/brandss.com.py\/index\/wp-json\/wp\/v2\/media?parent=102207"}],"wp:term":[{"taxonomy":"product_brand","embeddable":true,"href":"https:\/\/brandss.com.py\/index\/wp-json\/wp\/v2\/product_brand?post=102207"},{"taxonomy":"product_cat","embeddable":true,"href":"https:\/\/brandss.com.py\/index\/wp-json\/wp\/v2\/product_cat?post=102207"},{"taxonomy":"product_tag","embeddable":true,"href":"https:\/\/brandss.com.py\/index\/wp-json\/wp\/v2\/product_tag?post=102207"}],"curies":[{"name":"wp","href":"https:\/\/api.w.org\/{rel}","templated":true}]}}