{"id":102220,"date":"2026-04-17T18:12:15","date_gmt":"2026-04-17T18:12:15","guid":{"rendered":"https:\/\/brandss.com.py\/index\/?post_type=product&#038;p=102220"},"modified":"2026-04-17T18:12:35","modified_gmt":"2026-04-17T18:12:35","slug":"perfume-masculino-lovali-le-blanc-edp-100ml","status":"publish","type":"product","link":"https:\/\/brandss.com.py\/index\/producto\/perfume-masculino-lovali-le-blanc-edp-100ml\/","title":{"rendered":"PERFUME MASCULINO LOVALI LE BLANC EDP 100ML"},"content":{"rendered":"<p><img loading=\"lazy\" decoding=\"async\" class=\"\" src=\"https:\/\/www.cosmeticcapital.com.au\/cdn\/shop\/collections\/brand_logo_lovali.jpg?v=1741043991\" alt=\"Lovali \u2013 Cosmetic Capital\" width=\"99\" height=\"99\" \/><\/p>\n<h1>LE BLANC<\/h1>\n<p>Es una fragancia fresca, limpia y elegante, ideal para hombres que buscan un aroma sofisticado pero f\u00e1cil de usar todos los d\u00edas. Le Blanc es un perfume fresco, limpio y sofisticado, con un estilo minimalista y elegante, perfecto para usar todos los d\u00edas sin cansar.<\/p>\n<p><img loading=\"lazy\" decoding=\"async\" class=\"alignleft\" src=\"https:\/\/http2.mlstatic.com\/D_NQ_NP_2X_997279-MLM77642130089_072024-F.webp\" width=\"442\" height=\"412\" \/><\/p>\n<h3>Notas Olfativas<\/h3>\n<p>&nbsp;<\/p>\n<p data-start=\"304\" data-end=\"503\">Le blanc es una fragancia masculina que pertenece a la familia arom\u00e1tica c\u00edtrica, tiene un perfil muy luminoso, ligero y agradable, perfecto para climas c\u00e1lidos o uso diario. Perfume que da sensaci\u00f3n de \u201creci\u00e9n salido de la ducha\u201d, pero con un toque refinado. Tiene una apertura c\u00edtrica y arom\u00e1tica, s\u00faper fresca y energizante. El coraz\u00f3n se vuelve m\u00e1s elegante, verde y ligeramente floral, manteniendo la frescura. Y finalmente la base se vuelve suave, limpia y amaderada, para un acabado muy agradable y masculino.<\/p>\n<p data-start=\"304\" data-end=\"503\"><strong>Notas de salida:<\/strong> bergamota, lim\u00f3n, lavanda.<\/p>\n<p data-start=\"770\" data-end=\"874\"><strong>Notas de coraz\u00f3n:<\/strong> flor de azahar, geranio, hojas verdes.<\/p>\n<p data-start=\"770\" data-end=\"874\"><strong>Notas de fondo:<\/strong> vetiver, almizcle blanco, s\u00e1ndalo<\/p>\n<p data-start=\"1185\" data-end=\"1305\">\n","protected":false},"excerpt":{"rendered":"<p>LE BLANC Es una fragancia fresca, limpia y elegante, ideal para hombres que buscan un aroma sofisticado pero f\u00e1cil de<\/p>\n","protected":false},"featured_media":102221,"comment_status":"open","ping_status":"closed","template":"","meta":{"nf_dc_page":""},"product_brand":[2635],"product_cat":[84],"product_tag":[3492],"class_list":{"0":"post-102220","1":"product","2":"type-product","3":"status-publish","4":"has-post-thumbnail","6":"product_brand-lovali","7":"product_cat-perfumeria","8":"product_tag-3492","10":"first","11":"instock","12":"shipping-taxable","13":"purchasable","14":"product-type-simple"},"_links":{"self":[{"href":"https:\/\/brandss.com.py\/index\/wp-json\/wp\/v2\/product\/102220","targetHints":{"allow":["GET"]}}],"collection":[{"href":"https:\/\/brandss.com.py\/index\/wp-json\/wp\/v2\/product"}],"about":[{"href":"https:\/\/brandss.com.py\/index\/wp-json\/wp\/v2\/types\/product"}],"replies":[{"embeddable":true,"href":"https:\/\/brandss.com.py\/index\/wp-json\/wp\/v2\/comments?post=102220"}],"version-history":[{"count":1,"href":"https:\/\/brandss.com.py\/index\/wp-json\/wp\/v2\/product\/102220\/revisions"}],"predecessor-version":[{"id":102228,"href":"https:\/\/brandss.com.py\/index\/wp-json\/wp\/v2\/product\/102220\/revisions\/102228"}],"wp:featuredmedia":[{"embeddable":true,"href":"https:\/\/brandss.com.py\/index\/wp-json\/wp\/v2\/media\/102221"}],"wp:attachment":[{"href":"https:\/\/brandss.com.py\/index\/wp-json\/wp\/v2\/media?parent=102220"}],"wp:term":[{"taxonomy":"product_brand","embeddable":true,"href":"https:\/\/brandss.com.py\/index\/wp-json\/wp\/v2\/product_brand?post=102220"},{"taxonomy":"product_cat","embeddable":true,"href":"https:\/\/brandss.com.py\/index\/wp-json\/wp\/v2\/product_cat?post=102220"},{"taxonomy":"product_tag","embeddable":true,"href":"https:\/\/brandss.com.py\/index\/wp-json\/wp\/v2\/product_tag?post=102220"}],"curies":[{"name":"wp","href":"https:\/\/api.w.org\/{rel}","templated":true}]}}