{"id":102229,"date":"2026-04-18T11:26:22","date_gmt":"2026-04-18T11:26:22","guid":{"rendered":"https:\/\/brandss.com.py\/index\/?post_type=product&#038;p=102229"},"modified":"2026-04-18T11:26:44","modified_gmt":"2026-04-18T11:26:44","slug":"perfume-femenino-lovali-champia-intense-edp-105ml","status":"publish","type":"product","link":"https:\/\/brandss.com.py\/index\/producto\/perfume-femenino-lovali-champia-intense-edp-105ml\/","title":{"rendered":"PERFUME FEMENINO LOVALI CHAMPIA INTENSE EDP 105ML"},"content":{"rendered":"<p><img loading=\"lazy\" decoding=\"async\" class=\"\" src=\"https:\/\/www.cosmeticcapital.com.au\/cdn\/shop\/collections\/brand_logo_lovali.jpg?crop=center&amp;height=150&amp;v=1741043991&amp;width=300\" alt=\"Lovali Z Pour Homme Eau De Parfum 100ml \u2013 Cosmetic Capital\" width=\"126\" height=\"63\" \/><\/p>\n<h1>CHAMPIA INTENSE<\/h1>\n<p><span dir=\"auto\">Lujosa, radiante e irresistiblemente elegante <\/span><span dir=\"auto\">Champia Intense<\/span><span dir=\"auto\">\u00a0es una fragancia audaz y a la vez delicada, ideal para mujeres que desean destacar. Presentada en un sofisticado frasco de 105 ml, esta fragancia est\u00e1 dise\u00f1ada para ocasiones especiales, para lucir radiante por la noche o para cualquier momento en que desees irradiar confianza y encanto.<img loading=\"lazy\" decoding=\"async\" class=\"alignleft\" src=\"https:\/\/http2.mlstatic.com\/D_NQ_NP_2X_609509-MLM81053141240_122024-F.webp\" width=\"440\" height=\"585\" \/><\/span><\/p>\n<p><span dir=\"auto\">Champia Intense<\/span><span dir=\"auto\">, intensamente cautivadora,\u00a0es perfecta para mujeres que valoran el glamour, la elegancia y un estilo atemporal.<\/span><\/p>\n<p>&nbsp;<\/p>\n<h3>Notas Olfativas<\/h3>\n<p>&nbsp;<\/p>\n<p>La fragancia se abre con una chispeante mezcla de notas c\u00edtricas y frutales que revitalizan los sentidos con su energ\u00eda. En su coraz\u00f3n, el delicado jazm\u00edn, la rosa y suaves flores florecen con belleza, aportando feminidad y profundidad. Finalmente, la base de \u00e1mbar c\u00e1lido, almizcle y vainilla cremosa perdura con sofisticaci\u00f3n, dejando una estela sensual y duradera.<\/p>\n<ul data-start=\"1009\" data-end=\"1299\">\n<li data-start=\"1009\" data-end=\"1066\">\n<p data-start=\"1011\" data-end=\"1066\"><span dir=\"auto\"><strong>Notas de salida:<\/strong> c\u00edtricas, afrutadas.<\/span><\/p>\n<\/li>\n<li data-start=\"1067\" data-end=\"1114\">\n<p data-start=\"1069\" data-end=\"1114\"><span dir=\"auto\"><strong>Notas de coraz\u00f3n:<\/strong> jazm\u00edn, rosa.<\/span><\/p>\n<\/li>\n<li data-start=\"1115\" data-end=\"1174\">\n<p data-start=\"1117\" data-end=\"1174\"><span dir=\"auto\"><strong>Notas de fondo:<\/strong> \u00e1mbar, vainilla, almizcle.<\/span><\/p>\n<\/li>\n<\/ul>\n","protected":false},"excerpt":{"rendered":"<p>CHAMPIA INTENSE Lujosa, radiante e irresistiblemente elegante Champia Intense\u00a0es una fragancia audaz y a la vez delicada, ideal para mujeres<\/p>\n","protected":false},"featured_media":102230,"comment_status":"open","ping_status":"closed","template":"","meta":{"nf_dc_page":""},"product_brand":[2635],"product_cat":[84],"product_tag":[3493],"class_list":{"0":"post-102229","1":"product","2":"type-product","3":"status-publish","4":"has-post-thumbnail","6":"product_brand-lovali","7":"product_cat-perfumeria","8":"product_tag-3493","10":"first","11":"instock","12":"shipping-taxable","13":"purchasable","14":"product-type-simple"},"_links":{"self":[{"href":"https:\/\/brandss.com.py\/index\/wp-json\/wp\/v2\/product\/102229","targetHints":{"allow":["GET"]}}],"collection":[{"href":"https:\/\/brandss.com.py\/index\/wp-json\/wp\/v2\/product"}],"about":[{"href":"https:\/\/brandss.com.py\/index\/wp-json\/wp\/v2\/types\/product"}],"replies":[{"embeddable":true,"href":"https:\/\/brandss.com.py\/index\/wp-json\/wp\/v2\/comments?post=102229"}],"version-history":[{"count":1,"href":"https:\/\/brandss.com.py\/index\/wp-json\/wp\/v2\/product\/102229\/revisions"}],"predecessor-version":[{"id":102234,"href":"https:\/\/brandss.com.py\/index\/wp-json\/wp\/v2\/product\/102229\/revisions\/102234"}],"wp:featuredmedia":[{"embeddable":true,"href":"https:\/\/brandss.com.py\/index\/wp-json\/wp\/v2\/media\/102230"}],"wp:attachment":[{"href":"https:\/\/brandss.com.py\/index\/wp-json\/wp\/v2\/media?parent=102229"}],"wp:term":[{"taxonomy":"product_brand","embeddable":true,"href":"https:\/\/brandss.com.py\/index\/wp-json\/wp\/v2\/product_brand?post=102229"},{"taxonomy":"product_cat","embeddable":true,"href":"https:\/\/brandss.com.py\/index\/wp-json\/wp\/v2\/product_cat?post=102229"},{"taxonomy":"product_tag","embeddable":true,"href":"https:\/\/brandss.com.py\/index\/wp-json\/wp\/v2\/product_tag?post=102229"}],"curies":[{"name":"wp","href":"https:\/\/api.w.org\/{rel}","templated":true}]}}