{"id":102247,"date":"2026-04-18T13:04:25","date_gmt":"2026-04-18T13:04:25","guid":{"rendered":"https:\/\/brandss.com.py\/index\/?post_type=product&#038;p=102247"},"modified":"2026-04-18T13:10:53","modified_gmt":"2026-04-18T13:10:53","slug":"perfume-masculino-afnan-turathi-brown-edp-90ml","status":"publish","type":"product","link":"https:\/\/brandss.com.py\/index\/producto\/perfume-masculino-afnan-turathi-brown-edp-90ml\/","title":{"rendered":"PERFUME MASCULINO AFNAN TURATHI BROWN EDP 90ML"},"content":{"rendered":"<p><img loading=\"lazy\" decoding=\"async\" class=\"\" src=\"https:\/\/www.961scents.com\/cdn\/shop\/collections\/afnan_logo.png?v=1747839919\" alt=\"V\u00e9saura - Afnan Logo Meaning: Symbolism Behind the Afnan\" width=\"118\" height=\"118\" \/><\/p>\n<h1>TURATHI BROWN<\/h1>\n<p>Experimenta la m\u00e1xima expresi\u00f3n de sofisticaci\u00f3n y refinamiento con Turathi Brown Homme una fragancia audaz y lujosa que encarna la esencia de la masculinidad moderna. Con su car\u00e1cter c\u00e1lido y amaderado, esta fragancia expresa a la perfecci\u00f3n la sofisticaci\u00f3n y el encanto masculino.<img loading=\"lazy\" decoding=\"async\" class=\"alignleft\" src=\"https:\/\/cdn.notinoimg.com\/detail_main_hq\/afnan\/6290171070603_03\/turathi-homme___240924.jpg\" width=\"367\" height=\"459\" \/><\/p>\n<p>&nbsp;<\/p>\n<h3>Notas Olfativas<\/h3>\n<p>&nbsp;<\/p>\n<p>Turathi Brown es una fragancia de la familia olfativa Amaderada Especiada para Hombres. Esta fragrancia es nueva.\u00a0Turathi Brown se lanz\u00f3 en 2023. La fragancia se abre con la profunda y terrosa esencia del seductor pachul\u00ed, perfectamente equilibrada por las refrescantes y et\u00e9reas notas de vigorizantes acordes oz\u00f3nicos y amaderados, que le confieren un atractivo sofisticado y misterioso. Tras un tiempo, la fragancia revela una delicada mezcla de especias frescas y c\u00e1lidas, realzada por el dulce y seductor aroma de la reconfortante vainilla. Las notas de fondo son una seductora combinaci\u00f3n de sensuales acordes bals\u00e1micos, rom\u00e1ntica rosa y refrescantes acordes acu\u00e1ticos, que evocan una sensaci\u00f3n de lujo y elegancia cautivadora.<\/p>\n<p><strong>Notas de salida:<\/strong> \u00e1mbar, pachul\u00ed, notas amaderadas, notas oz\u00f3nicas.<br \/>\n<strong>Notas de coraz\u00f3n:<\/strong> notas especiadas, especias arom\u00e1ticas, vainilla.<br \/>\n<strong>Notas de fondo:<\/strong> notas bals\u00e1micas, rosa, notas acu\u00e1ticas.<\/p>\n","protected":false},"excerpt":{"rendered":"<p>TURATHI BROWN Experimenta la m\u00e1xima expresi\u00f3n de sofisticaci\u00f3n y refinamiento con Turathi Brown Homme una fragancia audaz y lujosa que<\/p>\n","protected":false},"featured_media":102248,"comment_status":"open","ping_status":"closed","template":"","meta":{"nf_dc_page":""},"product_brand":[102],"product_cat":[84],"product_tag":[3496],"class_list":{"0":"post-102247","1":"product","2":"type-product","3":"status-publish","4":"has-post-thumbnail","6":"product_brand-afnan","7":"product_cat-perfumeria","8":"product_tag-3496","10":"first","11":"instock","12":"shipping-taxable","13":"purchasable","14":"product-type-simple"},"_links":{"self":[{"href":"https:\/\/brandss.com.py\/index\/wp-json\/wp\/v2\/product\/102247","targetHints":{"allow":["GET"]}}],"collection":[{"href":"https:\/\/brandss.com.py\/index\/wp-json\/wp\/v2\/product"}],"about":[{"href":"https:\/\/brandss.com.py\/index\/wp-json\/wp\/v2\/types\/product"}],"replies":[{"embeddable":true,"href":"https:\/\/brandss.com.py\/index\/wp-json\/wp\/v2\/comments?post=102247"}],"version-history":[{"count":1,"href":"https:\/\/brandss.com.py\/index\/wp-json\/wp\/v2\/product\/102247\/revisions"}],"predecessor-version":[{"id":102252,"href":"https:\/\/brandss.com.py\/index\/wp-json\/wp\/v2\/product\/102247\/revisions\/102252"}],"wp:featuredmedia":[{"embeddable":true,"href":"https:\/\/brandss.com.py\/index\/wp-json\/wp\/v2\/media\/102248"}],"wp:attachment":[{"href":"https:\/\/brandss.com.py\/index\/wp-json\/wp\/v2\/media?parent=102247"}],"wp:term":[{"taxonomy":"product_brand","embeddable":true,"href":"https:\/\/brandss.com.py\/index\/wp-json\/wp\/v2\/product_brand?post=102247"},{"taxonomy":"product_cat","embeddable":true,"href":"https:\/\/brandss.com.py\/index\/wp-json\/wp\/v2\/product_cat?post=102247"},{"taxonomy":"product_tag","embeddable":true,"href":"https:\/\/brandss.com.py\/index\/wp-json\/wp\/v2\/product_tag?post=102247"}],"curies":[{"name":"wp","href":"https:\/\/api.w.org\/{rel}","templated":true}]}}