{"id":102253,"date":"2026-04-18T13:51:19","date_gmt":"2026-04-18T13:51:19","guid":{"rendered":"https:\/\/brandss.com.py\/index\/?post_type=product&#038;p=102253"},"modified":"2026-04-18T13:52:56","modified_gmt":"2026-04-18T13:52:56","slug":"perfume-masculino-aurora-scents-black-obsidian-edp-100ml","status":"publish","type":"product","link":"https:\/\/brandss.com.py\/index\/producto\/perfume-masculino-aurora-scents-black-obsidian-edp-100ml\/","title":{"rendered":"PERFUME MASCULINO AURORA SCENTS BLACK OBSIDIAN EDP 100ML"},"content":{"rendered":"<p><img loading=\"lazy\" decoding=\"async\" class=\"\" src=\"https:\/\/cdn.salla.sa\/qXKYd\/jpFZ0cHM8LFuRyED3WNTuh8BLwTGV8qvmingpJIW.png\" alt=\"Celestial Collection - Aurora Scents SA\" width=\"198\" height=\"90\" \/><\/p>\n<h1>BLACK OBSIDIAN<\/h1>\n<p>Ad\u00e9ntrate en un mundo de misterio y poder con Black Obsidian. Esta fragancia oscura y audaz combina ricas notas orientales y amaderadas para crear un aroma atrevido, sofisticado e irresistiblemente magn\u00e9tico. Dise\u00f1ada para quienes valoran la confianza y la individualidad, Black Obsidian ofrece una presencia poderosa que deja una huella imborrable. <span dir=\"auto\">Black Obsidian<\/span><span dir=\"auto\">\u00a0es un intenso eau de parfum \u00e1rabe que evoca misterio, fuerza y \u200b\u200bprofundidad. Esta distintiva fragancia \u00e1rabe fue\u00a0<\/span><span dir=\"auto\">creada para quienes desean afirmarse con elegancia y seguridad en s\u00ed mismos<\/span><span dir=\"auto\">, envolvi\u00e9ndose en el rico y sensual aroma caracter\u00edstico de los lujosos perfumes \u00e1rabes.<img loading=\"lazy\" decoding=\"async\" class=\"alignleft\" src=\"https:\/\/oudandbloom.co.uk\/cdn\/shop\/files\/6290360541563.jpg?v=1755588428&amp;width=1080\" width=\"609\" height=\"609\" \/><\/span><\/p>\n<p>Perfecta para veladas, reuniones formales y ocasiones especiales, Aurora Black Obsidian es la fragancia distintiva ideal para quienes desean destacar con confianza y un estilo refinado.<\/p>\n<p>&nbsp;<\/p>\n<h3>Notas Olfativas<\/h3>\n<p>&nbsp;<\/p>\n<p>Black Obsidian es una fragancia de la familia olfativa amaderada arom\u00e1tica para hombres. Esta fragrancia es nueva. Black Obsidian se lanz\u00f3 en 2025. La apertura combina la frescura de la\u00a0bergamota\u00a0con el toque resinoso del\u00a0elem\u00ed. Este acorde crea una sensaci\u00f3n luminosa y ligeramente especiada.<\/p>\n<p>Adem\u00e1s, estas notas iniciales aportan energ\u00eda y elegancia desde el primer instante. A medida que evoluciona, aparece un coraz\u00f3n sofisticado formado por\u00a0pimienta rosa,\u00a0jazm\u00edn sambac\u00a0y\u00a0osmanto. Esta combinaci\u00f3n aporta un equilibrio entre especias y flores que resulta elegante y envolvente. Finalmente, la fragancia se asienta sobre una base profunda con\u00a0pachul\u00ed,\u00a0Helvetolida\u00a0y\u00a0musgo. Estas notas crean una sensaci\u00f3n terrosa, almizclada y muy duradera que define el car\u00e1cter del perfume, creando una estela rica e inolvidable.<\/p>\n<ul>\n<li><strong>Notas de salida:<\/strong> bergamota de italia, mandarina de italia, elem\u00ed.<\/li>\n<li><strong>Notas de coraz\u00f3n:<\/strong> absoluto de jazm\u00edn sambac, osmanto, pimienta rosa SFE.<\/li>\n<li><strong>Notas de fondo:<\/strong> pachul\u00ed de indonesia, ambrox, musgo, helvetolide.<\/li>\n<\/ul>\n","protected":false},"excerpt":{"rendered":"<p>BLACK OBSIDIAN Ad\u00e9ntrate en un mundo de misterio y poder con Black Obsidian. Esta fragancia oscura y audaz combina ricas<\/p>\n","protected":false},"featured_media":102255,"comment_status":"open","ping_status":"closed","template":"","meta":{"nf_dc_page":""},"product_brand":[3497],"product_cat":[84],"product_tag":[3498],"class_list":{"0":"post-102253","1":"product","2":"type-product","3":"status-publish","4":"has-post-thumbnail","6":"product_brand-aurora-scents","7":"product_cat-perfumeria","8":"product_tag-3498","10":"first","11":"instock","12":"shipping-taxable","13":"purchasable","14":"product-type-simple"},"_links":{"self":[{"href":"https:\/\/brandss.com.py\/index\/wp-json\/wp\/v2\/product\/102253","targetHints":{"allow":["GET"]}}],"collection":[{"href":"https:\/\/brandss.com.py\/index\/wp-json\/wp\/v2\/product"}],"about":[{"href":"https:\/\/brandss.com.py\/index\/wp-json\/wp\/v2\/types\/product"}],"replies":[{"embeddable":true,"href":"https:\/\/brandss.com.py\/index\/wp-json\/wp\/v2\/comments?post=102253"}],"version-history":[{"count":1,"href":"https:\/\/brandss.com.py\/index\/wp-json\/wp\/v2\/product\/102253\/revisions"}],"predecessor-version":[{"id":102261,"href":"https:\/\/brandss.com.py\/index\/wp-json\/wp\/v2\/product\/102253\/revisions\/102261"}],"wp:featuredmedia":[{"embeddable":true,"href":"https:\/\/brandss.com.py\/index\/wp-json\/wp\/v2\/media\/102255"}],"wp:attachment":[{"href":"https:\/\/brandss.com.py\/index\/wp-json\/wp\/v2\/media?parent=102253"}],"wp:term":[{"taxonomy":"product_brand","embeddable":true,"href":"https:\/\/brandss.com.py\/index\/wp-json\/wp\/v2\/product_brand?post=102253"},{"taxonomy":"product_cat","embeddable":true,"href":"https:\/\/brandss.com.py\/index\/wp-json\/wp\/v2\/product_cat?post=102253"},{"taxonomy":"product_tag","embeddable":true,"href":"https:\/\/brandss.com.py\/index\/wp-json\/wp\/v2\/product_tag?post=102253"}],"curies":[{"name":"wp","href":"https:\/\/api.w.org\/{rel}","templated":true}]}}