{"id":102262,"date":"2026-04-18T14:47:24","date_gmt":"2026-04-18T14:47:24","guid":{"rendered":"https:\/\/brandss.com.py\/index\/?post_type=product&#038;p=102262"},"modified":"2026-04-18T14:48:00","modified_gmt":"2026-04-18T14:48:00","slug":"perfume-unisex-aurora-scents-cafe-citadel-edp-100ml","status":"publish","type":"product","link":"https:\/\/brandss.com.py\/index\/producto\/perfume-unisex-aurora-scents-cafe-citadel-edp-100ml\/","title":{"rendered":"PERFUME UNISEX AURORA SCENTS CAF\u00c9 CITADEL EDP 100ML"},"content":{"rendered":"<p><img loading=\"lazy\" decoding=\"async\" class=\"\" src=\"https:\/\/cdn.salla.sa\/qXKYd\/jpFZ0cHM8LFuRyED3WNTuh8BLwTGV8qvmingpJIW.png\" alt=\"Celestial Collection - Aurora Scents SA\" width=\"123\" height=\"56\" \/><\/p>\n<h1>CAF\u00c9 CITADEL<\/h1>\n<h6><em><span dir=\"auto\">Una fragancia audaz, compleja y cautivadora que destila la fuerza de la elegancia oriental.<\/span><\/em><\/h6>\n<p><span dir=\"auto\">Es un Eau de Parfum que evoca la imagen de un lujoso refugio de Oriente Medio, donde se fusionan aromas c\u00e1lidos y especias refinadas. Si bien su nombre sugiere caf\u00e9, su composici\u00f3n olfativa es puramente amaderada especiada oriental, centrada en la profundidad de las resinas y las maderas nobles.<img decoding=\"async\" class=\"alignleft\" src=\"https:\/\/arabicparfums.com\/cdn\/shop\/files\/frasco-de-perfume-esf-rico-minimalista-con-ingredientes-naturales.png?v=1771093665&amp;width=800\" \/><\/span><\/p>\n<p><span dir=\"auto\">Caf\u00e9 Citadel<\/span><span dir=\"auto\"> est\u00e1 pensado para quienes buscan un aroma intenso, complejo y duradero, perfecto para expresar la individualidad y causar una gran impresi\u00f3n en las noches fr\u00edas y en eventos sofisticados.\u00a0<\/span><span dir=\"auto\">La esencia de\u00a0<\/span><span dir=\"auto\">Caf\u00e9 Citadel<\/span><span dir=\"auto\"> reside en ingredientes opulentos como el oud y el cuero. Esta fusi\u00f3n crea una fragancia que evoca lujo, sofisticaci\u00f3n y encanto, cualidades muy apreciadas en la perfumer\u00eda de nicho.\u00a0<\/span><span dir=\"auto\">Caf\u00e9 Citadel<\/span><span dir=\"auto\">\u00a0es para quienes no temen destacar. Su base resinosa y amaderada garantiza una proyecci\u00f3n y longevidad propias de la perfumer\u00eda \u00e1rabe de alta calidad, dejando una huella de misterio y refinamiento.<\/span><\/p>\n<p>&nbsp;<\/p>\n<h3>Notas Olfativas<\/h3>\n<p>&nbsp;<\/p>\n<p>Caf\u00e9 Citadel es una fragancia de la familia olfativa oriental amaderada, dise\u00f1ada para hombres y mujeres. Este eau de parfum ofrece una experiencia arom\u00e1tica moderna y envolvente, con un car\u00e1cter c\u00e1lido y sofisticado que destaca por su personalidad \u00fanica. Su aroma duradero y equilibrado lo convierte en una opci\u00f3n ideal tanto para el d\u00eda como para la noche. Caf\u00e9 Citadel tiene u<span dir=\"auto\">na apertura\u00a0<\/span><span dir=\"auto\">vibrante y ligeramente especiada<\/span><span dir=\"auto\">. La pimienta rosa y la bergamota ofrecen una frescura contrastante y chispeante, mientras que la davana a\u00f1ade un toque afrutado, herb\u00e1ceo y licoroso que prepara la piel para las notas orientales. <\/span><span dir=\"auto\">El coraz\u00f3n es el\u00a0<\/span><span dir=\"auto\">n\u00facleo arom\u00e1tico y resinoso<\/span><span dir=\"auto\">. El oud (madera de agar) y el \u00e1mbar aportan riqueza y calidez oriental. El romero y el geranio inyectan una frescura arom\u00e1tica y herbal, mientras que la resina de elem\u00ed complementa con matices bals\u00e1micos y ligeros. <\/span><span dir=\"auto\">La base es\u00a0<\/span><span dir=\"auto\">potente, terrosa y sensual<\/span><span dir=\"auto\">. El cuero aporta una textura seca y elegante. El pachul\u00ed, el cedro y el vetiver dotan a la fragancia de una profundidad amaderada, garantizando una duraci\u00f3n excepcional y una estela de sofisticaci\u00f3n inolvidable.<\/span><\/p>\n<p>&nbsp;<\/p>\n<ul>\n<li><strong>Notas de salida: <\/strong>davana, bergamota de Italia, pimienta rosa, cistus de Espa\u00f1a.<\/li>\n<li><strong>Notas de coraz\u00f3n:<\/strong> \u00e1mbar, romero, oud, elem\u00ed de Filipinas, geranio de Egipto.<\/li>\n<li><strong>Notas de fondo: <\/strong>cuero, vetiver de Hait\u00ed, cedro, pachul\u00ed de Indonesia, almizcle.<\/li>\n<\/ul>\n","protected":false},"excerpt":{"rendered":"<p>CAF\u00c9 CITADEL Una fragancia audaz, compleja y cautivadora que destila la fuerza de la elegancia oriental. Es un Eau de<\/p>\n","protected":false},"featured_media":102263,"comment_status":"open","ping_status":"closed","template":"","meta":{"nf_dc_page":""},"product_brand":[3497],"product_cat":[84],"product_tag":[3499],"class_list":{"0":"post-102262","1":"product","2":"type-product","3":"status-publish","4":"has-post-thumbnail","6":"product_brand-aurora-scents","7":"product_cat-perfumeria","8":"product_tag-3499","10":"first","11":"instock","12":"shipping-taxable","13":"purchasable","14":"product-type-simple"},"_links":{"self":[{"href":"https:\/\/brandss.com.py\/index\/wp-json\/wp\/v2\/product\/102262","targetHints":{"allow":["GET"]}}],"collection":[{"href":"https:\/\/brandss.com.py\/index\/wp-json\/wp\/v2\/product"}],"about":[{"href":"https:\/\/brandss.com.py\/index\/wp-json\/wp\/v2\/types\/product"}],"replies":[{"embeddable":true,"href":"https:\/\/brandss.com.py\/index\/wp-json\/wp\/v2\/comments?post=102262"}],"version-history":[{"count":1,"href":"https:\/\/brandss.com.py\/index\/wp-json\/wp\/v2\/product\/102262\/revisions"}],"predecessor-version":[{"id":102270,"href":"https:\/\/brandss.com.py\/index\/wp-json\/wp\/v2\/product\/102262\/revisions\/102270"}],"wp:featuredmedia":[{"embeddable":true,"href":"https:\/\/brandss.com.py\/index\/wp-json\/wp\/v2\/media\/102263"}],"wp:attachment":[{"href":"https:\/\/brandss.com.py\/index\/wp-json\/wp\/v2\/media?parent=102262"}],"wp:term":[{"taxonomy":"product_brand","embeddable":true,"href":"https:\/\/brandss.com.py\/index\/wp-json\/wp\/v2\/product_brand?post=102262"},{"taxonomy":"product_cat","embeddable":true,"href":"https:\/\/brandss.com.py\/index\/wp-json\/wp\/v2\/product_cat?post=102262"},{"taxonomy":"product_tag","embeddable":true,"href":"https:\/\/brandss.com.py\/index\/wp-json\/wp\/v2\/product_tag?post=102262"}],"curies":[{"name":"wp","href":"https:\/\/api.w.org\/{rel}","templated":true}]}}