{"id":102271,"date":"2026-04-18T16:38:45","date_gmt":"2026-04-18T16:38:45","guid":{"rendered":"https:\/\/brandss.com.py\/index\/?post_type=product&#038;p=102271"},"modified":"2026-04-18T16:39:03","modified_gmt":"2026-04-18T16:39:03","slug":"perfume-femenino-aurora-scents-cleopatra-edp-100ml","status":"publish","type":"product","link":"https:\/\/brandss.com.py\/index\/producto\/perfume-femenino-aurora-scents-cleopatra-edp-100ml\/","title":{"rendered":"PERFUME FEMENINO AURORA SCENTS CLEOPATRA EDP 100ML"},"content":{"rendered":"<p><img loading=\"lazy\" decoding=\"async\" class=\"\" src=\"https:\/\/cdn.salla.sa\/qXKYd\/jpFZ0cHM8LFuRyED3WNTuh8BLwTGV8qvmingpJIW.png\" alt=\"Celestial Collection - Aurora Scents SA\" width=\"152\" height=\"69\" \/><\/p>\n<h1>CLEOPATRA<\/h1>\n<p>Encarna la esencia de la realeza con una armoniosa mezcla de acordes florales y orientales. D\u00e9jese seducir por su encantador aroma que perdura elegantemente durante todo el d\u00eda, dejando una impresi\u00f3n imborrable all\u00e1 donde vaya.<img loading=\"lazy\" decoding=\"async\" class=\"alignleft\" src=\"https:\/\/d2j6dbq0eux0bg.cloudfront.net\/images\/95275591\/4047342576.jpg\" width=\"630\" height=\"630\" \/><\/p>\n<p>Reg\u00e1lales a tus sentidos una experiencia gourmand. El eau de parfum para mujer Cleopatra esconde en su interior unas deliciosas notas que te resultar\u00e1n irresistibles. Especialmente si te encantan los manjares dulces.<\/p>\n<p><span dir=\"auto\">Cleopatra te invita a encarnar la esencia de una reina, a lucir la fragante corona de una \u00e9poca fascinante y a conectar con la belleza atemporal que se refleja en las arenas de la historia.<\/span><\/p>\n<p>&nbsp;<\/p>\n<h3>Notas Olfativas<\/h3>\n<p>&nbsp;<\/p>\n<p><span dir=\"auto\">Cleopatra es una oda arom\u00e1tica al encanto atemporal de la reina egipcia. En su punto \u00e1lgido, las notas de salida de cedro y flor de naranjo tejen un tapiz regio: un homenaje arom\u00e1tico al majestuoso reino de Cleopatra.<\/span><br \/>\n<span dir=\"auto\">En el coraz\u00f3n de este imperio olfativo, las notas solares, florales, de rosa y de nardo se despliegan como un jard\u00edn en plena floraci\u00f3n, capturando la esencia de la magn\u00e9tica presencia de Cleopatra bajo el sol egipcio.<\/span><\/p>\n<p><span dir=\"auto\">A medida que la fragancia alcanza su cl\u00edmax, las notas de fondo de vainilla, almizcle y orientales crean un aura embriagadora: un legado arom\u00e1tico que perdura en la piel.\u00a0<\/span><\/p>\n<p><strong><span dir=\"auto\">Notas de salida: <\/span><\/strong><span dir=\"auto\">cedro, flor de naranjo.<\/span><\/p>\n<p><strong><span dir=\"auto\">Notas de coraz\u00f3n: <\/span><\/strong><span dir=\"auto\">nardos, notas solares, notas florales, rosa.<\/span><\/p>\n<p><strong><span dir=\"auto\">Notas de fondo: <\/span><\/strong><span dir=\"auto\">almizcle, \u00e1mbar, vainilla.<\/span><\/p>\n","protected":false},"excerpt":{"rendered":"<p>CLEOPATRA Encarna la esencia de la realeza con una armoniosa mezcla de acordes florales y orientales. D\u00e9jese seducir por su<\/p>\n","protected":false},"featured_media":102272,"comment_status":"open","ping_status":"closed","template":"","meta":{"nf_dc_page":""},"product_brand":[3497],"product_cat":[84],"product_tag":[3500],"class_list":{"0":"post-102271","1":"product","2":"type-product","3":"status-publish","4":"has-post-thumbnail","6":"product_brand-aurora-scents","7":"product_cat-perfumeria","8":"product_tag-3500","10":"first","11":"instock","12":"shipping-taxable","13":"purchasable","14":"product-type-simple"},"_links":{"self":[{"href":"https:\/\/brandss.com.py\/index\/wp-json\/wp\/v2\/product\/102271","targetHints":{"allow":["GET"]}}],"collection":[{"href":"https:\/\/brandss.com.py\/index\/wp-json\/wp\/v2\/product"}],"about":[{"href":"https:\/\/brandss.com.py\/index\/wp-json\/wp\/v2\/types\/product"}],"replies":[{"embeddable":true,"href":"https:\/\/brandss.com.py\/index\/wp-json\/wp\/v2\/comments?post=102271"}],"version-history":[{"count":1,"href":"https:\/\/brandss.com.py\/index\/wp-json\/wp\/v2\/product\/102271\/revisions"}],"predecessor-version":[{"id":102276,"href":"https:\/\/brandss.com.py\/index\/wp-json\/wp\/v2\/product\/102271\/revisions\/102276"}],"wp:featuredmedia":[{"embeddable":true,"href":"https:\/\/brandss.com.py\/index\/wp-json\/wp\/v2\/media\/102272"}],"wp:attachment":[{"href":"https:\/\/brandss.com.py\/index\/wp-json\/wp\/v2\/media?parent=102271"}],"wp:term":[{"taxonomy":"product_brand","embeddable":true,"href":"https:\/\/brandss.com.py\/index\/wp-json\/wp\/v2\/product_brand?post=102271"},{"taxonomy":"product_cat","embeddable":true,"href":"https:\/\/brandss.com.py\/index\/wp-json\/wp\/v2\/product_cat?post=102271"},{"taxonomy":"product_tag","embeddable":true,"href":"https:\/\/brandss.com.py\/index\/wp-json\/wp\/v2\/product_tag?post=102271"}],"curies":[{"name":"wp","href":"https:\/\/api.w.org\/{rel}","templated":true}]}}