{"id":102277,"date":"2026-04-18T16:55:45","date_gmt":"2026-04-18T16:55:45","guid":{"rendered":"https:\/\/brandss.com.py\/index\/?post_type=product&#038;p=102277"},"modified":"2026-04-18T16:56:19","modified_gmt":"2026-04-18T16:56:19","slug":"perfume-masculino-aurora-scents-pharaoh-edp-100ml","status":"publish","type":"product","link":"https:\/\/brandss.com.py\/index\/producto\/perfume-masculino-aurora-scents-pharaoh-edp-100ml\/","title":{"rendered":"PERFUME MASCULINO AURORA SCENTS PHARAOH EDP 100ML"},"content":{"rendered":"<p><img loading=\"lazy\" decoding=\"async\" class=\"\" src=\"https:\/\/cdn.salla.sa\/qXKYd\/jpFZ0cHM8LFuRyED3WNTuh8BLwTGV8qvmingpJIW.png\" alt=\"Celestial Collection - Aurora Scents SA\" width=\"97\" height=\"44\" \/><\/p>\n<h1>PHARAOH<\/h1>\n<p>Es una fragancia imponente y opulenta que evoca la grandeza y el misticismo del antiguo Egipto. Dise\u00f1ada para el hombre moderno que irradia confianza y fortaleza, esta fragancia rinde homenaje a la masculinidad atemporal y la elegancia regia. Por altas que sean tus metas, ninguna de ellas te ser\u00e1 inalcanzable.<img loading=\"lazy\" decoding=\"async\" class=\"alignleft\" src=\"https:\/\/cdn.notinoimg.com\/detail_main_hq\/aurora\/6290360541075_03\/pharaoh___240912.jpg\" width=\"584\" height=\"584\" \/><\/p>\n<p>El eau de parfum para hombre Aurora Pharaoh contiene una gran dosis de determinaci\u00f3n. Tan solo unas gotas sobre tu piel te infundir\u00e1n el coraje necesario para dar otro paso m\u00e1s para hacer realidad tus sue\u00f1os.<\/p>\n<p>Una fragancia imponente para hombres que buscan sofisticaci\u00f3n, confianza y un aroma distintivo e inolvidable.<\/p>\n<p>&nbsp;<\/p>\n<h3>Notas Olfativas<\/h3>\n<p>&nbsp;<\/p>\n<p>Aurora Pharaoh se inspira en la grandeza del antiguo Egipto, encarnando un lujo audaz y una fuerza atemporal. Dise\u00f1ada para el hombre moderno que irradia fuerza y \u200b\u200bconfianza, esta rica fragancia oriental especiada se abre con c\u00e1lidas notas de canela, nuez moscada y cardamomo. Su refinado coraz\u00f3n de lavanda se funde con una sensual base de \u00e1mbar, almizcle y vainilla, dejando una estela sofisticada y duradera. Perfecta para ocasiones formales o para realzar el estilo diario, Aurora Pharaoh es una declaraci\u00f3n de elegancia, tradici\u00f3n y un estilo inconfundible.<\/p>\n<ul>\n<li><strong><span dir=\"auto\">Notas de salida:<\/span><\/strong><span dir=\"auto\"> canela, nuez moscada, cardamomo.<\/span><\/li>\n<li><strong><span dir=\"auto\">Nota de coraz\u00f3n:<\/span><\/strong><span dir=\"auto\"> lavanda.<\/span><\/li>\n<li><strong><span dir=\"auto\">Notas de fondo:<\/span><\/strong><span dir=\"auto\"> s\u00e1ndalo, \u00e1mbar, pachul\u00ed, vetiver haitiano.<\/span><\/li>\n<\/ul>\n","protected":false},"excerpt":{"rendered":"<p>PHARAOH Es una fragancia imponente y opulenta que evoca la grandeza y el misticismo del antiguo Egipto. Dise\u00f1ada para el<\/p>\n","protected":false},"featured_media":102278,"comment_status":"open","ping_status":"closed","template":"","meta":{"nf_dc_page":""},"product_brand":[3497],"product_cat":[84],"product_tag":[3501],"class_list":{"0":"post-102277","1":"product","2":"type-product","3":"status-publish","4":"has-post-thumbnail","6":"product_brand-aurora-scents","7":"product_cat-perfumeria","8":"product_tag-3501","10":"first","11":"instock","12":"shipping-taxable","13":"purchasable","14":"product-type-simple"},"_links":{"self":[{"href":"https:\/\/brandss.com.py\/index\/wp-json\/wp\/v2\/product\/102277","targetHints":{"allow":["GET"]}}],"collection":[{"href":"https:\/\/brandss.com.py\/index\/wp-json\/wp\/v2\/product"}],"about":[{"href":"https:\/\/brandss.com.py\/index\/wp-json\/wp\/v2\/types\/product"}],"replies":[{"embeddable":true,"href":"https:\/\/brandss.com.py\/index\/wp-json\/wp\/v2\/comments?post=102277"}],"version-history":[{"count":1,"href":"https:\/\/brandss.com.py\/index\/wp-json\/wp\/v2\/product\/102277\/revisions"}],"predecessor-version":[{"id":102282,"href":"https:\/\/brandss.com.py\/index\/wp-json\/wp\/v2\/product\/102277\/revisions\/102282"}],"wp:featuredmedia":[{"embeddable":true,"href":"https:\/\/brandss.com.py\/index\/wp-json\/wp\/v2\/media\/102278"}],"wp:attachment":[{"href":"https:\/\/brandss.com.py\/index\/wp-json\/wp\/v2\/media?parent=102277"}],"wp:term":[{"taxonomy":"product_brand","embeddable":true,"href":"https:\/\/brandss.com.py\/index\/wp-json\/wp\/v2\/product_brand?post=102277"},{"taxonomy":"product_cat","embeddable":true,"href":"https:\/\/brandss.com.py\/index\/wp-json\/wp\/v2\/product_cat?post=102277"},{"taxonomy":"product_tag","embeddable":true,"href":"https:\/\/brandss.com.py\/index\/wp-json\/wp\/v2\/product_tag?post=102277"}],"curies":[{"name":"wp","href":"https:\/\/api.w.org\/{rel}","templated":true}]}}