{"id":102283,"date":"2026-04-18T17:18:37","date_gmt":"2026-04-18T17:18:37","guid":{"rendered":"https:\/\/brandss.com.py\/index\/?post_type=product&#038;p=102283"},"modified":"2026-04-18T17:23:02","modified_gmt":"2026-04-18T17:23:02","slug":"perfume-unisex-aurora-scents-vanilla-espresso-edp-100ml","status":"publish","type":"product","link":"https:\/\/brandss.com.py\/index\/producto\/perfume-unisex-aurora-scents-vanilla-espresso-edp-100ml\/","title":{"rendered":"PERFUME UNISEX AURORA SCENTS VANILLA ESPRESSO EDP 100ML"},"content":{"rendered":"<p><img loading=\"lazy\" decoding=\"async\" class=\"\" src=\"https:\/\/cdn.salla.sa\/qXKYd\/jpFZ0cHM8LFuRyED3WNTuh8BLwTGV8qvmingpJIW.png\" alt=\"Celestial Collection - Aurora Scents SA\" width=\"143\" height=\"65\" \/><\/p>\n<h1>VANILLA ESPRESSO<\/h1>\n<h5><em>una delicia dulce y amarga<\/em><\/h5>\n<p>Un aroma que combina la suavidad gourmet de la vainilla con el amargor del espresso y el juego de dulces tentaciones. <span class=\"notranslate\">Vanilla Espresso<\/span>\u00a0es una fragancia sensual, gourmand y expresiva, tanto para mujeres como para hombres. Esta fragancia te invita a un viaje gourmet, donde se fusionan la c\u00e1lida frescura c\u00edtrica, las dulces notas de caramelo y una profunda y duradera estela de vainilla y madera. Esta fragancia es una taza de caf\u00e9 en un ambiente lujoso, acompa\u00f1ada de delicados postres y emociones refinadas.<img loading=\"lazy\" decoding=\"async\" class=\"alignleft\" src=\"https:\/\/arabicparfums.com\/cdn\/shop\/files\/frasco-de-perfume-esf-rico-minimalista-con-ingredientes-naturales_782e7710-89ff-4151-bc95-c0f586716699.png?v=1771093700&amp;width=800\" width=\"693\" height=\"693\" \/><\/p>\n<p>&nbsp;<\/p>\n<h3>Notas Olfativas<\/h3>\n<p>&nbsp;<\/p>\n<p>Vanilla Espresso es una exquisita fragancia unisex que a primera vista, la frescura de la mandarina\u00a0irrumpe, contrastando sutilmente con el aroma c\u00e1lido e intrigante\u00a0del co\u00f1ac. Este acorde inicial crea una impresi\u00f3n elegante y refinada, como el primer sorbo de una bebida cara.<\/p>\n<p>El coraz\u00f3n de la fragancia revela una combinaci\u00f3n exquisita, el caramelo\u00a0y\u00a0el pralin\u00e9\u00a0crean la sensaci\u00f3n de un postre derretido, mientras que\u00a0la flor de azahar aporta ligereza, elegancia floral y un brillo fresco. Este coraz\u00f3n es un momento dulce, c\u00e1lido y acogedor, lleno de armon\u00eda.<\/p>\n<p>La fase final est\u00e1 dominada por una suave vainilla\u00a0dulce, complementada con una elegante nota\u00a0de crema Chantilly,\u00a0es como un postre preparado con cari\u00f1o. El cachalox\u00a0(una alternativa al \u00e1mbar gris) y\u00a0el cedro\u00a0aportan un fondo c\u00e1lido, ligeramente seco y amaderado que consolida la profundidad del aroma y su perdurable impacto.<\/p>\n<div>\n<h3><\/h3>\n<ul>\n<li><strong>Notas de salida:<\/strong>\u00a0mandarinas, co\u00f1ac.<\/li>\n<li><strong>Notas de coraz\u00f3n:<\/strong>\u00a0caramelo, pralin\u00e9, flor de naranja.<\/li>\n<li><strong>Notas de fondo:<\/strong> cachalox, crema chantilly, vainilla, madera de cedro.<\/li>\n<\/ul>\n<\/div>\n","protected":false},"excerpt":{"rendered":"<p>VANILLA ESPRESSO una delicia dulce y amarga Un aroma que combina la suavidad gourmet de la vainilla con el amargor<\/p>\n","protected":false},"featured_media":102284,"comment_status":"open","ping_status":"closed","template":"","meta":{"nf_dc_page":""},"product_brand":[3497],"product_cat":[84],"product_tag":[3502],"class_list":{"0":"post-102283","1":"product","2":"type-product","3":"status-publish","4":"has-post-thumbnail","6":"product_brand-aurora-scents","7":"product_cat-perfumeria","8":"product_tag-3502","10":"first","11":"instock","12":"shipping-taxable","13":"purchasable","14":"product-type-simple"},"_links":{"self":[{"href":"https:\/\/brandss.com.py\/index\/wp-json\/wp\/v2\/product\/102283","targetHints":{"allow":["GET"]}}],"collection":[{"href":"https:\/\/brandss.com.py\/index\/wp-json\/wp\/v2\/product"}],"about":[{"href":"https:\/\/brandss.com.py\/index\/wp-json\/wp\/v2\/types\/product"}],"replies":[{"embeddable":true,"href":"https:\/\/brandss.com.py\/index\/wp-json\/wp\/v2\/comments?post=102283"}],"version-history":[{"count":1,"href":"https:\/\/brandss.com.py\/index\/wp-json\/wp\/v2\/product\/102283\/revisions"}],"predecessor-version":[{"id":102288,"href":"https:\/\/brandss.com.py\/index\/wp-json\/wp\/v2\/product\/102283\/revisions\/102288"}],"wp:featuredmedia":[{"embeddable":true,"href":"https:\/\/brandss.com.py\/index\/wp-json\/wp\/v2\/media\/102284"}],"wp:attachment":[{"href":"https:\/\/brandss.com.py\/index\/wp-json\/wp\/v2\/media?parent=102283"}],"wp:term":[{"taxonomy":"product_brand","embeddable":true,"href":"https:\/\/brandss.com.py\/index\/wp-json\/wp\/v2\/product_brand?post=102283"},{"taxonomy":"product_cat","embeddable":true,"href":"https:\/\/brandss.com.py\/index\/wp-json\/wp\/v2\/product_cat?post=102283"},{"taxonomy":"product_tag","embeddable":true,"href":"https:\/\/brandss.com.py\/index\/wp-json\/wp\/v2\/product_tag?post=102283"}],"curies":[{"name":"wp","href":"https:\/\/api.w.org\/{rel}","templated":true}]}}