{"id":102297,"date":"2026-04-18T18:20:20","date_gmt":"2026-04-18T18:20:20","guid":{"rendered":"https:\/\/brandss.com.py\/index\/?post_type=product&#038;p=102297"},"modified":"2026-04-18T18:20:58","modified_gmt":"2026-04-18T18:20:58","slug":"perfume-femenino-lattafa-pride-queen-of-roses-edp-100ml","status":"publish","type":"product","link":"https:\/\/brandss.com.py\/index\/producto\/perfume-femenino-lattafa-pride-queen-of-roses-edp-100ml\/","title":{"rendered":"PERFUME FEMENINO LATTAFA PRIDE QUEEN OF ROSES EDP 100ML"},"content":{"rendered":"<p><img loading=\"lazy\" decoding=\"async\" class=\"\" src=\"https:\/\/cdn.salla.sa\/qXKYd\/jpFZ0cHM8LFuRyED3WNTuh8BLwTGV8qvmingpJIW.png\" alt=\"Celestial Collection - Aurora Scents SA\" width=\"116\" height=\"53\" \/><\/p>\n<h1>QUEEN OF ROSES<\/h1>\n<p>Es una fragancia lujosa y cautivadora que celebra la feminidad, la elegancia y el poder en cada aplicaci\u00f3n. Dise\u00f1ada para quienes adoran los ricos aromas florales con una profundidad c\u00e1lida y sensual, esta Eau de Parfum es una declaraci\u00f3n de confianza y belleza atemporal.<img decoding=\"async\" class=\"alignleft\" src=\"https:\/\/arabicparfums.com\/cdn\/shop\/files\/perfume-con-notas-de-pimienta-rosa-pachul-rosa-almizcle-vainilla-y-mbar_505ab80c-a755-41b1-b97a-40e14827b08c_512x512.png?v=1773248434\" \/><\/p>\n<p><span dir=\"auto\">Queen Of Roses, <\/span><span dir=\"auto\">rinde homenaje a la belleza atemporal de la rosa, reinventada para el conocedor moderno. Dise\u00f1ado para quienes valoran la elegancia y la confianza, este perfume encarna una sofisticaci\u00f3n regia que atrae todas las miradas con discreci\u00f3n. Como parte de la prestigiosa colecci\u00f3n\u00a0<\/span><span dir=\"auto\">Lattafa Pride\u00a0<\/span><span dir=\"auto\">, ofrece una calidad y un empaque de alta gama.<\/span><\/p>\n<p>El eau de parfum para mujer Queen Of Roses te acariciar\u00e1 como un jersey de cachemira y avivar\u00e1 tus sentidos. Envu\u00e9lvete en su embriagador aroma siempre que desees sentirte mimada.<\/p>\n<p>&nbsp;<\/p>\n<h3>Notas Olfativas<\/h3>\n<p>&nbsp;<\/p>\n<p><span dir=\"auto\">Queen of Roses, de la colecci\u00f3n Lattafa Pride, es una fragancia majestuosa que celebra la rosa en su forma m\u00e1s poderosa y cautivadora. Se abre con un toque sofisticado de pimienta rosa y la inmediata y aterciopelada caricia de la rosa.\u00a0<\/span><\/p>\n<p><span dir=\"auto\">El coraz\u00f3n de la fragancia adquiere un matiz m\u00e1s oscuro y ex\u00f3tico, mezclando el pachul\u00ed terroso con la calidez dorada y amaderada del azafr\u00e1n para crear una atm\u00f3sfera majestuosa e indulgente.\u00a0<\/span><\/p>\n<p><span dir=\"auto\">Al asentarse, la fragancia se asienta en una base profunda y potente de vainilla cremosa, \u00e1mbar y almizcle. Se trata de una opulenta composici\u00f3n unisex, creada para quienes desean proyectar un aura de misterio y elegancia atemporal.<\/span><\/p>\n<ul>\n<li dir=\"ltr\" role=\"presentation\"><strong><span dir=\"auto\">Notas de salida: <\/span><\/strong><span dir=\"auto\">p<\/span><span dir=\"auto\">imienta rosa, rosa.<\/span><\/li>\n<li dir=\"ltr\" role=\"presentation\"><strong><span dir=\"auto\">Notas de coraz\u00f3n: <\/span><\/strong><span dir=\"auto\">pachul\u00ed, azafr\u00e1n.<\/span><\/li>\n<li dir=\"ltr\" role=\"presentation\"><strong><span dir=\"auto\">Notas de fondo:<\/span><\/strong><span dir=\"auto\"> almizcle, vainilla, \u00e1mbar.<\/span><\/li>\n<\/ul>\n","protected":false},"excerpt":{"rendered":"<p>QUEEN OF ROSES Es una fragancia lujosa y cautivadora que celebra la feminidad, la elegancia y el poder en cada<\/p>\n","protected":false},"featured_media":102298,"comment_status":"open","ping_status":"closed","template":"","meta":{"nf_dc_page":""},"product_brand":[109],"product_cat":[84],"product_tag":[3504],"class_list":{"0":"post-102297","1":"product","2":"type-product","3":"status-publish","4":"has-post-thumbnail","6":"product_brand-lattafa","7":"product_cat-perfumeria","8":"product_tag-3504","10":"first","11":"instock","12":"shipping-taxable","13":"purchasable","14":"product-type-simple"},"_links":{"self":[{"href":"https:\/\/brandss.com.py\/index\/wp-json\/wp\/v2\/product\/102297","targetHints":{"allow":["GET"]}}],"collection":[{"href":"https:\/\/brandss.com.py\/index\/wp-json\/wp\/v2\/product"}],"about":[{"href":"https:\/\/brandss.com.py\/index\/wp-json\/wp\/v2\/types\/product"}],"replies":[{"embeddable":true,"href":"https:\/\/brandss.com.py\/index\/wp-json\/wp\/v2\/comments?post=102297"}],"version-history":[{"count":1,"href":"https:\/\/brandss.com.py\/index\/wp-json\/wp\/v2\/product\/102297\/revisions"}],"predecessor-version":[{"id":102305,"href":"https:\/\/brandss.com.py\/index\/wp-json\/wp\/v2\/product\/102297\/revisions\/102305"}],"wp:featuredmedia":[{"embeddable":true,"href":"https:\/\/brandss.com.py\/index\/wp-json\/wp\/v2\/media\/102298"}],"wp:attachment":[{"href":"https:\/\/brandss.com.py\/index\/wp-json\/wp\/v2\/media?parent=102297"}],"wp:term":[{"taxonomy":"product_brand","embeddable":true,"href":"https:\/\/brandss.com.py\/index\/wp-json\/wp\/v2\/product_brand?post=102297"},{"taxonomy":"product_cat","embeddable":true,"href":"https:\/\/brandss.com.py\/index\/wp-json\/wp\/v2\/product_cat?post=102297"},{"taxonomy":"product_tag","embeddable":true,"href":"https:\/\/brandss.com.py\/index\/wp-json\/wp\/v2\/product_tag?post=102297"}],"curies":[{"name":"wp","href":"https:\/\/api.w.org\/{rel}","templated":true}]}}