{"id":102313,"date":"2026-04-20T11:08:44","date_gmt":"2026-04-20T11:08:44","guid":{"rendered":"https:\/\/brandss.com.py\/index\/?post_type=product&#038;p=102313"},"modified":"2026-04-20T11:09:04","modified_gmt":"2026-04-20T11:09:04","slug":"perfume-unisex-orientica-royal-collection-monarch-edp-80ml","status":"publish","type":"product","link":"https:\/\/brandss.com.py\/index\/producto\/perfume-unisex-orientica-royal-collection-monarch-edp-80ml\/","title":{"rendered":"PERFUME UNISEX ORIENTICA ROYAL COLLECTION MONARCH EDP 80ML"},"content":{"rendered":"<p><img loading=\"lazy\" decoding=\"async\" class=\"\" src=\"https:\/\/perfumescorp.com\/cdn\/shop\/collections\/Orientica-logo-d7b15f-200x200.png?v=1695326791\" alt=\"Orientica \u2013 Perfumes Corp\" width=\"98\" height=\"98\" \/><\/p>\n<h1>MONARCH<\/h1>\n<p>Descubre la elegancia suprema con\u00a0Monarch, una fragancia majestuosa que irradia poder, sofisticaci\u00f3n y distinci\u00f3n. Dise\u00f1ada para quienes se sienten reinas de cada momento, Monarch combina notas regias y envolventes para una presencia inolvidable. Deja que Monarch se convierta en tu s\u00edmbolo de confianza y sofisticaci\u00f3n. Ll\u00e9valo cuando quieras sentirte elevada, elegante e inolvidable, donde la fuerza se une a la gracia en perfecta armon\u00eda.<img loading=\"lazy\" decoding=\"async\" class=\"alignleft\" src=\"https:\/\/fandi-perfume.com\/cdn\/shop\/files\/orientica-monarch-1220823119.png?v=1770954748&amp;width=1946\" width=\"438\" height=\"438\" \/><\/p>\n<p>&nbsp;<\/p>\n<h3>Notas Olfativas<\/h3>\n<p>&nbsp;<\/p>\n<p><span dir=\"auto\">Un silencio se instala mientras la autoridad impregna el ambiente. La brillante mandarina y la bergamota se abren paso con precisi\u00f3n, realzadas por un sutil toque de pimienta rosa. En su esencia,\u00a0<\/span><span dir=\"auto\">Royal Collection Monarch<\/span><span dir=\"auto\">\u00a0revela una calidez serena donde el \u00e1mbar seco ancla delicadas flores de pera y lirio del valle, aportando estructura en lugar de suavidad. Al asentarse, el \u00e1mbar gris y el almizcle dejan una estela poderosa y disciplinada, suave, duradera e inconfundiblemente imponente. Una fragancia forjada por la confianza, la sobriedad y la fuerza silenciosa de quienes gobiernan con su sola presencia.<\/span><\/p>\n<p>El perfume Royal Collection Monarch de Orientica es una fragancia de la familia olfativa oriental amaderada para hombres y mujeres, ideal para uso diario o ocasiones especiales.<\/p>\n<ul>\n<li><strong>Notas de salida: <\/strong>bergamota, mandarina, pimienta rosa.<\/li>\n<li><strong>Notas del coraz\u00f3n:<\/strong> lirio de los valles, peral, \u00e1mbar.<\/li>\n<li><strong>Notas de fondo:<\/strong> \u00e1mbar gris, almizcle.<\/li>\n<\/ul>\n","protected":false},"excerpt":{"rendered":"<p>MONARCH Descubre la elegancia suprema con\u00a0Monarch, una fragancia majestuosa que irradia poder, sofisticaci\u00f3n y distinci\u00f3n. Dise\u00f1ada para quienes se sienten<\/p>\n","protected":false},"featured_media":102314,"comment_status":"open","ping_status":"closed","template":"","meta":{"nf_dc_page":""},"product_brand":[896],"product_cat":[84],"product_tag":[3506],"class_list":{"0":"post-102313","1":"product","2":"type-product","3":"status-publish","4":"has-post-thumbnail","6":"product_brand-orientica","7":"product_cat-perfumeria","8":"product_tag-3506","10":"first","11":"instock","12":"shipping-taxable","13":"purchasable","14":"product-type-simple"},"_links":{"self":[{"href":"https:\/\/brandss.com.py\/index\/wp-json\/wp\/v2\/product\/102313","targetHints":{"allow":["GET"]}}],"collection":[{"href":"https:\/\/brandss.com.py\/index\/wp-json\/wp\/v2\/product"}],"about":[{"href":"https:\/\/brandss.com.py\/index\/wp-json\/wp\/v2\/types\/product"}],"replies":[{"embeddable":true,"href":"https:\/\/brandss.com.py\/index\/wp-json\/wp\/v2\/comments?post=102313"}],"version-history":[{"count":1,"href":"https:\/\/brandss.com.py\/index\/wp-json\/wp\/v2\/product\/102313\/revisions"}],"predecessor-version":[{"id":102318,"href":"https:\/\/brandss.com.py\/index\/wp-json\/wp\/v2\/product\/102313\/revisions\/102318"}],"wp:featuredmedia":[{"embeddable":true,"href":"https:\/\/brandss.com.py\/index\/wp-json\/wp\/v2\/media\/102314"}],"wp:attachment":[{"href":"https:\/\/brandss.com.py\/index\/wp-json\/wp\/v2\/media?parent=102313"}],"wp:term":[{"taxonomy":"product_brand","embeddable":true,"href":"https:\/\/brandss.com.py\/index\/wp-json\/wp\/v2\/product_brand?post=102313"},{"taxonomy":"product_cat","embeddable":true,"href":"https:\/\/brandss.com.py\/index\/wp-json\/wp\/v2\/product_cat?post=102313"},{"taxonomy":"product_tag","embeddable":true,"href":"https:\/\/brandss.com.py\/index\/wp-json\/wp\/v2\/product_tag?post=102313"}],"curies":[{"name":"wp","href":"https:\/\/api.w.org\/{rel}","templated":true}]}}