{"id":102333,"date":"2026-04-20T12:21:40","date_gmt":"2026-04-20T12:21:40","guid":{"rendered":"https:\/\/brandss.com.py\/index\/?post_type=product&#038;p=102333"},"modified":"2026-04-20T12:22:02","modified_gmt":"2026-04-20T12:22:02","slug":"perfume-femenino-rasasi-hawas-diva-edp-100ml","status":"publish","type":"product","link":"https:\/\/brandss.com.py\/index\/producto\/perfume-femenino-rasasi-hawas-diva-edp-100ml\/","title":{"rendered":"PERFUME FEMENINO RASASI HAWAS DIVA EDP 100ML"},"content":{"rendered":"<p><img loading=\"lazy\" decoding=\"async\" class=\"\" src=\"https:\/\/cdn.salla.sa\/lGDEen\/8XjQ1KX2sf1a4gGbOZm2bMHKxbvQ7jEvGMI60l7j.png\" alt=\"PERFUME MASCULINO RASASI HAWAS FOR HIM EDP 100ML \u2013 Brands\" width=\"66\" height=\"38\" \/><\/p>\n<h1>HAWAS DIVA<\/h1>\n<p>Es una fragancia afrutada y amaderada para mujer. Este perfume est\u00e1 pensado para la mujer moderna que busca llamar la atenci\u00f3n con discreci\u00f3n. Combina el arte tradicional de la perfumer\u00eda \u00e1rabe con un toque contempor\u00e1neo, mezclando delicadas notas florales con \u00e1mbar y vainilla. Deja una estela exquisita e inolvidable que evoca sofisticaci\u00f3n y originalidad.<img loading=\"lazy\" decoding=\"async\" class=\"alignleft\" src=\"https:\/\/www.bjutip.com\/image\/cache\/catalog\/Perfumes\/Women\/614514331088_7-800x800.jpg\" width=\"744\" height=\"744\" \/><\/p>\n<p>Hawas Diva est\u00e1 dise\u00f1ada para mujeres que buscan una fragancia lujosa y vers\u00e1til, ideal para el uso diario, ocasiones especiales o eventos nocturnos. Su proyecci\u00f3n moderada la hace perceptible sin resultar abrumadora.<\/p>\n<p>&nbsp;<\/p>\n<h3>Notas Olfativas<\/h3>\n<p>&nbsp;<\/p>\n<p><span dir=\"auto\">Hawas Diva Eau de Parfum<\/span><span dir=\"auto\">, una sofisticada\u00a0<\/span><span dir=\"auto\">fragancia femenina<\/span><span dir=\"auto\">\u00a0que pertenece a la\u00a0familia\u00a0<\/span><span dir=\"auto\">olfativa floral oriental<\/span><span dir=\"auto\">. <\/span><span dir=\"auto\">Esta fragancia comienza con un vibrante susurro de lichi, frutos rojos y ruibarbo, que le confiere un toque divertido y elegante que sin duda te encantar\u00e1. Imagina la suave dulzura del lichi maduro mezclada con la acidez de las bayas y un toque de la delicada acidez del ruibarbo. Es luminosa pero con car\u00e1cter, expresando tanto vitalidad juvenil como un encanto sofisticado.\u00a0<\/span><\/p>\n<p dir=\"ltr\"><span dir=\"auto\">A medida que la fragancia se desarrolla, emerge un rico coraz\u00f3n de madera de cedro, incienso y rosa. La rosa a\u00f1ade un toque de encanto cl\u00e1sico, mientras que la madera de cedro le aporta cuerpo y estructura. El incienso le confiere una delicada y m\u00e1gica profundidad que evoca momentos de paz rodeados de flores. Este tr\u00edo posee un coraz\u00f3n c\u00e1lido y sensual que fusiona la feminidad tradicional con la moderna.\u00a0<\/span><\/p>\n<p dir=\"ltr\"><span dir=\"auto\">Finalmente, las notas de fondo de \u00e1mbar gris, almizcle y vainilla le dan a la fragancia una calidez cremosa y un toque de sensualidad. El \u00e1mbar gris aporta un atractivo marino y cercano a la piel; el almizcle crea una atm\u00f3sfera m\u00e1s \u00edntima y profunda; y la vainilla a\u00f1ade dulzura y confort que perduran en la memoria. Combinadas, crean un fondo seductor y duradero que transforma la fragancia de la elegancia diurna al atractivo nocturno.<\/span><\/p>\n<ul>\n<li dir=\"ltr\"><strong><span dir=\"auto\">Notas de salida:<\/span><\/strong> l<span dir=\"auto\">ichi, frutos rojos, ruibarbo.<\/span><\/li>\n<li dir=\"ltr\"><strong><span dir=\"auto\">Notas de coraz\u00f3n:<\/span><\/strong> m<span dir=\"auto\">adera de cedro, incienso, rosa.<\/span><\/li>\n<li dir=\"ltr\"><strong><span dir=\"auto\">Notas de fondo:<\/span><\/strong> \u00e1<span dir=\"auto\">mbar gris, almizcle, vainilla.<\/span><\/li>\n<\/ul>\n","protected":false},"excerpt":{"rendered":"<p>HAWAS DIVA Es una fragancia afrutada y amaderada para mujer. Este perfume est\u00e1 pensado para la mujer moderna que busca<\/p>\n","protected":false},"featured_media":102334,"comment_status":"open","ping_status":"closed","template":"","meta":{"nf_dc_page":""},"product_brand":[116],"product_cat":[84],"product_tag":[3509],"class_list":{"0":"post-102333","1":"product","2":"type-product","3":"status-publish","4":"has-post-thumbnail","6":"product_brand-rasasi","7":"product_cat-perfumeria","8":"product_tag-3509","10":"first","11":"instock","12":"shipping-taxable","13":"purchasable","14":"product-type-simple"},"_links":{"self":[{"href":"https:\/\/brandss.com.py\/index\/wp-json\/wp\/v2\/product\/102333","targetHints":{"allow":["GET"]}}],"collection":[{"href":"https:\/\/brandss.com.py\/index\/wp-json\/wp\/v2\/product"}],"about":[{"href":"https:\/\/brandss.com.py\/index\/wp-json\/wp\/v2\/types\/product"}],"replies":[{"embeddable":true,"href":"https:\/\/brandss.com.py\/index\/wp-json\/wp\/v2\/comments?post=102333"}],"version-history":[{"count":1,"href":"https:\/\/brandss.com.py\/index\/wp-json\/wp\/v2\/product\/102333\/revisions"}],"predecessor-version":[{"id":102341,"href":"https:\/\/brandss.com.py\/index\/wp-json\/wp\/v2\/product\/102333\/revisions\/102341"}],"wp:featuredmedia":[{"embeddable":true,"href":"https:\/\/brandss.com.py\/index\/wp-json\/wp\/v2\/media\/102334"}],"wp:attachment":[{"href":"https:\/\/brandss.com.py\/index\/wp-json\/wp\/v2\/media?parent=102333"}],"wp:term":[{"taxonomy":"product_brand","embeddable":true,"href":"https:\/\/brandss.com.py\/index\/wp-json\/wp\/v2\/product_brand?post=102333"},{"taxonomy":"product_cat","embeddable":true,"href":"https:\/\/brandss.com.py\/index\/wp-json\/wp\/v2\/product_cat?post=102333"},{"taxonomy":"product_tag","embeddable":true,"href":"https:\/\/brandss.com.py\/index\/wp-json\/wp\/v2\/product_tag?post=102333"}],"curies":[{"name":"wp","href":"https:\/\/api.w.org\/{rel}","templated":true}]}}