{"id":102348,"date":"2026-04-20T13:16:20","date_gmt":"2026-04-20T13:16:20","guid":{"rendered":"https:\/\/brandss.com.py\/index\/?post_type=product&#038;p=102348"},"modified":"2026-04-20T13:17:26","modified_gmt":"2026-04-20T13:17:26","slug":"mascara-capilar-sebastian-dark-oil-500ml","status":"publish","type":"product","link":"https:\/\/brandss.com.py\/index\/producto\/mascara-capilar-sebastian-dark-oil-500ml\/","title":{"rendered":"M\u00c1SCARA CAPILAR SEBASTIAN DARK OIL 500ML"},"content":{"rendered":"<p><img loading=\"lazy\" decoding=\"async\" class=\"\" src=\"https:\/\/www.alexanderpaul.edu\/wp-content\/uploads\/2018\/12\/sebastian-logo.png\" alt=\"sebastian-logo | Alexander Paul Institute of Hair Design\" width=\"92\" height=\"46\" \/><\/p>\n<h1>DARK OIL<\/h1>\n<p>\u00a1Descubre la magia de tu cabello con la mascarilla Sebastian Dark Oil! Siente la transformaci\u00f3n instant\u00e1nea en tu melena con esta f\u00f3rmula rica en aceites preciosos que nutren profundamente sin apelmazarlo. \u00a1Dile adi\u00f3s al frizz y al cabello opaco!<img loading=\"lazy\" decoding=\"async\" class=\"alignleft\" src=\"https:\/\/lyko.com\/globalassets\/product-images\/sebastian-dark-oil-lightweight-mask-500ml-1280-368-0500_2.jpg?ref=B0B9DBA356&amp;w=960&amp;h=960&amp;mode=max&amp;quality=75&amp;format=webp\" width=\"710\" height=\"710\" \/><\/p>\n<p>La mascarilla Sebastian Dark Oil revitaliza cada mech\u00f3n, proporcionando un brillo intenso y una suavidad incomparable. Un cabello m\u00e1s sano y radiante nunca hab\u00eda estado tan a tu alcance. \u00a1Pru\u00e9bala ahora y siente la diferencia!<\/p>\n<h3><\/h3>\n<h3><strong>Ingredientes claves<\/strong><\/h3>\n<p>&nbsp;<\/p>\n<ul>\n<li><strong>Mezcla de aceites nutritivos<\/strong>: Proporciona una nutrici\u00f3n intensa y un brillo luminoso.<\/li>\n<li><strong>Agentes acondicionadores<\/strong>: Alisan la fibra y mejoran la manejabilidad.<\/li>\n<\/ul>\n<h3><\/h3>\n<h3><span dir=\"auto\">Beneficios\u00a0<\/span><\/h3>\n<p>&nbsp;<\/p>\n<ul>\n<li><span dir=\"auto\"><strong>Hidrataci\u00f3n profunda:<\/strong> Repone la humedad perdida, dejando el cabello suave y revitalizado.<\/span><\/li>\n<li><span dir=\"auto\"><strong>Brillo intenso:<\/strong> Realza el brillo natural del cabello, proporcionando un aspecto radiante.<\/span><\/li>\n<li><span dir=\"auto\"><strong>Nutrici\u00f3n:<\/strong> Fortalece el cabello, reduciendo la rotura y las puntas abiertas.<\/span><\/li>\n<li><span dir=\"auto\"><strong>Protecci\u00f3n:<\/strong> Crea una barrera protectora contra los da\u00f1os causados \u200b\u200bpor agentes externos.<\/span><\/li>\n<li><span dir=\"auto\"><strong>Ligereza:<\/strong> No apelmaza el cabello, proporcionando un movimiento natural y suelto.<\/span><\/li>\n<\/ul>\n<h3><\/h3>\n<h3><strong>Modo de uso<\/strong><\/h3>\n<div class=\"woocommerce-product-details__short-description\">\n<ol>\n<li><span style=\"font-family: arial, helvetica, sans-serif\">Lavar con shampoo y aclarar.<\/span><\/li>\n<li>Secar el cabello con una toalla para eliminar el exceso de agua.<\/li>\n<li>Aplicar distribuyendo por el cabello. Dejar actuar entre 2 a 5 minutos.<\/li>\n<li>Aclarar con abundante agua.<\/li>\n<\/ol>\n<\/div>\n","protected":false},"excerpt":{"rendered":"<p>DARK OIL \u00a1Descubre la magia de tu cabello con la mascarilla Sebastian Dark Oil! Siente la transformaci\u00f3n instant\u00e1nea en tu<\/p>\n","protected":false},"featured_media":102349,"comment_status":"open","ping_status":"closed","template":"","meta":{"nf_dc_page":""},"product_brand":[1330],"product_cat":[85],"product_tag":[3513],"class_list":{"0":"post-102348","1":"product","2":"type-product","3":"status-publish","4":"has-post-thumbnail","6":"product_brand-sebastian-profesional","7":"product_cat-cosmeticos","8":"product_tag-3513","10":"first","11":"instock","12":"shipping-taxable","13":"purchasable","14":"product-type-simple"},"_links":{"self":[{"href":"https:\/\/brandss.com.py\/index\/wp-json\/wp\/v2\/product\/102348","targetHints":{"allow":["GET"]}}],"collection":[{"href":"https:\/\/brandss.com.py\/index\/wp-json\/wp\/v2\/product"}],"about":[{"href":"https:\/\/brandss.com.py\/index\/wp-json\/wp\/v2\/types\/product"}],"replies":[{"embeddable":true,"href":"https:\/\/brandss.com.py\/index\/wp-json\/wp\/v2\/comments?post=102348"}],"version-history":[{"count":2,"href":"https:\/\/brandss.com.py\/index\/wp-json\/wp\/v2\/product\/102348\/revisions"}],"predecessor-version":[{"id":102357,"href":"https:\/\/brandss.com.py\/index\/wp-json\/wp\/v2\/product\/102348\/revisions\/102357"}],"wp:featuredmedia":[{"embeddable":true,"href":"https:\/\/brandss.com.py\/index\/wp-json\/wp\/v2\/media\/102349"}],"wp:attachment":[{"href":"https:\/\/brandss.com.py\/index\/wp-json\/wp\/v2\/media?parent=102348"}],"wp:term":[{"taxonomy":"product_brand","embeddable":true,"href":"https:\/\/brandss.com.py\/index\/wp-json\/wp\/v2\/product_brand?post=102348"},{"taxonomy":"product_cat","embeddable":true,"href":"https:\/\/brandss.com.py\/index\/wp-json\/wp\/v2\/product_cat?post=102348"},{"taxonomy":"product_tag","embeddable":true,"href":"https:\/\/brandss.com.py\/index\/wp-json\/wp\/v2\/product_tag?post=102348"}],"curies":[{"name":"wp","href":"https:\/\/api.w.org\/{rel}","templated":true}]}}